{"id":1639,"date":"2022-09-29T19:13:54","date_gmt":"2022-09-30T00:13:54","guid":{"rendered":"http:\/\/www.tyrellchemical.com\/vertriebspartner\/"},"modified":"2025-08-22T09:24:56","modified_gmt":"2025-08-22T14:24:56","slug":"vertriebspartner","status":"publish","type":"page","link":"https:\/\/www.tyrellchemical.com\/de\/vertriebspartner\/","title":{"rendered":"Vertriebspartner"},"content":{"rendered":"<p>[et_pb_section fb_built=&#8220;1&#8243; _builder_version=&#8220;4.18.0&#8243; _module_preset=&#8220;default&#8220; background_image=&#8220;https:\/\/www.tyrellchemical.com\/wp-content\/uploads\/2022\/10\/TyrellChemical_baja.jpg&#8220; background_position=&#8220;bottom_center&#8220; min_height=&#8220;80vh&#8220; custom_margin=&#8220;||0px||false|false&#8220; custom_padding=&#8220;||0px||false|false&#8220; custom_css_main_element=&#8220;display:flex;||flex-direction:column;||align-content:flex-end;||align-items:flex-end&#8220; border_color_bottom=&#8220;#FFFFFF&#8220; locked=&#8220;off&#8220; global_colors_info=&#8220;{}&#8220; custom_padding__hover_enabled=&#8220;off|desktop&#8220;][et_pb_row _builder_version=&#8220;4.18.0&#8243; _module_preset=&#8220;default&#8220; width=&#8220;90%&#8220; max_width=&#8220;2560px&#8220; global_colors_info=&#8220;{}&#8220;][et_pb_column type=&#8220;4_4&#8243; _builder_version=&#8220;4.18.0&#8243; _module_preset=&#8220;default&#8220; global_colors_info=&#8220;{}&#8220;][et_pb_text _builder_version=&#8220;4.18.0&#8243; _module_preset=&#8220;default&#8220; header_2_font=&#8220;Muller Bold|700|||||||&#8220; header_2_text_color=&#8220;#FFFFFF&#8220; header_2_font_size=&#8220;52px&#8220; custom_margin=&#8220;||20px||false|false&#8220; custom_padding=&#8220;||0px||false|false&#8220; header_2_font_size_tablet=&#8220;52px&#8220; header_2_font_size_phone=&#8220;40px&#8220; header_2_font_size_last_edited=&#8220;on|phone&#8220; locked=&#8220;off&#8220; global_colors_info=&#8220;{}&#8220;]<\/p>\n<h2><b>Vertriebspartner<\/b><\/h2>\n<p>[\/et_pb_text][\/et_pb_column][\/et_pb_row][et_pb_row custom_padding_last_edited=&#8220;on|phone&#8220; _builder_version=&#8220;4.18.0&#8243; _module_preset=&#8220;default&#8220; background_color=&#8220;#FFFFFF&#8220; width=&#8220;40%&#8220; width_tablet=&#8220;60%&#8220; width_phone=&#8220;90%&#8220; width_last_edited=&#8220;on|tablet&#8220; max_width=&#8220;2560px&#8220; module_alignment=&#8220;right&#8220; custom_margin=&#8220;||0px||false|false&#8220; custom_padding=&#8220;50px|50px|50px|50px|true|true&#8220; custom_padding_tablet=&#8220;50px|50px|50px|50px|true|true&#8220; custom_padding_phone=&#8220;30px|20px|30px|20px|true|true&#8220; global_colors_info=&#8220;{}&#8220;][et_pb_column type=&#8220;4_4&#8243; _builder_version=&#8220;4.18.0&#8243; _module_preset=&#8220;default&#8220; global_colors_info=&#8220;{}&#8220;][et_pb_text _builder_version=&#8220;4.18.0&#8243; _module_preset=&#8220;default&#8220; text_font=&#8220;Muller Regular||||||||&#8220; text_text_color=&#8220;#333333&#8243; text_font_size=&#8220;20px&#8220; header_2_font=&#8220;Muller Bold|700|||||||&#8220; header_2_text_color=&#8220;#25B2EE&#8220; header_2_font_size=&#8220;25px&#8220; header_5_font=&#8220;Muller Bold|700|||||||&#8220; header_5_text_color=&#8220;#25B2EE&#8220; header_5_font_size=&#8220;20px&#8220; text_font_size_tablet=&#8220;20px&#8220; text_font_size_phone=&#8220;18px&#8220; text_font_size_last_edited=&#8220;on|phone&#8220; locked=&#8220;off&#8220; global_colors_info=&#8220;{}&#8220;]<\/p>\n<p>Wir sind stolz darauf, unser Netzwerk von qualifizierten H\u00e4ndlern zu unterst\u00fctzen. F\u00fcr Endverbraucher mit etablierten Beschaffungsprozessen k\u00f6nnen wir unsere Produkte gerne \u00fcber Ihre zugelassenen Partner anbieten. Bitte z\u00f6gern Sie nicht, sich an uns zu wenden, wenn Sie Hilfe ben\u00f6tigen.<\/p>\n<p>[\/et_pb_text][\/et_pb_column][\/et_pb_row][\/et_pb_section]<\/p>\n","protected":false},"excerpt":{"rendered":"<p>VertriebspartnerWir sind stolz darauf, unser Netzwerk von qualifizierten H\u00e4ndlern zu unterst\u00fctzen. F\u00fcr Endverbraucher mit etablierten Beschaffungsprozessen k\u00f6nnen wir unsere Produkte gerne \u00fcber Ihre zugelassenen Partner anbieten. Bitte z\u00f6gern Sie nicht, sich an uns zu wenden, wenn Sie Hilfe ben\u00f6tigen.<\/p>\n","protected":false},"author":1,"featured_media":0,"parent":0,"menu_order":0,"comment_status":"closed","ping_status":"closed","template":"","meta":{"_et_pb_use_builder":"on","_et_pb_old_content":"","_et_gb_content_width":"","footnotes":""},"class_list":["post-1639","page","type-page","status-publish","hentry"],"_links":{"self":[{"href":"https:\/\/www.tyrellchemical.com\/de\/wp-json\/wp\/v2\/pages\/1639"}],"collection":[{"href":"https:\/\/www.tyrellchemical.com\/de\/wp-json\/wp\/v2\/pages"}],"about":[{"href":"https:\/\/www.tyrellchemical.com\/de\/wp-json\/wp\/v2\/types\/page"}],"author":[{"embeddable":true,"href":"https:\/\/www.tyrellchemical.com\/de\/wp-json\/wp\/v2\/users\/1"}],"replies":[{"embeddable":true,"href":"https:\/\/www.tyrellchemical.com\/de\/wp-json\/wp\/v2\/comments?post=1639"}],"version-history":[{"count":14,"href":"https:\/\/www.tyrellchemical.com\/de\/wp-json\/wp\/v2\/pages\/1639\/revisions"}],"predecessor-version":[{"id":3343,"href":"https:\/\/www.tyrellchemical.com\/de\/wp-json\/wp\/v2\/pages\/1639\/revisions\/3343"}],"wp:attachment":[{"href":"https:\/\/www.tyrellchemical.com\/de\/wp-json\/wp\/v2\/media?parent=1639"}],"curies":[{"name":"wp","href":"https:\/\/api.w.org\/{rel}","templated":true}]}}