{"id":1833,"date":"2022-10-07T16:56:09","date_gmt":"2022-10-07T16:56:09","guid":{"rendered":"http:\/\/www.tyrellchemical.com\/htn-waermeuebertragungsfluessigkeiten\/"},"modified":"2022-11-24T21:38:34","modified_gmt":"2022-11-24T21:38:34","slug":"htn-waermeuebertragungsfluessigkeiten","status":"publish","type":"page","link":"https:\/\/www.tyrellchemical.com\/de\/htn-waermeuebertragungsfluessigkeiten\/","title":{"rendered":"HTN W\u00e4rme\u00fcbertragungsfl\u00fcssigkeiten"},"content":{"rendered":"<p>[et_pb_section fb_built=&#8220;1&#8243; _builder_version=&#8220;4.18.0&#8243; _module_preset=&#8220;default&#8220; background_color=&#8220;#FFFFFF&#8220; background_image=&#8220;http:\/\/www.tyrellchemical.com\/wp-content\/uploads\/2022\/10\/img-e1664700739234.jpg&#8220; background_size=&#8220;custom&#8220; background_image_width=&#8220;50%&#8220; background_position=&#8220;center_right&#8220; min_height=&#8220;50vh&#8220; min_height_tablet=&#8220;50vh&#8220; min_height_phone=&#8220;20vh&#8220; min_height_last_edited=&#8220;on|phone&#8220; background_last_edited=&#8220;on|phone&#8220; background_image_width_tablet=&#8220;40%&#8220; background_image_width_phone=&#8220;45%&#8220; background_position_phone=&#8220;top_right&#8220; background_horizontal_offset_phone=&#8220;0%&#8220; module_alignment_tablet=&#8220;&#8220; module_alignment_phone=&#8220;&#8220; module_alignment_last_edited=&#8220;on|tablet&#8220; custom_css_main_element=&#8220;display:flex;||margin:auto;&#8220; locked=&#8220;off&#8220; global_colors_info=&#8220;{}&#8220;][et_pb_row _builder_version=&#8220;4.18.0&#8243; _module_preset=&#8220;default&#8220; width=&#8220;90%&#8220; max_width=&#8220;2560px&#8220; global_colors_info=&#8220;{}&#8220;][et_pb_column type=&#8220;4_4&#8243; _builder_version=&#8220;4.18.0&#8243; _module_preset=&#8220;default&#8220; global_colors_info=&#8220;{}&#8220;][et_pb_text content_tablet=&#8220;<\/p>\n<h2><b><span style=%22color: #25b2ee;%22>HTN<\/span> W\u00e4rme  <br \/>Transferfl\u00fcssigkeiten<\/b><\/h2>\n<p>&#8220; content_phone=&#8220;<\/p>\n<h2><b><span style=%22color: #25b2ee;%22>HTN <\/span>W\u00e4rme  <br \/>Transferfl\u00fcssigkeiten<\/b><\/h2>\n<p>&#8220; content_last_edited=&#8220;on|phone&#8220; _builder_version=&#8220;4.18.0&#8243; _module_preset=&#8220;default&#8220; header_2_font=&#8220;Muller Bold|700|||||||&#8220; header_2_text_color=&#8220;#083DAD&#8220; header_2_font_size=&#8220;52px&#8220; animation_style=&#8220;slide&#8220; animation_direction=&#8220;bottom&#8220; header_2_font_size_tablet=&#8220;52px&#8220; header_2_font_size_phone=&#8220;40px&#8220; header_2_font_size_last_edited=&#8220;on|tablet&#8220; global_colors_info=&#8220;{}&#8220;]<\/p>\n<h2><b><span style=\"color: #25b2ee;\">HTN<\/span> W\u00e4rme\u00fcbertragungsfl\u00fcssigkeiten<\/b><\/h2>\n<p>[\/et_pb_text][\/et_pb_column][\/et_pb_row][\/et_pb_section][et_pb_section fb_built=&#8220;1&#8243; specialty=&#8220;on&#8220; custom_padding_last_edited=&#8220;on|phone&#8220; custom_css_main_1=&#8220;width:20%!important&#8220; custom_css_main_2=&#8220;width:70%!important&#8220; module_class=&#8220;ht&#8220; _builder_version=&#8220;4.18.0&#8243; _module_preset=&#8220;default&#8220; custom_margin=&#8220;||50px||false|false&#8220; custom_margin_tablet=&#8220;||50px||false|false&#8220; custom_margin_phone=&#8220;0px||||false|false&#8220; custom_margin_last_edited=&#8220;on|phone&#8220; custom_padding=&#8220;||0px||false|false&#8220; custom_padding_tablet=&#8220;||0px||false|false&#8220; custom_padding_phone=&#8220;0px||||false|false&#8220; global_colors_info=&#8220;{}&#8220;][et_pb_column type=&#8220;1_4&#8243; _builder_version=&#8220;4.16&#8243; custom_padding=&#8220;|||&#8220; global_colors_info=&#8220;{}&#8220; custom_padding__hover=&#8220;|||&#8220;][et_pb_menu menu_id=&#8220;5&#8243; active_link_color=&#8220;#FFFFFF&#8220; disabled_on=&#8220;on|on|off&#8220; module_class=&#8220;pa-vertical-menu &#8220; _builder_version=&#8220;4.19.0&#8243; _module_preset=&#8220;default&#8220; menu_font=&#8220;Muller Bold|700|||||||&#8220; menu_text_color=&#8220;#000000&#8243; menu_font_size=&#8220;12px&#8220; menu_line_height=&#8220;18px&#8220; background_color=&#8220;rgba(255,255,255,0)&#8220; sticky_position=&#8220;top&#8220; sticky_limit_bottom=&#8220;section&#8220; hover_enabled=&#8220;0&#8243; global_colors_info=&#8220;{}&#8220; active_link_color__hover_enabled=&#8220;on|desktop&#8220; active_link_color__hover=&#8220;#FFFFFF&#8220; menu_text_color__hover_enabled=&#8220;on|hover&#8220; menu_text_color__hover=&#8220;#FFFFFF&#8220; menu_font_size__hover_enabled=&#8220;on|hover&#8220; menu_font_size__hover=&#8220;18px&#8220; sticky_enabled=&#8220;0&#8243;][\/et_pb_menu][\/et_pb_column][et_pb_column type=&#8220;3_4&#8243; specialty_columns=&#8220;3&#8243; _builder_version=&#8220;4.16&#8243; custom_padding=&#8220;|||&#8220; global_colors_info=&#8220;{}&#8220; custom_padding__hover=&#8220;|||&#8220;][et_pb_row_inner _builder_version=&#8220;4.18.0&#8243; _module_preset=&#8220;default&#8220; custom_padding=&#8220;|10px||10px|false|true&#8220; global_colors_info=&#8220;{}&#8220;][et_pb_column_inner saved_specialty_column_type=&#8220;3_4&#8243; _builder_version=&#8220;4.18.0&#8243; _module_preset=&#8220;default&#8220; global_colors_info=&#8220;{}&#8220;][et_pb_text _builder_version=&#8220;4.18.0&#8243; _module_preset=&#8220;default&#8220; text_font=&#8220;Muller Regular||||||||&#8220; text_text_color=&#8220;#333333&#8243; text_font_size=&#8220;16px&#8220; global_colors_info=&#8220;{}&#8220;]<\/p>\n<p><span style=\"font-weight: 400;\">HTN-Fl\u00fcssigkeiten sind inerte, dielektrische, nicht brennbare Hydrofluorether (HFE)-W\u00e4rme\u00fcbertragungsfl\u00fcssigkeiten. In W\u00e4rme\u00fcbertragungsanwendungen haben HTN-Fl\u00fcssigkeiten ein geringes Treibhauspotenzial und sind eine gute Alternative zu Perfluorkohlenwasserstoffen und Perfluorpolyethern.  <\/span><\/p>\n<p>[\/et_pb_text][\/et_pb_column_inner][\/et_pb_row_inner][et_pb_row_inner module_id=&#8220;aplication-areas&#8220; module_class=&#8220;ps2id&#8220; _builder_version=&#8220;4.18.0&#8243; _module_preset=&#8220;default&#8220; background_enable_color=&#8220;off&#8220; custom_padding=&#8220;||||false|true&#8220; global_colors_info=&#8220;{}&#8220;][et_pb_column_inner saved_specialty_column_type=&#8220;3_4&#8243; _builder_version=&#8220;4.18.0&#8243; _module_preset=&#8220;default&#8220; global_colors_info=&#8220;{}&#8220;][et_pb_text _builder_version=&#8220;4.18.0&#8243; _module_preset=&#8220;default&#8220; header_2_text_color=&#8220;#083DAD&#8220; background_color=&#8220;#f7f7f7&#8243; custom_margin=&#8220;||10px||false|false&#8220; custom_padding=&#8220;25px|10px|20px|10px|false|true&#8220; global_colors_info=&#8220;{}&#8220;]<\/p>\n<h2><b>Anwendungsbereiche<\/b><\/h2>\n<p>[\/et_pb_text][et_pb_text _builder_version=&#8220;4.18.0&#8243; _module_preset=&#8220;default&#8220; text_font=&#8220;Muller Regular||||||||&#8220; text_text_color=&#8220;#333333&#8243; text_font_size=&#8220;16px&#8220; custom_padding=&#8220;|10px||10px|false|true&#8220; global_colors_info=&#8220;{}&#8220;]<\/p>\n<ul>\n<li style=\"font-weight: 400;\" aria-level=\"1\"><span style=\"font-weight: 400;\">K\u00fchlung von Computern, Transformatoren und Elektronik  <\/span><\/li>\n<li style=\"font-weight: 400;\" aria-level=\"1\"><span style=\"font-weight: 400;\">Industrielle\/chemische Fertigung  <\/span><\/li>\n<li style=\"font-weight: 400;\" aria-level=\"1\"><span style=\"font-weight: 400;\">Pharmazeutische Herstellung  <\/span><\/li>\n<li style=\"font-weight: 400;\" aria-level=\"1\"><span style=\"font-weight: 400;\">Herstellung von Halbleitern  <\/span><\/li>\n<li style=\"font-weight: 400;\" aria-level=\"1\"><span style=\"font-weight: 400;\">K\u00fchlung der Pr\u00fcfger\u00e4te  <\/span><\/li>\n<\/ul>\n<p>[\/et_pb_text][\/et_pb_column_inner][\/et_pb_row_inner][et_pb_row_inner module_id=&#8220;properties&#8220; module_class=&#8220;ps2id&#8220; _builder_version=&#8220;4.18.0&#8243; _module_preset=&#8220;default&#8220; background_enable_color=&#8220;off&#8220; custom_padding=&#8220;||||false|true&#8220; global_colors_info=&#8220;{}&#8220;][et_pb_column_inner saved_specialty_column_type=&#8220;3_4&#8243; _builder_version=&#8220;4.18.0&#8243; _module_preset=&#8220;default&#8220; global_colors_info=&#8220;{}&#8220;][et_pb_text _builder_version=&#8220;4.18.0&#8243; _module_preset=&#8220;default&#8220; header_2_text_color=&#8220;#083DAD&#8220; background_color=&#8220;#f7f7f7&#8243; custom_margin=&#8220;||10px||false|false&#8220; custom_padding=&#8220;25px|10px|20px|10px|false|true&#8220; global_colors_info=&#8220;{}&#8220;]<\/p>\n<h2><b>Eigenschaften und Anwendungsvorteile<br \/><\/b><\/h2>\n<p>[\/et_pb_text][et_pb_text _builder_version=&#8220;4.18.0&#8243; _module_preset=&#8220;default&#8220; text_font=&#8220;Muller Regular||||||||&#8220; text_text_color=&#8220;#333333&#8243; text_font_size=&#8220;16px&#8220; custom_padding=&#8220;|10px||10px|false|true&#8220; global_colors_info=&#8220;{}&#8220;]<\/p>\n<ul>\n<li style=\"font-weight: 400;\" aria-level=\"1\"><span style=\"font-weight: 400;\">Chemische und thermische Stabilit\u00e4t f\u00fcr konstante Leistung in der Halbleiterfertigung und im Supercomputing.  <\/span><\/li>\n<li style=\"font-weight: 400;\" aria-level=\"1\"><span style=\"font-weight: 400;\">Geringes Toxizit\u00e4tsprofil.  <\/span><\/li>\n<li style=\"font-weight: 400;\" aria-level=\"1\"><span style=\"font-weight: 400;\">Nicht brennbar f\u00fcr den Arbeitsschutz in der chemischen und pharmazeutischen Industrie.<\/span><span style=\"font-weight: 400;\"><\/span><\/li>\n<li style=\"font-weight: 400;\" aria-level=\"1\"><span style=\"font-weight: 400;\">Keine R\u00fcckst\u00e4nde und saubere Verdunstung.<\/span><\/li>\n<li style=\"font-weight: 400;\" aria-level=\"1\"><span style=\"font-weight: 400;\">Zuverl\u00e4ssige und konsistente K\u00fchlung durch Einphasen- und Zweiphasen-Tauchk\u00fchlung.  <\/span><\/li>\n<\/ul>\n<p>[\/et_pb_text][\/et_pb_column_inner][\/et_pb_row_inner][et_pb_row_inner module_id=&#8220;product&#8220; module_class=&#8220;ps2id&#8220; _builder_version=&#8220;4.18.0&#8243; _module_preset=&#8220;default&#8220; background_enable_color=&#8220;off&#8220; custom_padding=&#8220;||||false|true&#8220; global_colors_info=&#8220;{}&#8220;][et_pb_column_inner saved_specialty_column_type=&#8220;3_4&#8243; _builder_version=&#8220;4.18.0&#8243; _module_preset=&#8220;default&#8220; global_colors_info=&#8220;{}&#8220;][et_pb_text _builder_version=&#8220;4.18.0&#8243; _module_preset=&#8220;default&#8220; header_2_text_color=&#8220;#083DAD&#8220; background_color=&#8220;#f7f7f7&#8243; custom_margin=&#8220;||10px||false|false&#8220; custom_padding=&#8220;25px|10px|20px|10px|false|true&#8220; global_colors_info=&#8220;{}&#8220;]<\/p>\n<h2><b>Details zum Produkt<br \/><\/b><\/h2>\n<p>[\/et_pb_text][et_pb_image src=&#8220;http:\/\/www.tyrellchemical.com\/wp-content\/uploads\/2022\/10\/product-detail-htn-480&#215;261-1.jpg&#8220; title_text=&#8220;product-detail-htn-480&#215;261&#8243; show_in_lightbox=&#8220;on&#8220; align=&#8220;center&#8220; _builder_version=&#8220;4.18.0&#8243; _module_preset=&#8220;default&#8220; custom_margin=&#8220;||||false|false&#8220; custom_padding=&#8220;20px||||false|false&#8220; global_colors_info=&#8220;{}&#8220;][\/et_pb_image][et_pb_image src=&#8220;http:\/\/www.tyrellchemical.com\/wp-content\/uploads\/2022\/10\/cuadro-htn-3-scaled.jpg&#8220; title_text=&#8220;cuadro-htn-3&#8243; show_in_lightbox=&#8220;on&#8220; align=&#8220;center&#8220; _builder_version=&#8220;4.18.0&#8243; _module_preset=&#8220;default&#8220; background_color=&#8220;#FFFFFF&#8220; custom_margin=&#8220;||||false|false&#8220; custom_padding=&#8220;||||false|false&#8220; global_colors_info=&#8220;{}&#8220;][\/et_pb_image][\/et_pb_column_inner][\/et_pb_row_inner][et_pb_row_inner module_id=&#8220;material&#8220; module_class=&#8220;ps2id&#8220; _builder_version=&#8220;4.18.0&#8243; _module_preset=&#8220;default&#8220; background_enable_color=&#8220;off&#8220; custom_padding=&#8220;0px||||false|true&#8220; global_colors_info=&#8220;{}&#8220;][et_pb_column_inner saved_specialty_column_type=&#8220;3_4&#8243; _builder_version=&#8220;4.18.0&#8243; _module_preset=&#8220;default&#8220; global_colors_info=&#8220;{}&#8220;][et_pb_text _builder_version=&#8220;4.18.0&#8243; _module_preset=&#8220;default&#8220; header_2_text_color=&#8220;#083DAD&#8220; background_color=&#8220;#f7f7f7&#8243; custom_margin=&#8220;||10px||false|false&#8220; custom_padding=&#8220;25px|10px|20px|10px|false|true&#8220; global_colors_info=&#8220;{}&#8220;]<\/p>\n<h2><b>Kompatibilit\u00e4t der Materialien<\/b><\/h2>\n<p>[\/et_pb_text][et_pb_text _builder_version=&#8220;4.18.0&#8243; _module_preset=&#8220;default&#8220; text_font=&#8220;Muller Regular||||||||&#8220; text_text_color=&#8220;#333333&#8243; text_font_size=&#8220;16px&#8220; custom_padding=&#8220;|10px||10px|false|true&#8220; global_colors_info=&#8220;{}&#8220;]<\/p>\n<p><span style=\"font-weight: 400;\">HTN-Fl\u00fcssigkeiten neigen dazu, Weichmacher aus Elastomeren zu extrahieren. Wir empfehlen die Verwendung von Elastomeren mit geringem Weichmacheranteil wie Butyl, EPDM und EPR. Kompatibel mit den meisten Kunststoffen und elektronischen Ger\u00e4ten.  <\/span><\/p>\n<p>[\/et_pb_text][\/et_pb_column_inner][\/et_pb_row_inner][et_pb_row_inner module_id=&#8220;safety&#8220; module_class=&#8220;ps2id&#8220; _builder_version=&#8220;4.18.0&#8243; _module_preset=&#8220;default&#8220; background_enable_color=&#8220;off&#8220; custom_padding=&#8220;0px||||false|true&#8220; global_colors_info=&#8220;{}&#8220;][et_pb_column_inner saved_specialty_column_type=&#8220;3_4&#8243; _builder_version=&#8220;4.18.0&#8243; _module_preset=&#8220;default&#8220; global_colors_info=&#8220;{}&#8220;][et_pb_text _builder_version=&#8220;4.18.0&#8243; _module_preset=&#8220;default&#8220; header_2_text_color=&#8220;#083DAD&#8220; background_color=&#8220;#f7f7f7&#8243; custom_margin=&#8220;||10px||false|false&#8220; custom_padding=&#8220;25px|10px|20px|10px|false|true&#8220; global_colors_info=&#8220;{}&#8220;]<\/p>\n<h2><b>Sicherheitsprofil<\/b><\/h2>\n<p>[\/et_pb_text][et_pb_text _builder_version=&#8220;4.18.0&#8243; _module_preset=&#8220;default&#8220; text_font=&#8220;Muller Regular||||||||&#8220; text_text_color=&#8220;#333333&#8243; text_font_size=&#8220;16px&#8220; custom_padding=&#8220;|10px||10px|false|true&#8220; global_colors_info=&#8220;{}&#8220;]<\/p>\n<p><span style=\"font-weight: 400;\">Die Sicherheit der Arbeitnehmer ist eines unserer Hauptanliegen. HTN-Fl\u00fcssigkeiten sind nicht entflammbar, und das allgemeine Toxizit\u00e4tsprofil ist gering. HTN-Fl\u00fcssigkeiten k\u00f6nnen die Haut und die Augen leicht reizen.  <\/span><\/p>\n<p><span style=\"font-weight: 400;\">Links zu technischen Datenbl\u00e4ttern:<\/span><\/p>\n<p>[\/et_pb_text][\/et_pb_column_inner][\/et_pb_row_inner][et_pb_row_inner module_id=&#8220;safety&#8220; module_class=&#8220;ps2id&#8220; _builder_version=&#8220;4.19.0&#8243; _module_preset=&#8220;default&#8220; background_enable_color=&#8220;off&#8220; custom_padding=&#8220;0px||||false|true&#8220; hover_enabled=&#8220;0&#8243; global_colors_info=&#8220;{}&#8220; sticky_enabled=&#8220;0&#8243;][et_pb_column_inner saved_specialty_column_type=&#8220;3_4&#8243; _builder_version=&#8220;4.19.0&#8243; _module_preset=&#8220;default&#8220; hover_enabled=&#8220;0&#8243; global_colors_info=&#8220;{}&#8220; custom_css_main_element=&#8220;display:flex!important;||width:100%!important;||flex-wrap:wrap&#8220; sticky_enabled=&#8220;0&#8243;][et_pb_button button_url=&#8220;http:\/\/www.tyrellchemical.com\/wp-content\/uploads\/2022\/10\/TM-HTN-100.pdf&#8220; url_new_window=&#8220;on&#8220; button_text=&#8220;TM-HTN-100  &#8220; _builder_version=&#8220;4.18.0&#8243; _module_preset=&#8220;default&#8220; custom_button=&#8220;on&#8220; button_text_size=&#8220;16px&#8220; button_text_color=&#8220;#FFFFFF&#8220; button_bg_color=&#8220;#083DAD&#8220; button_border_radius=&#8220;5px&#8220; button_font=&#8220;Muller Bold|700|||||||&#8220; button_icon=&#8220;&#x24;||divi||400&#8243; custom_margin=&#8220;||15px||false|false&#8220; custom_padding=&#8220;10px||||false|false&#8220; global_colors_info=&#8220;{}&#8220;][\/et_pb_button][et_pb_button button_url=&#8220;http:\/\/www.tyrellchemical.com\/wp-content\/uploads\/2022\/10\/TM-HTN-130.pdf&#8220; url_new_window=&#8220;on&#8220; button_text=&#8220;TM-HTN-130&#8243; _builder_version=&#8220;4.18.0&#8243; _module_preset=&#8220;default&#8220; custom_button=&#8220;on&#8220; button_text_size=&#8220;16px&#8220; button_text_color=&#8220;#FFFFFF&#8220; button_bg_color=&#8220;#083DAD&#8220; button_border_radius=&#8220;5px&#8220; button_font=&#8220;Muller Bold|700|||||||&#8220; button_icon=&#8220;&#x24;||divi||400&#8243; custom_margin=&#8220;||15px||false|false&#8220; custom_padding=&#8220;10px||||false|false&#8220; global_colors_info=&#8220;{}&#8220;][\/et_pb_button][et_pb_button button_url=&#8220;http:\/\/www.tyrellchemical.com\/wp-content\/uploads\/2022\/10\/TM-HTN-170.pdf&#8220; url_new_window=&#8220;on&#8220; button_text=&#8220;TM-HTN-170&#8243; _builder_version=&#8220;4.18.0&#8243; _module_preset=&#8220;default&#8220; custom_button=&#8220;on&#8220; button_text_size=&#8220;16px&#8220; button_text_color=&#8220;#FFFFFF&#8220; button_bg_color=&#8220;#083DAD&#8220; button_border_radius=&#8220;5px&#8220; button_font=&#8220;Muller Bold|700|||||||&#8220; button_icon=&#8220;&#x24;||divi||400&#8243; custom_margin=&#8220;||15px||false|false&#8220; custom_padding=&#8220;10px||||false|false&#8220; global_colors_info=&#8220;{}&#8220;][\/et_pb_button][\/et_pb_column_inner][\/et_pb_row_inner][\/et_pb_column][\/et_pb_section]<\/p>\n","protected":false},"excerpt":{"rendered":"<p>HTN W\u00e4rme\u00fcbertragungsfl\u00fcssigkeitenHTN-Fl\u00fcssigkeiten sind inerte, dielektrische, nicht brennbare Hydrofluorether (HFE)-W\u00e4rme\u00fcbertragungsfl\u00fcssigkeiten. In W\u00e4rme\u00fcbertragungsanwendungen haben HTN-Fl\u00fcssigkeiten ein geringes Treibhauspotenzial und sind eine gute Alternative zu Perfluorkohlenwasserstoffen und Perfluorpolyethern. Anwendungsbereiche K\u00fchlung von Computern, Transformatoren und Elektronik Industrielle\/chemische Fertigung Pharmazeutische Herstellung Herstellung von Halbleitern K\u00fchlung der Pr\u00fcfger\u00e4te Eigenschaften und Anwendungsvorteile Chemische und thermische Stabilit\u00e4t f\u00fcr konstante Leistung in der Halbleiterfertigung [&hellip;]<\/p>\n","protected":false},"author":1,"featured_media":0,"parent":0,"menu_order":0,"comment_status":"closed","ping_status":"closed","template":"","meta":{"_et_pb_use_builder":"on","_et_pb_old_content":"","_et_gb_content_width":"","footnotes":""},"class_list":["post-1833","page","type-page","status-publish","hentry"],"_links":{"self":[{"href":"https:\/\/www.tyrellchemical.com\/de\/wp-json\/wp\/v2\/pages\/1833"}],"collection":[{"href":"https:\/\/www.tyrellchemical.com\/de\/wp-json\/wp\/v2\/pages"}],"about":[{"href":"https:\/\/www.tyrellchemical.com\/de\/wp-json\/wp\/v2\/types\/page"}],"author":[{"embeddable":true,"href":"https:\/\/www.tyrellchemical.com\/de\/wp-json\/wp\/v2\/users\/1"}],"replies":[{"embeddable":true,"href":"https:\/\/www.tyrellchemical.com\/de\/wp-json\/wp\/v2\/comments?post=1833"}],"version-history":[{"count":17,"href":"https:\/\/www.tyrellchemical.com\/de\/wp-json\/wp\/v2\/pages\/1833\/revisions"}],"predecessor-version":[{"id":2642,"href":"https:\/\/www.tyrellchemical.com\/de\/wp-json\/wp\/v2\/pages\/1833\/revisions\/2642"}],"wp:attachment":[{"href":"https:\/\/www.tyrellchemical.com\/de\/wp-json\/wp\/v2\/media?parent=1833"}],"curies":[{"name":"wp","href":"https:\/\/api.w.org\/{rel}","templated":true}]}}