{"id":2227,"date":"2022-09-29T18:09:45","date_gmt":"2022-09-29T23:09:45","guid":{"rendered":"http:\/\/www.tyrellchemical.com\/unser-unternehmen\/"},"modified":"2022-12-01T05:31:18","modified_gmt":"2022-12-01T10:31:18","slug":"unser-unternehmen","status":"publish","type":"page","link":"https:\/\/www.tyrellchemical.com\/de\/unser-unternehmen\/","title":{"rendered":"Unser Unternehmen"},"content":{"rendered":"<p>[et_pb_section fb_built=&#8220;1&#8243; _builder_version=&#8220;4.18.0&#8243; _module_preset=&#8220;default&#8220; background_color=&#8220;#000000&#8243; use_background_color_gradient=&#8220;on&#8220; background_color_gradient_stops=&#8220;rgba(0,0,0,0.2) 0%|rgba(0,0,0,0.1) 100%&#8220; background_color_gradient_overlays_image=&#8220;on&#8220; background_image=&#8220;https:\/\/www.tyrellchemical.com\/wp-content\/uploads\/2022\/09\/about-us.jpg&#8220; min_height=&#8220;80vh&#8220; min_height_tablet=&#8220;50vh&#8220; min_height_phone=&#8220;50vh&#8220; min_height_last_edited=&#8220;on|phone&#8220; custom_css_main_element=&#8220;display:flex;||margin:auto;&#8220; global_colors_info=&#8220;{}&#8220;][et_pb_row _builder_version=&#8220;4.18.0&#8243; _module_preset=&#8220;default&#8220; width=&#8220;90%&#8220; max_width=&#8220;2560px&#8220; global_colors_info=&#8220;{}&#8220;][et_pb_column type=&#8220;4_4&#8243; _builder_version=&#8220;4.18.0&#8243; _module_preset=&#8220;default&#8220; global_colors_info=&#8220;{}&#8220;][et_pb_text content_tablet=&#8220;<\/p>\n<h2><b>Unser Unternehmen<\/b><\/h2>\n<p>&#8220; content_phone=&#8220;<\/p>\n<h2><b>Unser<br \/>Unternehmen<\/b><\/h2>\n<p>&#8220; content_last_edited=&#8220;on|phone&#8220; _builder_version=&#8220;4.18.0&#8243; _module_preset=&#8220;default&#8220; header_2_font=&#8220;Muller Bold|700|||||||&#8220; header_2_text_color=&#8220;#FFFFFF&#8220; header_2_font_size=&#8220;52px&#8220; animation_style=&#8220;slide&#8220; animation_direction=&#8220;bottom&#8220; header_2_font_size_tablet=&#8220;52px&#8220; header_2_font_size_phone=&#8220;40px&#8220; header_2_font_size_last_edited=&#8220;on|phone&#8220; global_colors_info=&#8220;{}&#8220;]<\/p>\n<h2><b>Unser Unternehmen<\/b><\/h2>\n<p>[\/et_pb_text][\/et_pb_column][\/et_pb_row][\/et_pb_section][et_pb_section fb_built=&#8220;1&#8243; _builder_version=&#8220;4.18.0&#8243; _module_preset=&#8220;default&#8220; background_color=&#8220;#FFFFFF&#8220; use_background_color_gradient=&#8220;on&#8220; background_color_gradient_direction=&#8220;90deg&#8220; background_color_gradient_stops=&#8220;#ffffff 22%|rgba(41,196,169,0) 24%&#8220; background_color_gradient_overlays_image=&#8220;on&#8220; background_image=&#8220;https:\/\/www.tyrellchemical.com\/wp-content\/uploads\/2022\/09\/28.jpg&#8220; background_position=&#8220;center_right&#8220; custom_margin=&#8220;50px||50px||false|false&#8220; custom_margin_tablet=&#8220;50px||50px||false|false&#8220; custom_margin_phone=&#8220;30px||30px||true|false&#8220; custom_margin_last_edited=&#8220;on|tablet&#8220; background_last_edited=&#8220;on|tablet&#8220; background_color_gradient_overlays_image_tablet=&#8220;off&#8220; background_size_tablet=&#8220;contain&#8220; background_position_tablet=&#8220;top_center&#8220; locked=&#8220;off&#8220; global_colors_info=&#8220;{}&#8220;][et_pb_row column_structure=&#8220;1_2,1_2&#8243; make_equal=&#8220;on&#8220; custom_padding_last_edited=&#8220;on|phone&#8220; _builder_version=&#8220;4.18.0&#8243; _module_preset=&#8220;default&#8220; width=&#8220;100%&#8220; width_tablet=&#8220;80%&#8220; width_phone=&#8220;80%&#8220; width_last_edited=&#8220;on|tablet&#8220; max_width=&#8220;2560px&#8220; custom_padding_tablet=&#8220;200px||||false|false&#8220; custom_padding_phone=&#8220;100px||||false|false&#8220; global_colors_info=&#8220;{}&#8220;][et_pb_column type=&#8220;1_2&#8243; _builder_version=&#8220;4.18.0&#8243; _module_preset=&#8220;default&#8220; background_color=&#8220;#FFFFFF&#8220; custom_padding=&#8220;70px|5%|70px|5%|true|false&#8220; custom_padding_tablet=&#8220;40px||40px||true|false&#8220; custom_padding_phone=&#8220;40px||40px||true|false&#8220; custom_padding_last_edited=&#8220;on|tablet&#8220; custom_css_main_element=&#8220;width:65%!important&#8220; box_shadow_style=&#8220;preset1&#8243; box_shadow_color=&#8220;rgba(0,0,0,0.5)&#8220; global_colors_info=&#8220;{}&#8220; custom_css_main_element_last_edited=&#8220;on|tablet&#8220; custom_css_main_element_tablet=&#8220;width:100%!important&#8220; custom_css_main_element_phone=&#8220;width:100%!important&#8220;][et_pb_text _builder_version=&#8220;4.18.0&#8243; _module_preset=&#8220;default&#8220; text_font=&#8220;Muller Regular||||||||&#8220; text_text_color=&#8220;#000000&#8243; text_font_size=&#8220;16px&#8220; header_2_font=&#8220;Muller Bold|700|||||||&#8220; header_2_text_align=&#8220;left&#8220; header_2_text_color=&#8220;#083dad&#8220; header_2_font_size=&#8220;38px&#8220; text_orientation=&#8220;center&#8220; custom_margin_tablet=&#8220;&#8220; custom_margin_phone=&#8220;||10px||false|false&#8220; custom_margin_last_edited=&#8220;on|phone&#8220; animation_style=&#8220;slide&#8220; animation_direction=&#8220;bottom&#8220; header_2_font_size_tablet=&#8220;38px&#8220; header_2_font_size_phone=&#8220;25px&#8220; header_2_font_size_last_edited=&#8220;on|phone&#8220; locked=&#8220;off&#8220; global_colors_info=&#8220;{}&#8220;]<\/p>\n<h2> <span style=\"color: #25b2ee;\">Verwandelte<\/span> Reaktionen<\/h2>\n<p>[\/et_pb_text][et_pb_text _builder_version=&#8220;4.18.0&#8243; _module_preset=&#8220;default&#8220; text_text_color=&#8220;#083DAD&#8220; text_font_size=&#8220;20px&#8220; header_2_font=&#8220;Muller Bold|700|||||||&#8220; header_2_text_color=&#8220;#25B2EE&#8220; header_2_font_size=&#8220;38px&#8220; custom_margin=&#8220;||10px||false|false&#8220; custom_padding=&#8220;||0px||false|false&#8220; text_font_size_tablet=&#8220;20px&#8220; text_font_size_phone=&#8220;18px&#8220; text_font_size_last_edited=&#8220;on|phone&#8220; locked=&#8220;off&#8220; global_colors_info=&#8220;{}&#8220;]<\/p>\n<p><b>Tyrell Chemical produziert gezielte L\u00f6sungen, um die Lieferkette f\u00fcr W\u00e4rme\u00fcbertragungsfl\u00fcssigkeiten zu unterst\u00fctzen und zu ver\u00e4ndern.<\/b><\/p>\n<p>[\/et_pb_text][et_pb_text _builder_version=&#8220;4.18.0&#8243; _module_preset=&#8220;default&#8220; text_font=&#8220;Muller Regular||||||||&#8220; text_text_color=&#8220;#333333&#8243; text_font_size=&#8220;16px&#8220; animation_style=&#8220;fade&#8220; animation_direction=&#8220;bottom&#8220; text_font_size_tablet=&#8220;16px&#8220; text_font_size_phone=&#8220;14px&#8220; text_font_size_last_edited=&#8220;on|phone&#8220; locked=&#8220;off&#8220; global_colors_info=&#8220;{}&#8220;]<\/p>\n<p><span style=\"font-weight: 400;\">Unser Unternehmen bietet eine breite Palette von W\u00e4rme\u00fcbertragungsfl\u00fcssigkeiten an, die in einem breiten Spektrum von Anwendungen und Bedingungen chemisch und thermisch stabil sind. Tyrell Chemical verf\u00fcgt \u00fcber jahrzehntelange Beziehungen zu Branchenexperten, die es uns erm\u00f6glichen, hochwertige branchenspezifische Chemikalien zu produzieren, um \u00e4hnliche Hersteller zu ersetzen oder eine Vielfalt in der Lieferkette zu erm\u00f6glichen. Unser Team besteht aus Mitarbeitern sowohl in den USA als auch im Ausland, so dass wir vor Ort t\u00e4tig sind und eine durchg\u00e4ngige Lieferkette haben. Ob aus unseren inl\u00e4ndischen Lagern oder direkt aus unserer Produktionsst\u00e4tte, Tyrell Chemical ist in der Lage, eine garantierte Versorgung sowohl im Inland als auch im Ausland zu liefern.<\/span><\/p>\n<p>[\/et_pb_text][\/et_pb_column][et_pb_column type=&#8220;1_2&#8243; _builder_version=&#8220;4.18.0&#8243; _module_preset=&#8220;default&#8220; background_enable_image=&#8220;off&#8220; global_colors_info=&#8220;{}&#8220;][\/et_pb_column][\/et_pb_row][\/et_pb_section][et_pb_section fb_built=&#8220;1&#8243; _builder_version=&#8220;4.19.2&#8243; _module_preset=&#8220;default&#8220; background_color=&#8220;#FFFFFF&#8220; use_background_color_gradient=&#8220;on&#8220; background_color_gradient_direction=&#8220;90deg&#8220; background_color_gradient_stops=&#8220;rgba(255,255,255,0) 70%|#ffffff 70%&#8220; background_color_gradient_overlays_image=&#8220;on&#8220; background_image=&#8220;https:\/\/www.tyrellchemical.com\/wp-content\/uploads\/2022\/09\/20.jpg&#8220; hover_enabled=&#8220;0&#8243; locked=&#8220;off&#8220; global_colors_info=&#8220;{}&#8220; title_text=&#8220;20&#8243; sticky_enabled=&#8220;0&#8243;][et_pb_row column_structure=&#8220;1_2,1_2&#8243; custom_padding_last_edited=&#8220;on|phone&#8220; _builder_version=&#8220;4.18.0&#8243; _module_preset=&#8220;default&#8220; width=&#8220;100%&#8220; max_width=&#8220;2560px&#8220; module_alignment=&#8220;right&#8220; custom_padding_tablet=&#8220;&#8220; custom_padding_phone=&#8220;||0px||false|false&#8220; global_colors_info=&#8220;{}&#8220;][et_pb_column type=&#8220;1_2&#8243; _builder_version=&#8220;4.16&#8243; _module_preset=&#8220;default&#8220; global_colors_info=&#8220;{}&#8220;][\/et_pb_column][et_pb_column type=&#8220;1_2&#8243; _builder_version=&#8220;4.18.0&#8243; _module_preset=&#8220;default&#8220; background_color=&#8220;#ffffff&#8220; custom_padding=&#8220;70px|5%|70px|5%|true|false&#8220; box_shadow_style=&#8220;preset1&#8243; box_shadow_color=&#8220;rgba(0,0,0,0.5)&#8220; global_colors_info=&#8220;{}&#8220;][et_pb_text _builder_version=&#8220;4.18.0&#8243; _module_preset=&#8220;default&#8220; text_font=&#8220;Muller Regular||||||||&#8220; text_text_color=&#8220;#000000&#8243; text_font_size=&#8220;16px&#8220; header_2_font=&#8220;Muller Bold|700|||||||&#8220; header_2_text_color=&#8220;#083dad&#8220; header_2_font_size=&#8220;38px&#8220; animation_style=&#8220;slide&#8220; animation_direction=&#8220;bottom&#8220; global_colors_info=&#8220;{}&#8220;]<\/p>\n<h2>Leitbild<\/h2>\n<p>[\/et_pb_text][et_pb_text _builder_version=&#8220;4.18.0&#8243; _module_preset=&#8220;default&#8220; text_font=&#8220;Muller Regular||||||||&#8220; text_text_color=&#8220;#333333&#8243; text_font_size=&#8220;16px&#8220; custom_padding=&#8220;||||false|false&#8220; animation_style=&#8220;fade&#8220; animation_direction=&#8220;left&#8220; global_colors_info=&#8220;{}&#8220;]Tyrell Chemical ist bestrebt, qualitativ hochwertige Chemikalien f\u00fcr spezielle Fertigungsanwendungen zu liefern. Wir verpflichten uns zu Qualit\u00e4tskontrollmanagement und umweltfreundlichen Praktiken und sind bestrebt, gezielte L\u00f6sungen anzubieten, die die Lieferketten f\u00fcr W\u00e4rmetr\u00e4gerfl\u00fcssigkeiten aufrechterhalten und diversifizieren.  [\/et_pb_text][\/et_pb_column][\/et_pb_row][\/et_pb_section]<\/p>\n","protected":false},"excerpt":{"rendered":"<p>Unser Unternehmen Verwandelte ReaktionenTyrell Chemical produziert gezielte L\u00f6sungen, um die Lieferkette f\u00fcr W\u00e4rme\u00fcbertragungsfl\u00fcssigkeiten zu unterst\u00fctzen und zu ver\u00e4ndern.Unser Unternehmen bietet eine breite Palette von W\u00e4rme\u00fcbertragungsfl\u00fcssigkeiten an, die in einem breiten Spektrum von Anwendungen und Bedingungen chemisch und thermisch stabil sind. Tyrell Chemical verf\u00fcgt \u00fcber jahrzehntelange Beziehungen zu Branchenexperten, die es uns erm\u00f6glichen, hochwertige branchenspezifische Chemikalien [&hellip;]<\/p>\n","protected":false},"author":1,"featured_media":0,"parent":0,"menu_order":0,"comment_status":"closed","ping_status":"closed","template":"","meta":{"_et_pb_use_builder":"on","_et_pb_old_content":"","_et_gb_content_width":"","footnotes":""},"class_list":["post-2227","page","type-page","status-publish","hentry"],"_links":{"self":[{"href":"https:\/\/www.tyrellchemical.com\/de\/wp-json\/wp\/v2\/pages\/2227"}],"collection":[{"href":"https:\/\/www.tyrellchemical.com\/de\/wp-json\/wp\/v2\/pages"}],"about":[{"href":"https:\/\/www.tyrellchemical.com\/de\/wp-json\/wp\/v2\/types\/page"}],"author":[{"embeddable":true,"href":"https:\/\/www.tyrellchemical.com\/de\/wp-json\/wp\/v2\/users\/1"}],"replies":[{"embeddable":true,"href":"https:\/\/www.tyrellchemical.com\/de\/wp-json\/wp\/v2\/comments?post=2227"}],"version-history":[{"count":10,"href":"https:\/\/www.tyrellchemical.com\/de\/wp-json\/wp\/v2\/pages\/2227\/revisions"}],"predecessor-version":[{"id":2899,"href":"https:\/\/www.tyrellchemical.com\/de\/wp-json\/wp\/v2\/pages\/2227\/revisions\/2899"}],"wp:attachment":[{"href":"https:\/\/www.tyrellchemical.com\/de\/wp-json\/wp\/v2\/media?parent=2227"}],"curies":[{"name":"wp","href":"https:\/\/api.w.org\/{rel}","templated":true}]}}