{"id":759,"date":"2022-09-30T06:39:08","date_gmt":"2022-09-30T06:39:08","guid":{"rendered":"http:\/\/www.tyrellchemical.com\/htf-fluidos-de-transferencia-de-calor\/"},"modified":"2022-11-24T21:38:34","modified_gmt":"2022-11-24T21:38:34","slug":"htf-fluidos-de-transferencia-de-calor","status":"publish","type":"page","link":"https:\/\/www.tyrellchemical.com\/es\/htf-fluidos-de-transferencia-de-calor\/","title":{"rendered":"HTF Fluidos de transferencia de calor"},"content":{"rendered":"<p>[et_pb_section fb_built=\u00bb1&#8243; _builder_version=\u00bb4.18.0&#8243; _module_preset=\u00bbdefault\u00bb background_color=\u00bb#FFFFFF\u00bb background_image=\u00bbhttp:\/\/www.tyrellchemical.com\/wp-content\/uploads\/2022\/10\/img-e1664700739234.jpg\u00bb background_size=\u00bbcustom\u00bb background_image_width=\u00bb50%\u00bb background_position=\u00bbcenter_right\u00bb min_height=\u00bb50vh\u00bb min_height_tablet=\u00bb50vh\u00bb min_height_phone=\u00bb20vh\u00bb min_height_last_edited=\u00bbon|phone\u00bb background_last_edited=\u00bbon|phone\u00bb background_image_width_tablet=\u00bb40%\u00bb background_image_width_phone=\u00bb45%\u00bb background_position_phone=\u00bbtop_right\u00bb background_horizontal_offset_phone=\u00bb0%\u00bb module_alignment_tablet=\u00bb\u00bb module_alignment_phone=\u00bb\u00bb module_alignment_last_edited=\u00bbon|tablet\u00bb custom_css_main_element=\u00bbdisplay:flex;||margin:auto;\u00bb locked=\u00bboff\u00bb global_colors_info=\u00bb{}\u00bb][et_pb_row _builder_version=\u00bb4.18.0&#8243; _module_preset=\u00bbdefault\u00bb width=\u00bb90%\u00bb max_width=\u00bb2560px\u00bb global_colors_info=\u00bb{}\u00bb][et_pb_column type=\u00bb4_4&#8243; _builder_version=\u00bb4.18.0&#8243; _module_preset=\u00bbdefault\u00bb global_colors_info=\u00bb{}\u00bb][et_pb_text content_tablet=\u00bb<\/p>\n<h2><b>Calor <span style=%22color: #25b2ee;%22>HTF<\/span>  <br \/>Fluidos de transferencia<\/b><\/h2>\n<p>\u00bb content_phone=\u00bb<\/p>\n<h2><b>Calor <span style=%22color: #25b2ee;%22>HTF <\/span> <br \/>Fluidos de transferencia<\/b><\/h2>\n<p>\u00bb content_last_edited=\u00bbon|phone\u00bb _builder_version=\u00bb4.18.0&#8243; _module_preset=\u00bbdefault\u00bb header_2_font=\u00bbMuller Bold|700|||||||\u00bb header_2_text_color=\u00bb#083DAD\u00bb header_2_font_size=\u00bb52px\u00bb animation_style=\u00bbslide\u00bb animation_direction=\u00bbbottom\u00bb header_2_font_size_tablet=\u00bb52px\u00bb header_2_font_size_phone=\u00bb40px\u00bb header_2_font_size_last_edited=\u00bbon|tablet\u00bb global_colors_info=\u00bb{}\u00bb]<\/p>\n<h2><b><span style=\"color: #25b2ee;\">HTF<\/span> Fluidos de transferencia de calor<\/b><\/h2>\n<p>[\/et_pb_text][\/et_pb_column][\/et_pb_row][\/et_pb_section][et_pb_section fb_built=\u00bb1&#8243; specialty=\u00bbon\u00bb custom_css_main_1=\u00bbwidth:20%!important\u00bb custom_css_main_2=\u00bbwidth:70%!important\u00bb module_class=\u00bbht\u00bb _builder_version=\u00bb4.18.0&#8243; _module_preset=\u00bbdefault\u00bb custom_margin=\u00bb||50px||false|false\u00bb custom_margin_tablet=\u00bb||50px||false|false\u00bb custom_margin_phone=\u00bb||50px||false|false\u00bb custom_margin_last_edited=\u00bbon|tablet\u00bb custom_padding=\u00bb0px||0px||false|false\u00bb global_colors_info=\u00bb{}\u00bb][et_pb_column type=\u00bb1_4&#8243; _builder_version=\u00bb4.16&#8243; custom_padding=\u00bb|||\u00bb global_colors_info=\u00bb{}\u00bb custom_padding__hover=\u00bb|||\u00bb][et_pb_menu menu_id=\u00bb5&#8243; active_link_color=\u00bb#FFFFFF\u00bb disabled_on=\u00bbon|on|off\u00bb module_class=\u00bbpa-vertical-menu \u00bb _builder_version=\u00bb4.19.0&#8243; _module_preset=\u00bbdefault\u00bb menu_font=\u00bbMuller Bold|700|||||||\u00bb menu_text_color=\u00bb#000000&#8243; menu_font_size=\u00bb12px\u00bb menu_line_height=\u00bb18px\u00bb background_color=\u00bbrgba(255,255,255,0)\u00bb sticky_position=\u00bbtop\u00bb sticky_limit_bottom=\u00bbsection\u00bb hover_enabled=\u00bb0&#8243; global_colors_info=\u00bb{}\u00bb active_link_color__hover_enabled=\u00bbon|desktop\u00bb active_link_color__hover=\u00bb#FFFFFF\u00bb menu_text_color__hover_enabled=\u00bbon|hover\u00bb menu_text_color__hover=\u00bb#FFFFFF\u00bb menu_font_size__hover_enabled=\u00bbon|hover\u00bb menu_font_size__hover=\u00bb18px\u00bb sticky_enabled=\u00bb0&#8243;][\/et_pb_menu][\/et_pb_column][et_pb_column type=\u00bb3_4&#8243; specialty_columns=\u00bb3&#8243; _builder_version=\u00bb4.16&#8243; custom_padding=\u00bb|||\u00bb global_colors_info=\u00bb{}\u00bb custom_padding__hover=\u00bb|||\u00bb][et_pb_row_inner _builder_version=\u00bb4.18.0&#8243; _module_preset=\u00bbdefault\u00bb custom_padding=\u00bb|10px||10px|false|true\u00bb global_colors_info=\u00bb{}\u00bb][et_pb_column_inner saved_specialty_column_type=\u00bb3_4&#8243; _builder_version=\u00bb4.18.0&#8243; _module_preset=\u00bbdefault\u00bb global_colors_info=\u00bb{}\u00bb][et_pb_text _builder_version=\u00bb4.18.0&#8243; _module_preset=\u00bbdefault\u00bb text_font=\u00bbMuller Regular||||||||\u00bb text_text_color=\u00bb#333333&#8243; text_font_size=\u00bb16px\u00bb global_colors_info=\u00bb{}\u00bb]<\/p>\n<p><span style=\"font-weight: 400;\">Fluido de transferencia de calor de perfluorocarbono (PFC), inerte y diel\u00e9ctrico, con una extraordinaria resistencia diel\u00e9ctrica. Los amplios rangos de puntos de ebullici\u00f3n y de fluidez, junto con la baja viscosidad y el reducido perfil de toxicidad, permiten una amplia gama de usos. No inflamable, no conductor y no corrosivo.  <\/span><\/p>\n<p>[\/et_pb_text][\/et_pb_column_inner][\/et_pb_row_inner][et_pb_row_inner module_id=\u00bbaplication-areas\u00bb module_class=\u00bbps2id\u00bb _builder_version=\u00bb4.18.0&#8243; _module_preset=\u00bbdefault\u00bb background_enable_color=\u00bboff\u00bb custom_padding=\u00bb||||false|true\u00bb global_colors_info=\u00bb{}\u00bb][et_pb_column_inner saved_specialty_column_type=\u00bb3_4&#8243; _builder_version=\u00bb4.18.0&#8243; _module_preset=\u00bbdefault\u00bb global_colors_info=\u00bb{}\u00bb][et_pb_text _builder_version=\u00bb4.18.0&#8243; _module_preset=\u00bbdefault\u00bb header_2_text_color=\u00bb#083DAD\u00bb background_color=\u00bb#f7f7f7&#8243; custom_margin=\u00bb||10px||false|false\u00bb custom_padding=\u00bb25px|10px|20px|10px|false|true\u00bb global_colors_info=\u00bb{}\u00bb]<\/p>\n<h2><b>\u00c1reas de aplicaci\u00f3n<\/b><\/h2>\n<p>[\/et_pb_text][et_pb_text _builder_version=\u00bb4.18.0&#8243; _module_preset=\u00bbdefault\u00bb text_font=\u00bbMuller Regular||||||||\u00bb text_text_color=\u00bb#333333&#8243; text_font_size=\u00bb16px\u00bb custom_padding=\u00bb|10px||10px|false|true\u00bb global_colors_info=\u00bb{}\u00bb]<\/p>\n<ul>\n<li><span style=\"font-weight: 400;\">Electr\u00f3nica de aviaci\u00f3n y militar<\/span><\/li>\n<li style=\"font-weight: 400;\" aria-level=\"1\"><span style=\"font-weight: 400;\">Fabricaci\u00f3n de productos qu\u00edmicos<\/span><\/li>\n<li style=\"font-weight: 400;\" aria-level=\"1\"><span style=\"font-weight: 400;\">Fabricaci\u00f3n de productos farmac\u00e9uticos<\/span><\/li>\n<li style=\"font-weight: 400;\" aria-level=\"1\"><span style=\"font-weight: 400;\">Fabricaci\u00f3n de semiconductores<\/span><\/li>\n<li style=\"font-weight: 400;\" aria-level=\"1\"><span style=\"font-weight: 400;\">Supercomputaci\u00f3n<\/span><span style=\"font-weight: 400;\"><\/span><\/li>\n<\/ul>\n<p>[\/et_pb_text][\/et_pb_column_inner][\/et_pb_row_inner][et_pb_row_inner module_id=\u00bbproperties\u00bb module_class=\u00bbps2id\u00bb _builder_version=\u00bb4.18.0&#8243; _module_preset=\u00bbdefault\u00bb background_enable_color=\u00bboff\u00bb custom_padding=\u00bb||||false|true\u00bb global_colors_info=\u00bb{}\u00bb][et_pb_column_inner saved_specialty_column_type=\u00bb3_4&#8243; _builder_version=\u00bb4.18.0&#8243; _module_preset=\u00bbdefault\u00bb global_colors_info=\u00bb{}\u00bb][et_pb_text _builder_version=\u00bb4.18.0&#8243; _module_preset=\u00bbdefault\u00bb header_2_text_color=\u00bb#083DAD\u00bb background_color=\u00bb#f7f7f7&#8243; custom_margin=\u00bb||10px||false|false\u00bb custom_padding=\u00bb25px|10px|20px|10px|false|true\u00bb global_colors_info=\u00bb{}\u00bb]<\/p>\n<h2><b>Propiedades y ventajas de uso<br \/><\/b><\/h2>\n<p>[\/et_pb_text][et_pb_text _builder_version=\u00bb4.18.0&#8243; _module_preset=\u00bbdefault\u00bb text_font=\u00bbMuller Regular||||||||\u00bb text_text_color=\u00bb#333333&#8243; text_font_size=\u00bb16px\u00bb custom_padding=\u00bb|10px||10px|false|true\u00bb global_colors_info=\u00bb{}\u00bb]<\/p>\n<ul>\n<li style=\"font-weight: 400;\" aria-level=\"1\"><span style=\"font-weight: 400;\">Compatible con metales, pl\u00e1sticos y elast\u00f3meros.<\/span><\/li>\n<li style=\"font-weight: 400;\" aria-level=\"1\"><span style=\"font-weight: 400;\">Perfil de baja toxicidad.<\/span><\/li>\n<li style=\"font-weight: 400;\" aria-level=\"1\"><span style=\"font-weight: 400;\">No es inflamable, para que las condiciones de trabajo sean seguras.<\/span><\/li>\n<li style=\"font-weight: 400;\" aria-level=\"1\"><span style=\"font-weight: 400;\">Sin residuos e incoloro.<\/span><\/li>\n<li><span style=\"font-weight: 400;\">Amplia gama de temperaturas de funcionamiento y puntos de fluidez.<\/span><span style=\"font-weight: 400;\"><\/span><\/li>\n<\/ul>\n<p>[\/et_pb_text][\/et_pb_column_inner][\/et_pb_row_inner][et_pb_row_inner module_id=\u00bbproduct\u00bb module_class=\u00bbps2id\u00bb _builder_version=\u00bb4.18.0&#8243; _module_preset=\u00bbdefault\u00bb background_enable_color=\u00bboff\u00bb custom_padding=\u00bb||||false|true\u00bb global_colors_info=\u00bb{}\u00bb][et_pb_column_inner saved_specialty_column_type=\u00bb3_4&#8243; _builder_version=\u00bb4.18.0&#8243; _module_preset=\u00bbdefault\u00bb global_colors_info=\u00bb{}\u00bb][et_pb_text _builder_version=\u00bb4.18.0&#8243; _module_preset=\u00bbdefault\u00bb header_2_text_color=\u00bb#083DAD\u00bb background_color=\u00bb#f7f7f7&#8243; custom_margin=\u00bb||10px||false|false\u00bb custom_padding=\u00bb25px|10px|20px|10px|false|true\u00bb global_colors_info=\u00bb{}\u00bb]<\/p>\n<h2><b>Detalles del producto<br \/><\/b><\/h2>\n<p>[\/et_pb_text][et_pb_image src=\u00bbhttp:\/\/www.tyrellchemical.com\/wp-content\/uploads\/2022\/10\/product-detail-htf.jpg\u00bb title_text=\u00bbproducto-detalle-htf\u00bb show_in_lightbox=\u00bbon\u00bb align=\u00bbcenter\u00bb _builder_version=\u00bb4.18.0&#8243; _module_preset=\u00bbdefault\u00bb custom_margin=\u00bb||||false|false\u00bb custom_padding=\u00bb20px||||false|false\u00bb global_colors_info=\u00bb{}\u00bb][\/et_pb_image][et_pb_image src=\u00bbhttp:\/\/www.tyrellchemical.com\/wp-content\/uploads\/2022\/10\/cuadro-htf-2.jpg\u00bb title_text=\u00bbcuadro-htf-2&#8243; show_in_lightbox=\u00bbon\u00bb align=\u00bbcenter\u00bb _builder_version=\u00bb4.18.0&#8243; _module_preset=\u00bbdefault\u00bb custom_margin=\u00bb||||false|false\u00bb custom_padding=\u00bb||||false|false\u00bb global_colors_info=\u00bb{}\u00bb][\/et_pb_image][\/et_pb_column_inner][\/et_pb_row_inner][et_pb_row_inner module_id=\u00bbmaterial\u00bb module_class=\u00bbps2id\u00bb _builder_version=\u00bb4.18.0&#8243; _module_preset=\u00bbdefault\u00bb background_enable_color=\u00bboff\u00bb custom_padding=\u00bb0px||||false|true\u00bb global_colors_info=\u00bb{}\u00bb][et_pb_column_inner saved_specialty_column_type=\u00bb3_4&#8243; _builder_version=\u00bb4.18.0&#8243; _module_preset=\u00bbdefault\u00bb global_colors_info=\u00bb{}\u00bb][et_pb_text _builder_version=\u00bb4.18.0&#8243; _module_preset=\u00bbdefault\u00bb header_2_text_color=\u00bb#083DAD\u00bb background_color=\u00bb#f7f7f7&#8243; custom_margin=\u00bb||10px||false|false\u00bb custom_padding=\u00bb25px|10px|20px|10px|false|true\u00bb global_colors_info=\u00bb{}\u00bb]<\/p>\n<h2><b>Compatibilidad de materiales<\/b><\/h2>\n<p>[\/et_pb_text][et_pb_text _builder_version=\u00bb4.18.0&#8243; _module_preset=\u00bbdefault\u00bb text_font=\u00bbMuller Regular||||||||\u00bb text_text_color=\u00bb#333333&#8243; text_font_size=\u00bb16px\u00bb custom_padding=\u00bb|10px||10px|false|true\u00bb global_colors_info=\u00bb{}\u00bb]<\/p>\n<p><span style=\"font-weight: 400;\">Compatible con la mayor\u00eda de los metales, pl\u00e1sticos y elast\u00f3meros.  <\/span><\/p>\n<p>[\/et_pb_text][\/et_pb_column_inner][\/et_pb_row_inner][et_pb_row_inner module_id=\u00bbsafety\u00bb module_class=\u00bbps2id\u00bb _builder_version=\u00bb4.18.0&#8243; _module_preset=\u00bbdefault\u00bb background_enable_color=\u00bboff\u00bb custom_padding=\u00bb0px||||false|true\u00bb global_colors_info=\u00bb{}\u00bb][et_pb_column_inner saved_specialty_column_type=\u00bb3_4&#8243; _builder_version=\u00bb4.18.0&#8243; _module_preset=\u00bbdefault\u00bb global_colors_info=\u00bb{}\u00bb][et_pb_text _builder_version=\u00bb4.18.0&#8243; _module_preset=\u00bbdefault\u00bb header_2_text_color=\u00bb#083DAD\u00bb background_color=\u00bb#f7f7f7&#8243; custom_margin=\u00bb||10px||false|false\u00bb custom_padding=\u00bb25px|10px|20px|10px|false|true\u00bb global_colors_info=\u00bb{}\u00bb]<\/p>\n<h2><b>Perfil de seguridad<\/b><\/h2>\n<p>[\/et_pb_text][et_pb_text _builder_version=\u00bb4.18.0&#8243; _module_preset=\u00bbdefault\u00bb text_font=\u00bbMuller Regular||||||||\u00bb text_text_color=\u00bb#333333&#8243; text_font_size=\u00bb16px\u00bb custom_padding=\u00bb|10px||10px|false|true\u00bb global_colors_info=\u00bb{}\u00bb]<\/p>\n<p><span style=\"font-weight: 400;\">Los fluidos HTF no irritan la piel ni los ojos y tienen un perfil de baja toxicidad. Los fluidos de transferencia de calor HTF no son inflamables ni susceptibles de descomponerse t\u00e9rmicamente durante su almacenamiento y uso normal.  <\/span><\/p>\n<p><span style=\"font-weight: 400;\">Enlaces a las fichas t\u00e9cnicas:<\/span><\/p>\n<p>[\/et_pb_text][\/et_pb_column_inner][\/et_pb_row_inner][et_pb_row_inner module_id=\u00bbsafety\u00bb module_class=\u00bbps2id\u00bb _builder_version=\u00bb4.19.0&#8243; _module_preset=\u00bbdefault\u00bb background_enable_color=\u00bboff\u00bb custom_padding=\u00bb0px||||false|true\u00bb hover_enabled=\u00bb0&#8243; global_colors_info=\u00bb{}\u00bb sticky_enabled=\u00bb0&#8243;][et_pb_column_inner saved_specialty_column_type=\u00bb3_4&#8243; _builder_version=\u00bb4.19.0&#8243; _module_preset=\u00bbdefault\u00bb hover_enabled=\u00bb0&#8243; global_colors_info=\u00bb{}\u00bb custom_css_main_element=\u00bbdisplay:flex!important;||width:100%!important;||flex-wrap:wrap\u00bb sticky_enabled=\u00bb0&#8243;][et_pb_button button_url=\u00bbhttp:\/\/www.tyrellchemical.com\/wp-content\/uploads\/2022\/10\/TM-HTF-100.pdf\u00bb url_new_window=\u00bbon\u00bb button_text=\u00bbTM-HTF-100  \u00bb _builder_version=\u00bb4.18.0&#8243; _module_preset=\u00bbdefault\u00bb custom_button=\u00bbon\u00bb button_text_size=\u00bb16px\u00bb button_text_color=\u00bb#FFFFFF\u00bb button_bg_color=\u00bb#083DAD\u00bb button_border_radius=\u00bb5px\u00bb button_font=\u00bbMuller Bold|700|||||||\u00bb button_icon=\u00bb&#x24;||divi||400&#8243; custom_margin=\u00bb||15px||false|false\u00bb custom_padding=\u00bb10px||||false|false\u00bb global_colors_info=\u00bb{}\u00bb][\/et_pb_button][et_pb_button button_url=\u00bbhttp:\/\/www.tyrellchemical.com\/wp-content\/uploads\/2022\/10\/TM-HTF-120.pdf\u00bb url_new_window=\u00bbon\u00bb button_text=\u00bbTM-HTF-120&#8243; _builder_version=\u00bb4.18.0&#8243; _module_preset=\u00bbdefault\u00bb custom_button=\u00bbon\u00bb button_text_size=\u00bb16px\u00bb button_text_color=\u00bb#FFFFFF\u00bb button_bg_color=\u00bb#083DAD\u00bb button_border_radius=\u00bb5px\u00bb button_font=\u00bbMuller Bold|700|||||||\u00bb button_icon=\u00bb&#x24;||divi||400&#8243; custom_margin=\u00bb||15px||false|false\u00bb custom_padding=\u00bb10px||||false|false\u00bb global_colors_info=\u00bb{}\u00bb][\/et_pb_button][et_pb_button button_url=\u00bbhttp:\/\/www.tyrellchemical.com\/wp-content\/uploads\/2022\/10\/TM-HTF-165.pdf\u00bb url_new_window=\u00bbon\u00bb button_text=\u00bbTM-HTF-165&#8243; _builder_version=\u00bb4.18.0&#8243; _module_preset=\u00bbdefault\u00bb custom_button=\u00bbon\u00bb button_text_size=\u00bb16px\u00bb button_text_color=\u00bb#FFFFFF\u00bb button_bg_color=\u00bb#083DAD\u00bb button_border_radius=\u00bb5px\u00bb button_font=\u00bbMuller Bold|700|||||||\u00bb button_icon=\u00bb&#x24;||divi||400&#8243; custom_margin=\u00bb||15px||false|false\u00bb custom_padding=\u00bb10px||||false|false\u00bb global_colors_info=\u00bb{}\u00bb][\/et_pb_button][et_pb_button button_url=\u00bbhttp:\/\/www.tyrellchemical.com\/wp-content\/uploads\/2022\/10\/TM-HTF-175.pdf\u00bb url_new_window=\u00bbon\u00bb button_text=\u00bbTM-HTF-175&#8243; _builder_version=\u00bb4.18.0&#8243; _module_preset=\u00bbdefault\u00bb custom_button=\u00bbon\u00bb button_text_size=\u00bb16px\u00bb button_text_color=\u00bb#FFFFFF\u00bb button_bg_color=\u00bb#083DAD\u00bb button_border_radius=\u00bb5px\u00bb button_font=\u00bbMuller Bold|700|||||||\u00bb button_icon=\u00bb&#x24;||divi||400&#8243; custom_margin=\u00bb||15px||false|false\u00bb custom_padding=\u00bb10px||||false|false\u00bb global_colors_info=\u00bb{}\u00bb][\/et_pb_button][et_pb_button button_url=\u00bbhttp:\/\/www.tyrellchemical.com\/wp-content\/uploads\/2022\/10\/TM-HTF-215.pdf\u00bb url_new_window=\u00bbon\u00bb button_text=\u00bbTM-HTF-215&#8243; _builder_version=\u00bb4.18.0&#8243; _module_preset=\u00bbdefault\u00bb custom_button=\u00bbon\u00bb button_text_size=\u00bb16px\u00bb button_text_color=\u00bb#FFFFFF\u00bb button_bg_color=\u00bb#083DAD\u00bb button_border_radius=\u00bb5px\u00bb button_font=\u00bbMuller Bold|700|||||||\u00bb button_icon=\u00bb&#x24;||divi||400&#8243; custom_margin=\u00bb||15px||false|false\u00bb custom_padding=\u00bb10px||||false|false\u00bb global_colors_info=\u00bb{}\u00bb][\/et_pb_button][\/et_pb_column_inner][\/et_pb_row_inner][\/et_pb_column][\/et_pb_section]<\/p>\n","protected":false},"excerpt":{"rendered":"<p>HTF Fluidos de transferencia de calorFluido de transferencia de calor de perfluorocarbono (PFC), inerte y diel\u00e9ctrico, con una extraordinaria resistencia diel\u00e9ctrica. Los amplios rangos de puntos de ebullici\u00f3n y de fluidez, junto con la baja viscosidad y el reducido perfil de toxicidad, permiten una amplia gama de usos. No inflamable, no conductor y no corrosivo. [&hellip;]<\/p>\n","protected":false},"author":1,"featured_media":0,"parent":0,"menu_order":0,"comment_status":"closed","ping_status":"closed","template":"","meta":{"_et_pb_use_builder":"on","_et_pb_old_content":"","_et_gb_content_width":"","footnotes":""},"class_list":["post-759","page","type-page","status-publish","hentry"],"_links":{"self":[{"href":"https:\/\/www.tyrellchemical.com\/es\/wp-json\/wp\/v2\/pages\/759"}],"collection":[{"href":"https:\/\/www.tyrellchemical.com\/es\/wp-json\/wp\/v2\/pages"}],"about":[{"href":"https:\/\/www.tyrellchemical.com\/es\/wp-json\/wp\/v2\/types\/page"}],"author":[{"embeddable":true,"href":"https:\/\/www.tyrellchemical.com\/es\/wp-json\/wp\/v2\/users\/1"}],"replies":[{"embeddable":true,"href":"https:\/\/www.tyrellchemical.com\/es\/wp-json\/wp\/v2\/comments?post=759"}],"version-history":[{"count":15,"href":"https:\/\/www.tyrellchemical.com\/es\/wp-json\/wp\/v2\/pages\/759\/revisions"}],"predecessor-version":[{"id":2632,"href":"https:\/\/www.tyrellchemical.com\/es\/wp-json\/wp\/v2\/pages\/759\/revisions\/2632"}],"wp:attachment":[{"href":"https:\/\/www.tyrellchemical.com\/es\/wp-json\/wp\/v2\/media?parent=759"}],"curies":[{"name":"wp","href":"https:\/\/api.w.org\/{rel}","templated":true}]}}