{"id":760,"date":"2022-10-07T17:07:17","date_gmt":"2022-10-07T17:07:17","guid":{"rendered":"http:\/\/www.tyrellchemical.com\/fluidos-termicos-ht\/"},"modified":"2022-11-24T21:25:44","modified_gmt":"2022-11-24T21:25:44","slug":"fluidos-termicos-ht","status":"publish","type":"page","link":"https:\/\/www.tyrellchemical.com\/es\/fluidos-termicos-ht\/","title":{"rendered":"Fluidos t\u00e9rmicos HT"},"content":{"rendered":"<p>[et_pb_section fb_built=\u00bb1&#8243; _builder_version=\u00bb4.18.0&#8243; _module_preset=\u00bbdefault\u00bb background_color=\u00bb#FFFFFF\u00bb background_image=\u00bbhttp:\/\/www.tyrellchemical.com\/wp-content\/uploads\/2022\/10\/img-e1664700739234.jpg\u00bb background_size=\u00bbcustom\u00bb background_image_width=\u00bb50%\u00bb background_position=\u00bbcenter_right\u00bb min_height=\u00bb50vh\u00bb min_height_tablet=\u00bb50vh\u00bb min_height_phone=\u00bb20vh\u00bb min_height_last_edited=\u00bbon|phone\u00bb background_last_edited=\u00bbon|tablet\u00bb background_image_width_tablet=\u00bb40%\u00bb background_image_width_phone=\u00bb50%\u00bb background_position_phone=\u00bbtop_right\u00bb background_horizontal_offset_phone=\u00bb0%\u00bb module_alignment_tablet=\u00bb\u00bb module_alignment_phone=\u00bb\u00bb module_alignment_last_edited=\u00bbon|tablet\u00bb custom_css_main_element=\u00bbdisplay:flex;||margin:auto;\u00bb locked=\u00bboff\u00bb global_colors_info=\u00bb{}\u00bb][et_pb_row _builder_version=\u00bb4.18.0&#8243; _module_preset=\u00bbdefault\u00bb width=\u00bb90%\u00bb max_width=\u00bb2560px\u00bb global_colors_info=\u00bb{}\u00bb][et_pb_column type=\u00bb4_4&#8243; _builder_version=\u00bb4.18.0&#8243; _module_preset=\u00bbdefault\u00bb global_colors_info=\u00bb{}\u00bb][et_pb_text content_tablet=\u00bb<\/p>\n<h2><b>Calor <span style=%22color: #25b2ee;%22>HT<\/span>  <br \/>Fluidos de transferencia<\/b><\/h2>\n<p>\u00bb content_phone=\u00bb<\/p>\n<h2><b>Calor <span style=%22color: #25b2ee;%22>HT <\/span> <br \/>Fluidos de transferencia<\/b><\/h2>\n<p>\u00bb content_last_edited=\u00bbon|phone\u00bb _builder_version=\u00bb4.18.0&#8243; _module_preset=\u00bbdefault\u00bb header_2_font=\u00bbMuller Bold|700|||||||\u00bb header_2_text_color=\u00bb#083DAD\u00bb header_2_font_size=\u00bb52px\u00bb animation_style=\u00bbslide\u00bb animation_direction=\u00bbbottom\u00bb header_2_font_size_tablet=\u00bb52px\u00bb header_2_font_size_phone=\u00bb40px\u00bb header_2_font_size_last_edited=\u00bbon|tablet\u00bb global_colors_info=\u00bb{}\u00bb]<\/p>\n<h2><b>Fluidos t\u00e9rmicos <span style=\"color: #25b2ee;\">HT<\/span> <\/b><\/h2>\n<p>[\/et_pb_text][\/et_pb_column][\/et_pb_row][\/et_pb_section][et_pb_section fb_built=\u00bb1&#8243; specialty=\u00bbon\u00bb custom_css_main_1=\u00bbwidth:20%!important\u00bb custom_css_main_2=\u00bbwidth:70%!important\u00bb module_class=\u00bbht\u00bb _builder_version=\u00bb4.19.0&#8243; _module_preset=\u00bbdefault\u00bb custom_margin=\u00bb||50px||false|false\u00bb custom_padding=\u00bb||0px||false|false\u00bb hover_enabled=\u00bb0&#8243; global_colors_info=\u00bb{}\u00bb sticky_enabled=\u00bb0&#8243;][et_pb_column type=\u00bb1_4&#8243; _builder_version=\u00bb4.16&#8243; custom_padding=\u00bb|||\u00bb global_colors_info=\u00bb{}\u00bb custom_padding__hover=\u00bb|||\u00bb][et_pb_menu menu_id=\u00bb5&#8243; active_link_color=\u00bb#FFFFFF\u00bb disabled_on=\u00bbon|on|off\u00bb module_class=\u00bbpa-vertical-menu \u00bb _builder_version=\u00bb4.19.0&#8243; _module_preset=\u00bbdefault\u00bb menu_font=\u00bbMuller Bold|700|||||||\u00bb menu_text_color=\u00bb#000000&#8243; menu_font_size=\u00bb12px\u00bb menu_line_height=\u00bb18px\u00bb background_color=\u00bbrgba(255,255,255,0)\u00bb sticky_position=\u00bbtop\u00bb sticky_limit_bottom=\u00bbsection\u00bb hover_enabled=\u00bb0&#8243; global_colors_info=\u00bb{}\u00bb active_link_color__hover_enabled=\u00bbon|hover\u00bb active_link_color__hover=\u00bb#FFFFFF\u00bb menu_text_color__hover_enabled=\u00bbon|hover\u00bb menu_text_color__hover=\u00bb#FFFFFF\u00bb menu_font_size__hover_enabled=\u00bbon|hover\u00bb menu_font_size__hover=\u00bb18px\u00bb sticky_enabled=\u00bb0&#8243; custom_padding=\u00bb||||false|true\u00bb][\/et_pb_menu][\/et_pb_column][et_pb_column type=\u00bb3_4&#8243; specialty_columns=\u00bb3&#8243; _builder_version=\u00bb4.16&#8243; custom_padding=\u00bb|||\u00bb global_colors_info=\u00bb{}\u00bb custom_padding__hover=\u00bb|||\u00bb][et_pb_row_inner _builder_version=\u00bb4.18.0&#8243; _module_preset=\u00bbdefault\u00bb custom_padding=\u00bb|10px||10px|false|true\u00bb global_colors_info=\u00bb{}\u00bb][et_pb_column_inner saved_specialty_column_type=\u00bb3_4&#8243; _builder_version=\u00bb4.18.0&#8243; _module_preset=\u00bbdefault\u00bb global_colors_info=\u00bb{}\u00bb][et_pb_text _builder_version=\u00bb4.18.0&#8243; _module_preset=\u00bbdefault\u00bb text_font=\u00bbMuller Regular||||||||\u00bb text_text_color=\u00bb#333333&#8243; text_font_size=\u00bb16px\u00bb global_colors_info=\u00bb{}\u00bb]<\/p>\n<p><span style=\"font-weight: 400;\">Fluidos de transferencia de calor de perfluoropoli\u00e9ter (PFPE) qu\u00edmica y t\u00e9rmicamente estables, dise\u00f1ados para funcionar en condiciones extremas. Nuestros productos HT son inertes y diel\u00e9ctricos con puntos de ebullici\u00f3n que van de 55 \u030aC a 270 \u030aC con una temperatura de uso final de hasta 290 \u030aC.<\/span><span style=\"font-weight: 400;\"><br \/><\/span><\/p>\n<p>[\/et_pb_text][\/et_pb_column_inner][\/et_pb_row_inner][et_pb_row_inner module_id=\u00bbaplication-areas\u00bb module_class=\u00bbps2id\u00bb _builder_version=\u00bb4.18.0&#8243; _module_preset=\u00bbdefault\u00bb background_enable_color=\u00bboff\u00bb custom_padding=\u00bb||||false|true\u00bb global_colors_info=\u00bb{}\u00bb][et_pb_column_inner saved_specialty_column_type=\u00bb3_4&#8243; _builder_version=\u00bb4.18.0&#8243; _module_preset=\u00bbdefault\u00bb global_colors_info=\u00bb{}\u00bb][et_pb_text _builder_version=\u00bb4.18.0&#8243; _module_preset=\u00bbdefault\u00bb header_2_text_color=\u00bb#083DAD\u00bb background_color=\u00bb#f7f7f7&#8243; custom_margin=\u00bb||10px||false|false\u00bb custom_padding=\u00bb25px|10px|20px|10px|false|true\u00bb global_colors_info=\u00bb{}\u00bb]<\/p>\n<h2><b>\u00c1reas de aplicaci\u00f3n<\/b><\/h2>\n<p>[\/et_pb_text][et_pb_text _builder_version=\u00bb4.18.0&#8243; _module_preset=\u00bbdefault\u00bb text_font=\u00bbMuller Regular||||||||\u00bb text_text_color=\u00bb#333333&#8243; text_font_size=\u00bb16px\u00bb custom_padding=\u00bb|10px||10px|false|true\u00bb global_colors_info=\u00bb{}\u00bb]<\/p>\n<ul>\n<li style=\"font-weight: 400;\" aria-level=\"1\"><span style=\"font-weight: 400;\">Fabricaci\u00f3n de productos qu\u00edmicos<\/span><\/li>\n<li style=\"font-weight: 400;\" aria-level=\"1\"><span style=\"font-weight: 400;\">Refrigeraci\u00f3n del ordenador  <\/span><\/li>\n<li style=\"font-weight: 400;\" aria-level=\"1\"><span style=\"font-weight: 400;\">Fabricaci\u00f3n de productos farmac\u00e9uticos<\/span><\/li>\n<li style=\"font-weight: 400;\" aria-level=\"1\"><span style=\"font-weight: 400;\">Refrigeradores de recirculaci\u00f3n<\/span><\/li>\n<li style=\"font-weight: 400;\" aria-level=\"1\"><span style=\"font-weight: 400;\">Refrigeraci\u00f3n del transformador<\/span><\/li>\n<li style=\"font-weight: 400;\" aria-level=\"1\"><span style=\"font-weight: 400;\">Fabricaci\u00f3n de semiconductores<\/span><\/li>\n<li style=\"font-weight: 400;\" aria-level=\"1\"><span style=\"font-weight: 400;\">Calentamiento en fase de vapor<\/span><span style=\"font-weight: 400;\"><\/span><\/li>\n<\/ul>\n<p>[\/et_pb_text][\/et_pb_column_inner][\/et_pb_row_inner][et_pb_row_inner module_id=\u00bbproperties\u00bb module_class=\u00bbps2id\u00bb _builder_version=\u00bb4.18.0&#8243; _module_preset=\u00bbdefault\u00bb background_enable_color=\u00bboff\u00bb custom_padding=\u00bb||||false|true\u00bb global_colors_info=\u00bb{}\u00bb][et_pb_column_inner saved_specialty_column_type=\u00bb3_4&#8243; _builder_version=\u00bb4.18.0&#8243; _module_preset=\u00bbdefault\u00bb global_colors_info=\u00bb{}\u00bb][et_pb_text _builder_version=\u00bb4.18.0&#8243; _module_preset=\u00bbdefault\u00bb header_2_text_color=\u00bb#083DAD\u00bb background_color=\u00bb#f7f7f7&#8243; custom_margin=\u00bb||10px||false|false\u00bb custom_padding=\u00bb25px|10px|20px|10px|false|true\u00bb global_colors_info=\u00bb{}\u00bb]<\/p>\n<h2><b>Propiedades y ventajas de uso<br \/><\/b><\/h2>\n<p>[\/et_pb_text][et_pb_text _builder_version=\u00bb4.18.0&#8243; _module_preset=\u00bbdefault\u00bb text_font=\u00bbMuller Regular||||||||\u00bb text_text_color=\u00bb#333333&#8243; text_font_size=\u00bb16px\u00bb custom_padding=\u00bb|10px||10px|false|true\u00bb global_colors_info=\u00bb{}\u00bb]<\/p>\n<ul>\n<li style=\"font-weight: 400;\" aria-level=\"1\"><span style=\"font-weight: 400;\">Los puntos de ebullici\u00f3n de hasta 270 \u030aC junto con los bajos puntos de fluidez y la viscosidad permiten reducir las p\u00e9rdidas por evaporaci\u00f3n.  <\/span><\/li>\n<li style=\"font-weight: 400;\" aria-level=\"1\"><span style=\"font-weight: 400;\">No hay riesgos de toxicidad, inflamabilidad o explosi\u00f3n.<\/span><\/li>\n<li style=\"font-weight: 400;\" aria-level=\"1\"><span style=\"font-weight: 400;\">Sin puntos de inflamaci\u00f3n, fuego o autoignici\u00f3n para mejorar la seguridad a temperaturas extremas.  <\/span><\/li>\n<li style=\"font-weight: 400;\" aria-level=\"1\"><span style=\"font-weight: 400;\">Amplia compatibilidad de materiales sin corrosi\u00f3n, degradaci\u00f3n o residuos de descomposici\u00f3n.  <\/span><\/li>\n<li style=\"font-weight: 400;\" aria-level=\"1\"><span style=\"font-weight: 400;\">Amplia gama de grados de temperatura para optimizar la transferencia t\u00e9rmica y el rendimiento.  <\/span><\/li>\n<\/ul>\n<p>[\/et_pb_text][\/et_pb_column_inner][\/et_pb_row_inner][et_pb_row_inner module_id=\u00bbproduct\u00bb module_class=\u00bbps2id\u00bb _builder_version=\u00bb4.18.0&#8243; _module_preset=\u00bbdefault\u00bb background_enable_color=\u00bboff\u00bb custom_padding=\u00bb||||false|true\u00bb global_colors_info=\u00bb{}\u00bb][et_pb_column_inner saved_specialty_column_type=\u00bb3_4&#8243; _builder_version=\u00bb4.18.0&#8243; _module_preset=\u00bbdefault\u00bb global_colors_info=\u00bb{}\u00bb][et_pb_text _builder_version=\u00bb4.18.0&#8243; _module_preset=\u00bbdefault\u00bb header_2_text_color=\u00bb#083DAD\u00bb background_color=\u00bb#f7f7f7&#8243; custom_margin=\u00bb||10px||false|false\u00bb custom_padding=\u00bb25px|10px|20px|10px|false|true\u00bb global_colors_info=\u00bb{}\u00bb]<\/p>\n<h2><b>Detalles del producto<br \/><\/b><\/h2>\n<p>[\/et_pb_text][et_pb_image src=\u00bbhttp:\/\/www.tyrellchemical.com\/wp-content\/uploads\/2022\/10\/product-detail-ht-480&#215;338-1.jpg\u00bb title_text=\u00bbproduct-detail-ht-480&#215;338&#8243; show_in_lightbox=\u00bbon\u00bb align=\u00bbcenter\u00bb _builder_version=\u00bb4.18.0&#8243; _module_preset=\u00bbdefault\u00bb background_color=\u00bb#FFFFFF\u00bb custom_margin=\u00bb||||false|false\u00bb custom_padding=\u00bb20px||||false|false\u00bb global_colors_info=\u00bb{}\u00bb][\/et_pb_image][et_pb_image src=\u00bbhttp:\/\/www.tyrellchemical.com\/wp-content\/uploads\/2022\/10\/cuadro-ht.jpg\u00bb title_text=\u00bbcuadro-ht\u00bb show_in_lightbox=\u00bbon\u00bb align=\u00bbcenter\u00bb _builder_version=\u00bb4.18.0&#8243; _module_preset=\u00bbdefault\u00bb background_color=\u00bb#FFFFFF\u00bb custom_margin=\u00bb||||false|false\u00bb custom_padding=\u00bb||||false|false\u00bb global_colors_info=\u00bb{}\u00bb][\/et_pb_image][\/et_pb_column_inner][\/et_pb_row_inner][et_pb_row_inner module_id=\u00bbmaterial\u00bb module_class=\u00bbps2id\u00bb _builder_version=\u00bb4.18.0&#8243; _module_preset=\u00bbdefault\u00bb background_enable_color=\u00bboff\u00bb custom_padding=\u00bb0px||||false|true\u00bb global_colors_info=\u00bb{}\u00bb][et_pb_column_inner saved_specialty_column_type=\u00bb3_4&#8243; _builder_version=\u00bb4.18.0&#8243; _module_preset=\u00bbdefault\u00bb global_colors_info=\u00bb{}\u00bb][et_pb_text _builder_version=\u00bb4.18.0&#8243; _module_preset=\u00bbdefault\u00bb header_2_text_color=\u00bb#083DAD\u00bb background_color=\u00bb#f7f7f7&#8243; custom_margin=\u00bb||10px||false|false\u00bb custom_padding=\u00bb25px|10px|20px|10px|false|true\u00bb global_colors_info=\u00bb{}\u00bb]<\/p>\n<h2><b>Compatibilidad de materiales<\/b><\/h2>\n<p>[\/et_pb_text][et_pb_text _builder_version=\u00bb4.18.0&#8243; _module_preset=\u00bbdefault\u00bb text_font=\u00bbMuller Regular||||||||\u00bb text_text_color=\u00bb#333333&#8243; text_font_size=\u00bb16px\u00bb custom_padding=\u00bb|10px||10px|false|true\u00bb global_colors_info=\u00bb{}\u00bb]<\/p>\n<p><b>Metales:<\/b><span style=\"font-weight: 400;\"> Cobre, lat\u00f3n, hierro, n\u00edquel, acero inoxidable, aluminio, bronce y AISI 316.<\/span><span style=\"font-weight: 400;\"><br \/>\n  <br \/>\n<\/span><b>Pl\u00e1sticos:<\/b> <span style=\"font-weight: 400;\">Policarbonato, polipropileno, copol\u00edmero ABS, polifenil\u00f3xido, PE de baja densidad, PET, POM, PTFE, PVC, PMMA.<\/span><\/p>\n<p><b>Elast\u00f3meros:<\/b><span style=\"font-weight: 400;\"> Caucho natural, caucho de silicona, caucho but\u00edlico, fluorisilicona, NRB y EPDM. <\/span> <\/p>\n<p><i><span style=\"font-weight: 400;\">*Seguro con plastificantes a base de hidrocarburos para permitir la compatibilidad con casi todos los sellos y juntas  <\/span><\/i><\/p>\n<p>[\/et_pb_text][\/et_pb_column_inner][\/et_pb_row_inner][et_pb_row_inner module_id=\u00bbsafety\u00bb module_class=\u00bbps2id\u00bb _builder_version=\u00bb4.18.0&#8243; _module_preset=\u00bbdefault\u00bb background_enable_color=\u00bboff\u00bb custom_padding=\u00bb0px||||false|true\u00bb global_colors_info=\u00bb{}\u00bb][et_pb_column_inner saved_specialty_column_type=\u00bb3_4&#8243; _builder_version=\u00bb4.18.0&#8243; _module_preset=\u00bbdefault\u00bb global_colors_info=\u00bb{}\u00bb][et_pb_text _builder_version=\u00bb4.18.0&#8243; _module_preset=\u00bbdefault\u00bb header_2_text_color=\u00bb#083DAD\u00bb background_color=\u00bb#f7f7f7&#8243; custom_margin=\u00bb||10px||false|false\u00bb custom_padding=\u00bb25px|10px|20px|10px|false|true\u00bb global_colors_info=\u00bb{}\u00bb]<\/p>\n<h2><b>Perfil de seguridad<\/b><\/h2>\n<p>[\/et_pb_text][et_pb_text _builder_version=\u00bb4.18.0&#8243; _module_preset=\u00bbdefault\u00bb text_font=\u00bbMuller Regular||||||||\u00bb text_text_color=\u00bb#333333&#8243; text_font_size=\u00bb16px\u00bb custom_padding=\u00bb|10px||10px|false|true\u00bb global_colors_info=\u00bb{}\u00bb]<\/p>\n<p><span style=\"font-weight: 400;\">La seguridad de los trabajadores es una de nuestras principales preocupaciones. Los fluidos HT son seguros de manejar ya que son inertes, no corrosivos, no inflamables y no t\u00f3xicos. Los fluidos HT no poseen puntos de inflamaci\u00f3n, fuego o autoignici\u00f3n.<\/span><span style=\"font-weight: 400;\"><br \/><\/span><\/p>\n<p><span style=\"font-weight: 400;\">Enlaces a las fichas t\u00e9cnicas:<\/span><\/p>\n<p>[\/et_pb_text][\/et_pb_column_inner][\/et_pb_row_inner][et_pb_row_inner module_id=\u00bbsafety\u00bb module_class=\u00bbps2id\u00bb _builder_version=\u00bb4.19.0&#8243; _module_preset=\u00bbdefault\u00bb background_enable_color=\u00bboff\u00bb custom_padding=\u00bb0px||||false|true\u00bb hover_enabled=\u00bb0&#8243; global_colors_info=\u00bb{}\u00bb sticky_enabled=\u00bb0&#8243;][et_pb_column_inner saved_specialty_column_type=\u00bb3_4&#8243; _builder_version=\u00bb4.19.0&#8243; _module_preset=\u00bbdefault\u00bb hover_enabled=\u00bb0&#8243; global_colors_info=\u00bb{}\u00bb custom_css_main_element=\u00bbdisplay:flex!important;||width:100%!important;||flex-wrap:wrap\u00bb sticky_enabled=\u00bb0&#8243;][et_pb_button button_url=\u00bbhttp:\/\/www.tyrellchemical.com\/wp-content\/uploads\/2022\/10\/TM-HT-55.pdf\u00bb url_new_window=\u00bbon\u00bb button_text=\u00bbTM-HT-55  \u00bb _builder_version=\u00bb4.19.0&#8243; _module_preset=\u00bbdefault\u00bb custom_button=\u00bbon\u00bb button_text_size=\u00bb16px\u00bb button_text_color=\u00bb#FFFFFF\u00bb button_bg_color=\u00bb#083DAD\u00bb button_border_radius=\u00bb5px\u00bb button_font=\u00bbMuller Bold|700|||||||\u00bb button_icon=\u00bb&#x24;||divi||400&#8243; custom_margin=\u00bb||15px||false|false\u00bb custom_padding=\u00bb10px|28px|||false|false\u00bb hover_enabled=\u00bb0&#8243; global_colors_info=\u00bb{}\u00bb sticky_enabled=\u00bb0&#8243;][\/et_pb_button][et_pb_button button_url=\u00bbhttp:\/\/www.tyrellchemical.com\/wp-content\/uploads\/2022\/10\/TM-HT-70.pdf\u00bb url_new_window=\u00bbon\u00bb button_text=\u00bbTM-HT-70&#8243; _builder_version=\u00bb4.18.0&#8243; _module_preset=\u00bbdefault\u00bb custom_button=\u00bbon\u00bb button_text_size=\u00bb16px\u00bb button_text_color=\u00bb#FFFFFF\u00bb button_bg_color=\u00bb#083DAD\u00bb button_border_radius=\u00bb5px\u00bb button_font=\u00bbMuller Bold|700|||||||\u00bb button_icon=\u00bb&#x24;||divi||400&#8243; custom_margin=\u00bb||15px||false|false\u00bb custom_padding=\u00bb10px|27px|||false|false\u00bb hover_enabled=\u00bb0&#8243; global_colors_info=\u00bb{}\u00bb sticky_enabled=\u00bb0&#8243;][\/et_pb_button][et_pb_button button_url=\u00bbhttp:\/\/www.tyrellchemical.com\/wp-content\/uploads\/2022\/10\/TM-HT-80.pdf\u00bb url_new_window=\u00bbon\u00bb button_text=\u00bbTM-HT-80&#8243; _builder_version=\u00bb4.18.0&#8243; _module_preset=\u00bbdefault\u00bb custom_button=\u00bbon\u00bb button_text_size=\u00bb16px\u00bb button_text_color=\u00bb#FFFFFF\u00bb button_bg_color=\u00bb#083DAD\u00bb button_border_radius=\u00bb5px\u00bb button_font=\u00bbMuller Bold|700|||||||\u00bb button_icon=\u00bb&#x24;||divi||400&#8243; custom_margin=\u00bb||15px||false|false\u00bb custom_padding=\u00bb10px|25px|||false|false\u00bb global_colors_info=\u00bb{}\u00bb][\/et_pb_button][et_pb_button button_url=\u00bbhttp:\/\/www.tyrellchemical.com\/wp-content\/uploads\/2022\/10\/TM-HT-110.pdf\u00bb url_new_window=\u00bbon\u00bb button_text=\u00bbTM-HT-110&#8243; _builder_version=\u00bb4.18.0&#8243; _module_preset=\u00bbdefault\u00bb custom_button=\u00bbon\u00bb button_text_size=\u00bb16px\u00bb button_text_color=\u00bb#FFFFFF\u00bb button_bg_color=\u00bb#083DAD\u00bb button_border_radius=\u00bb5px\u00bb button_font=\u00bbMuller Bold|700|||||||\u00bb button_icon=\u00bb&#x24;||divi||400&#8243; custom_margin=\u00bb||15px||false|false\u00bb custom_padding=\u00bb10px|22px|||false|false\u00bb global_colors_info=\u00bb{}\u00bb][\/et_pb_button][et_pb_button button_url=\u00bbhttp:\/\/www.tyrellchemical.com\/wp-content\/uploads\/2022\/10\/TM-HT-135.pdf\u00bb url_new_window=\u00bbon\u00bb button_text=\u00bbTM-HT-135&#8243; _builder_version=\u00bb4.19.0&#8243; _module_preset=\u00bbdefault\u00bb custom_button=\u00bbon\u00bb button_text_size=\u00bb16px\u00bb button_text_color=\u00bb#FFFFFF\u00bb button_bg_color=\u00bb#083DAD\u00bb button_border_radius=\u00bb5px\u00bb button_font=\u00bbMuller Bold|700|||||||\u00bb button_icon=\u00bb&#x24;||divi||400&#8243; custom_margin=\u00bb||15px||false|false\u00bb custom_padding=\u00bb10px|22px|||false|false\u00bb hover_enabled=\u00bb0&#8243; global_colors_info=\u00bb{}\u00bb sticky_enabled=\u00bb0&#8243;][\/et_pb_button][et_pb_button button_url=\u00bbhttp:\/\/www.tyrellchemical.com\/wp-content\/uploads\/2022\/10\/TM-HT-170.pdf\u00bb url_new_window=\u00bbon\u00bb button_text=\u00bbTM-HT-170&#8243; _builder_version=\u00bb4.19.0&#8243; _module_preset=\u00bbdefault\u00bb custom_button=\u00bbon\u00bb button_text_size=\u00bb16px\u00bb button_text_color=\u00bb#FFFFFF\u00bb button_bg_color=\u00bb#083DAD\u00bb button_border_radius=\u00bb5px\u00bb button_font=\u00bbMuller Bold|700|||||||\u00bb button_icon=\u00bb&#x24;||divi||400&#8243; custom_margin=\u00bb||15px||false|false\u00bb custom_padding=\u00bb10px|22px|||false|false\u00bb hover_enabled=\u00bb0&#8243; global_colors_info=\u00bb{}\u00bb sticky_enabled=\u00bb0&#8243;][\/et_pb_button][et_pb_button button_url=\u00bbhttp:\/\/www.tyrellchemical.com\/wp-content\/uploads\/2022\/10\/TM-HT-200.pdf\u00bb url_new_window=\u00bbon\u00bb button_text=\u00bbTM-HT-200&#8243; _builder_version=\u00bb4.19.0&#8243; _module_preset=\u00bbdefault\u00bb custom_button=\u00bbon\u00bb button_text_size=\u00bb16px\u00bb button_text_color=\u00bb#FFFFFF\u00bb button_bg_color=\u00bb#083DAD\u00bb button_border_radius=\u00bb5px\u00bb button_font=\u00bbMuller Bold|700|||||||\u00bb button_icon=\u00bb&#x24;||divi||400&#8243; custom_margin=\u00bb||15px||false|false\u00bb custom_padding=\u00bb10px||||false|false\u00bb hover_enabled=\u00bb0&#8243; global_colors_info=\u00bb{}\u00bb sticky_enabled=\u00bb0&#8243;][\/et_pb_button][et_pb_button button_url=\u00bbhttp:\/\/www.tyrellchemical.com\/wp-content\/uploads\/2022\/10\/TM-HT-230.pdf\u00bb url_new_window=\u00bbon\u00bb button_text=\u00bbTM-HT-230&#8243; _builder_version=\u00bb4.19.0&#8243; _module_preset=\u00bbdefault\u00bb custom_button=\u00bbon\u00bb button_text_size=\u00bb16px\u00bb button_text_color=\u00bb#FFFFFF\u00bb button_bg_color=\u00bb#083DAD\u00bb button_border_radius=\u00bb5px\u00bb button_font=\u00bbMuller Bold|700|||||||\u00bb button_icon=\u00bb&#x24;||divi||400&#8243; custom_margin=\u00bb||15px||false|false\u00bb custom_padding=\u00bb10px||||false|false\u00bb hover_enabled=\u00bb0&#8243; global_colors_info=\u00bb{}\u00bb sticky_enabled=\u00bb0&#8243;][\/et_pb_button][et_pb_button button_url=\u00bbhttp:\/\/www.tyrellchemical.com\/wp-content\/uploads\/2022\/10\/TM-HT-270.pdf\u00bb url_new_window=\u00bbon\u00bb button_text=\u00bbTM-HT-270&#8243; _builder_version=\u00bb4.19.0&#8243; _module_preset=\u00bbdefault\u00bb custom_button=\u00bbon\u00bb button_text_size=\u00bb16px\u00bb button_text_color=\u00bb#FFFFFF\u00bb button_bg_color=\u00bb#083DAD\u00bb button_border_radius=\u00bb5px\u00bb button_font=\u00bbMuller Bold|700|||||||\u00bb button_icon=\u00bb&#x24;||divi||400&#8243; custom_margin=\u00bb||15px||false|false\u00bb custom_padding=\u00bb10px||||false|false\u00bb hover_enabled=\u00bb0&#8243; global_colors_info=\u00bb{}\u00bb sticky_enabled=\u00bb0&#8243;][\/et_pb_button][\/et_pb_column_inner][\/et_pb_row_inner][\/et_pb_column][\/et_pb_section]<\/p>\n","protected":false},"excerpt":{"rendered":"<p>Fluidos t\u00e9rmicos HT Fluidos de transferencia de calor de perfluoropoli\u00e9ter (PFPE) qu\u00edmica y t\u00e9rmicamente estables, dise\u00f1ados para funcionar en condiciones extremas. Nuestros productos HT son inertes y diel\u00e9ctricos con puntos de ebullici\u00f3n que van de 55 \u030aC a 270 \u030aC con una temperatura de uso final de hasta 290 \u030aC.\u00c1reas de aplicaci\u00f3n Fabricaci\u00f3n de productos [&hellip;]<\/p>\n","protected":false},"author":1,"featured_media":0,"parent":0,"menu_order":0,"comment_status":"closed","ping_status":"closed","template":"","meta":{"_et_pb_use_builder":"on","_et_pb_old_content":"","_et_gb_content_width":"","footnotes":""},"class_list":["post-760","page","type-page","status-publish","hentry"],"_links":{"self":[{"href":"https:\/\/www.tyrellchemical.com\/es\/wp-json\/wp\/v2\/pages\/760"}],"collection":[{"href":"https:\/\/www.tyrellchemical.com\/es\/wp-json\/wp\/v2\/pages"}],"about":[{"href":"https:\/\/www.tyrellchemical.com\/es\/wp-json\/wp\/v2\/types\/page"}],"author":[{"embeddable":true,"href":"https:\/\/www.tyrellchemical.com\/es\/wp-json\/wp\/v2\/users\/1"}],"replies":[{"embeddable":true,"href":"https:\/\/www.tyrellchemical.com\/es\/wp-json\/wp\/v2\/comments?post=760"}],"version-history":[{"count":5,"href":"https:\/\/www.tyrellchemical.com\/es\/wp-json\/wp\/v2\/pages\/760\/revisions"}],"predecessor-version":[{"id":796,"href":"https:\/\/www.tyrellchemical.com\/es\/wp-json\/wp\/v2\/pages\/760\/revisions\/796"}],"wp:attachment":[{"href":"https:\/\/www.tyrellchemical.com\/es\/wp-json\/wp\/v2\/media?parent=760"}],"curies":[{"name":"wp","href":"https:\/\/api.w.org\/{rel}","templated":true}]}}