{"id":765,"date":"2022-09-29T18:09:45","date_gmt":"2022-09-29T23:09:45","guid":{"rendered":"http:\/\/www.tyrellchemical.com\/nuestra-empresa\/"},"modified":"2022-12-01T05:31:21","modified_gmt":"2022-12-01T10:31:21","slug":"nuestra-empresa","status":"publish","type":"page","link":"https:\/\/www.tyrellchemical.com\/es\/nuestra-empresa\/","title":{"rendered":"Nuestra empresa"},"content":{"rendered":"<p>[et_pb_section fb_built=\u00bb1&#8243; _builder_version=\u00bb4.18.0&#8243; _module_preset=\u00bbdefault\u00bb background_color=\u00bb#000000&#8243; use_background_color_gradient=\u00bbon\u00bb background_color_gradient_stops=\u00bbrgba(0,0,0,0.2) 0%|rgba(0,0,0,0.1) 100%\u00bb background_color_gradient_overlays_image=\u00bbon\u00bb background_image=\u00bbhttps:\/\/www.tyrellchemical.com\/wp-content\/uploads\/2022\/09\/about-us.jpg\u00bb min_height=\u00bb80vh\u00bb min_height_tablet=\u00bb50vh\u00bb min_height_phone=\u00bb50vh\u00bb min_height_last_edited=\u00bbon|phone\u00bb custom_css_main_element=\u00bbdisplay:flex;||margin:auto;\u00bb global_colors_info=\u00bb{}\u00bb][et_pb_row _builder_version=\u00bb4.18.0&#8243; _module_preset=\u00bbdefault\u00bb width=\u00bb90%\u00bb max_width=\u00bb2560px\u00bb global_colors_info=\u00bb{}\u00bb][et_pb_column type=\u00bb4_4&#8243; _builder_version=\u00bb4.18.0&#8243; _module_preset=\u00bbdefault\u00bb global_colors_info=\u00bb{}\u00bb][et_pb_text content_tablet=\u00bb<\/p>\n<h2><b>Nuestra empresa<\/b><\/h2>\n<p>\u00bb content_phone=\u00bb<\/p>\n<h2><b>Nuestro<br \/>Empresa<\/b><\/h2>\n<p>\u00bb content_last_edited=\u00bbon|phone\u00bb _builder_version=\u00bb4.18.0&#8243; _module_preset=\u00bbdefault\u00bb header_2_font=\u00bbMuller Bold|700|||||||\u00bb header_2_text_color=\u00bb#FFFFFF\u00bb header_2_font_size=\u00bb52px\u00bb animation_style=\u00bbslide\u00bb animation_direction=\u00bbbottom\u00bb header_2_font_size_tablet=\u00bb52px\u00bb header_2_font_size_phone=\u00bb40px\u00bb header_2_font_size_last_edited=\u00bbon|phone\u00bb global_colors_info=\u00bb{}\u00bb]<\/p>\n<h2><b>Nuestra empresa<\/b><\/h2>\n<p>[\/et_pb_text][\/et_pb_column][\/et_pb_row][\/et_pb_section][et_pb_section fb_built=\u00bb1&#8243; _builder_version=\u00bb4.18.0&#8243; _module_preset=\u00bbdefault\u00bb background_color=\u00bb#FFFFFF\u00bb use_background_color_gradient=\u00bbon\u00bb background_color_gradient_direction=\u00bb90deg\u00bb background_color_gradient_stops=\u00bb#ffffff 22%|rgba(41,196,169,0) 24%\u00bb background_color_gradient_overlays_image=\u00bbon\u00bb background_image=\u00bbhttps:\/\/www.tyrellchemical.com\/wp-content\/uploads\/2022\/09\/28.jpg\u00bb background_position=\u00bbcenter_right\u00bb custom_margin=\u00bb50px||50px||false|false\u00bb custom_margin_tablet=\u00bb50px||50px||false|false\u00bb custom_margin_phone=\u00bb30px||30px||true|false\u00bb custom_margin_last_edited=\u00bbon|tablet\u00bb background_last_edited=\u00bbon|tablet\u00bb background_color_gradient_overlays_image_tablet=\u00bboff\u00bb background_size_tablet=\u00bbcontain\u00bb background_position_tablet=\u00bbtop_center\u00bb locked=\u00bboff\u00bb global_colors_info=\u00bb{}\u00bb][et_pb_row column_structure=\u00bb1_2,1_2&#8243; make_equal=\u00bbon\u00bb custom_padding_last_edited=\u00bbon|phone\u00bb _builder_version=\u00bb4.18.0&#8243; _module_preset=\u00bbdefault\u00bb width=\u00bb100%\u00bb width_tablet=\u00bb80%\u00bb width_phone=\u00bb80%\u00bb width_last_edited=\u00bbon|tablet\u00bb max_width=\u00bb2560px\u00bb custom_padding_tablet=\u00bb200px||||false|false\u00bb custom_padding_phone=\u00bb100px||||false|false\u00bb global_colors_info=\u00bb{}\u00bb][et_pb_column type=\u00bb1_2&#8243; _builder_version=\u00bb4.18.0&#8243; _module_preset=\u00bbdefault\u00bb background_color=\u00bb#FFFFFF\u00bb custom_padding=\u00bb70px|5%|70px|5%|true|false\u00bb custom_padding_tablet=\u00bb40px||40px||true|false\u00bb custom_padding_phone=\u00bb40px||40px||true|false\u00bb custom_padding_last_edited=\u00bbon|tablet\u00bb custom_css_main_element=\u00bbwidth:65%!important\u00bb box_shadow_style=\u00bbpreset1&#8243; box_shadow_color=\u00bbrgba(0,0,0,0.5)\u00bb global_colors_info=\u00bb{}\u00bb custom_css_main_element_last_edited=\u00bbon|tablet\u00bb custom_css_main_element_tablet=\u00bbwidth:100%!important\u00bb custom_css_main_element_phone=\u00bbwidth:100%!important\u00bb][et_pb_text _builder_version=\u00bb4.18.0&#8243; _module_preset=\u00bbdefault\u00bb text_font=\u00bbMuller Regular||||||||\u00bb text_text_color=\u00bb#000000&#8243; text_font_size=\u00bb16px\u00bb header_2_font=\u00bbMuller Bold|700|||||||\u00bb header_2_text_align=\u00bbleft\u00bb header_2_text_color=\u00bb#083dad\u00bb header_2_font_size=\u00bb38px\u00bb text_orientation=\u00bbcenter\u00bb custom_margin_tablet=\u00bb\u00bb custom_margin_phone=\u00bb||10px||false|false\u00bb custom_margin_last_edited=\u00bbon|phone\u00bb animation_style=\u00bbslide\u00bb animation_direction=\u00bbbottom\u00bb header_2_font_size_tablet=\u00bb38px\u00bb header_2_font_size_phone=\u00bb25px\u00bb header_2_font_size_last_edited=\u00bbon|phone\u00bb locked=\u00bboff\u00bb global_colors_info=\u00bb{}\u00bb]<\/p>\n<h2>Reacciones <span style=\"color: #25b2ee;\">transformadas<\/span><\/h2>\n<p>[\/et_pb_text][et_pb_text _builder_version=\u00bb4.18.0&#8243; _module_preset=\u00bbdefault\u00bb text_text_color=\u00bb#083DAD\u00bb text_font_size=\u00bb20px\u00bb header_2_font=\u00bbMuller Bold|700|||||||\u00bb header_2_text_color=\u00bb#25B2EE\u00bb header_2_font_size=\u00bb38px\u00bb custom_margin=\u00bb||10px||false|false\u00bb custom_padding=\u00bb||0px||false|false\u00bb text_font_size_tablet=\u00bb20px\u00bb text_font_size_phone=\u00bb18px\u00bb text_font_size_last_edited=\u00bbon|phone\u00bb locked=\u00bboff\u00bb global_colors_info=\u00bb{}\u00bb]<\/p>\n<p><b>Tyrell Chemical produce soluciones espec\u00edficas para sostener y transformar la cadena de suministro de fluidos de transferencia de calor.<\/b><\/p>\n<p>[\/et_pb_text][et_pb_text _builder_version=\u00bb4.18.0&#8243; _module_preset=\u00bbdefault\u00bb text_font=\u00bbMuller Regular||||||||\u00bb text_text_color=\u00bb#333333&#8243; text_font_size=\u00bb16px\u00bb animation_style=\u00bbfade\u00bb animation_direction=\u00bbbottom\u00bb text_font_size_tablet=\u00bb16px\u00bb text_font_size_phone=\u00bb14px\u00bb text_font_size_last_edited=\u00bbon|phone\u00bb locked=\u00bboff\u00bb global_colors_info=\u00bb{}\u00bb]<\/p>\n<p><span style=\"font-weight: 400;\">Nuestra empresa ofrece una amplia gama de fluidos de transferencia t\u00e9rmica que son qu\u00edmica y t\u00e9rmicamente estables en una amplia gama de aplicaciones y condiciones. Tyrell Chemical cuenta con d\u00e9cadas de relaciones con profesionales de la industria que nos permiten producir productos qu\u00edmicos espec\u00edficos de la industria de alta calidad para sustituir a fabricantes similares o permitir la diversidad de la cadena de suministro. Nuestro equipo cuenta con personal tanto en Estados Unidos como en el extranjero, lo que nos permite tener las manos en la masa y una cadena de suministro de punto a punto. Ya sea desde nuestros almacenes nacionales o directamente desde nuestras instalaciones de fabricaci\u00f3n, Tyrell Chemical es capaz de ofrecer un suministro garantizado tanto a nivel local como en el extranjero.<\/span><\/p>\n<p>[\/et_pb_text][\/et_pb_column][et_pb_column type=\u00bb1_2&#8243; _builder_version=\u00bb4.18.0&#8243; _module_preset=\u00bbdefault\u00bb background_enable_image=\u00bboff\u00bb global_colors_info=\u00bb{}\u00bb][\/et_pb_column][\/et_pb_row][\/et_pb_section][et_pb_section fb_built=\u00bb1&#8243; _builder_version=\u00bb4.19.2&#8243; _module_preset=\u00bbdefault\u00bb background_color=\u00bb#FFFFFF\u00bb use_background_color_gradient=\u00bbon\u00bb background_color_gradient_direction=\u00bb90deg\u00bb background_color_gradient_stops=\u00bbrgba(255,255,255,0) 70%|#ffffff 70%\u00bb background_color_gradient_overlays_image=\u00bbon\u00bb background_image=\u00bbhttps:\/\/www.tyrellchemical.com\/wp-content\/uploads\/2022\/09\/20.jpg\u00bb hover_enabled=\u00bb0&#8243; locked=\u00bboff\u00bb global_colors_info=\u00bb{}\u00bb title_text=\u00bb20&#8243; sticky_enabled=\u00bb0&#8243;][et_pb_row column_structure=\u00bb1_2,1_2&#8243; custom_padding_last_edited=\u00bbon|phone\u00bb _builder_version=\u00bb4.18.0&#8243; _module_preset=\u00bbdefault\u00bb width=\u00bb100%\u00bb max_width=\u00bb2560px\u00bb module_alignment=\u00bbright\u00bb custom_padding_tablet=\u00bb\u00bb custom_padding_phone=\u00bb||0px||false|false\u00bb global_colors_info=\u00bb{}\u00bb][et_pb_column type=\u00bb1_2&#8243; _builder_version=\u00bb4.16&#8243; _module_preset=\u00bbdefault\u00bb global_colors_info=\u00bb{}\u00bb][\/et_pb_column][et_pb_column type=\u00bb1_2&#8243; _builder_version=\u00bb4.18.0&#8243; _module_preset=\u00bbdefault\u00bb background_color=\u00bb#ffffff\u00bb custom_padding=\u00bb70px|5%|70px|5%|true|false\u00bb box_shadow_style=\u00bbpreset1&#8243; box_shadow_color=\u00bbrgba(0,0,0,0.5)\u00bb global_colors_info=\u00bb{}\u00bb][et_pb_text _builder_version=\u00bb4.18.0&#8243; _module_preset=\u00bbdefault\u00bb text_font=\u00bbMuller Regular||||||||\u00bb text_text_color=\u00bb#000000&#8243; text_font_size=\u00bb16px\u00bb header_2_font=\u00bbMuller Bold|700|||||||\u00bb header_2_text_color=\u00bb#083dad\u00bb header_2_font_size=\u00bb38px\u00bb animation_style=\u00bbslide\u00bb animation_direction=\u00bbbottom\u00bb global_colors_info=\u00bb{}\u00bb]<\/p>\n<h2>Declaraci\u00f3n de intenciones<\/h2>\n<p>[\/et_pb_text][et_pb_text _builder_version=\u00bb4.18.0&#8243; _module_preset=\u00bbdefault\u00bb text_font=\u00bbMuller Regular||||||||\u00bb text_text_color=\u00bb#333333&#8243; text_font_size=\u00bb16px\u00bb custom_padding=\u00bb||||false|false\u00bb animation_style=\u00bbfade\u00bb animation_direction=\u00bbleft\u00bb global_colors_info=\u00bb{}\u00bb]El objetivo de Tyrell Chemical es proporcionar productos qu\u00edmicos de alta calidad para aplicaciones de fabricaci\u00f3n especializadas. Estamos comprometidos con la gesti\u00f3n del control de calidad y las pr\u00e1cticas seguras para el medio ambiente, y nuestro objetivo es ofrecer soluciones espec\u00edficas que sostengan y diversifiquen las cadenas de suministro de fluidos de transferencia t\u00e9rmica.  [\/et_pb_text][\/et_pb_column][\/et_pb_row][\/et_pb_section]<\/p>\n","protected":false},"excerpt":{"rendered":"<p>Nuestra empresaReacciones transformadasTyrell Chemical produce soluciones espec\u00edficas para sostener y transformar la cadena de suministro de fluidos de transferencia de calor.Nuestra empresa ofrece una amplia gama de fluidos de transferencia t\u00e9rmica que son qu\u00edmica y t\u00e9rmicamente estables en una amplia gama de aplicaciones y condiciones. Tyrell Chemical cuenta con d\u00e9cadas de relaciones con profesionales de [&hellip;]<\/p>\n","protected":false},"author":1,"featured_media":0,"parent":0,"menu_order":0,"comment_status":"closed","ping_status":"closed","template":"","meta":{"_et_pb_use_builder":"on","_et_pb_old_content":"","_et_gb_content_width":"","footnotes":""},"class_list":["post-765","page","type-page","status-publish","hentry"],"_links":{"self":[{"href":"https:\/\/www.tyrellchemical.com\/es\/wp-json\/wp\/v2\/pages\/765"}],"collection":[{"href":"https:\/\/www.tyrellchemical.com\/es\/wp-json\/wp\/v2\/pages"}],"about":[{"href":"https:\/\/www.tyrellchemical.com\/es\/wp-json\/wp\/v2\/types\/page"}],"author":[{"embeddable":true,"href":"https:\/\/www.tyrellchemical.com\/es\/wp-json\/wp\/v2\/users\/1"}],"replies":[{"embeddable":true,"href":"https:\/\/www.tyrellchemical.com\/es\/wp-json\/wp\/v2\/comments?post=765"}],"version-history":[{"count":13,"href":"https:\/\/www.tyrellchemical.com\/es\/wp-json\/wp\/v2\/pages\/765\/revisions"}],"predecessor-version":[{"id":2914,"href":"https:\/\/www.tyrellchemical.com\/es\/wp-json\/wp\/v2\/pages\/765\/revisions\/2914"}],"wp:attachment":[{"href":"https:\/\/www.tyrellchemical.com\/es\/wp-json\/wp\/v2\/media?parent=765"}],"curies":[{"name":"wp","href":"https:\/\/api.w.org\/{rel}","templated":true}]}}