{"id":834,"date":"2022-11-20T11:48:11","date_gmt":"2022-11-20T11:48:11","guid":{"rendered":"http:\/\/www.tyrellchemical.com\/liquido-desengrasante-de-vapor\/"},"modified":"2022-11-24T21:25:44","modified_gmt":"2022-11-24T21:25:44","slug":"liquido-desengrasante-de-vapor","status":"publish","type":"page","link":"https:\/\/www.tyrellchemical.com\/es\/liquido-desengrasante-de-vapor\/","title":{"rendered":"L\u00edquido desengrasante de vapor"},"content":{"rendered":"<p>[et_pb_section fb_built=\u00bb1&#8243; _builder_version=\u00bb4.19.1&#8243; _module_preset=\u00bbdefault\u00bb global_colors_info=\u00bb{}\u00bb][\/et_pb_section][et_pb_section fb_built=\u00bb1&#8243; _builder_version=\u00bb4.18.0&#8243; _module_preset=\u00bbdefault\u00bb background_color=\u00bb#FFFFFF\u00bb background_image=\u00bbhttp:\/\/www.tyrellchemical.com\/wp-content\/uploads\/2022\/10\/img-e1664700739234.jpg\u00bb background_size=\u00bbcustom\u00bb background_image_width=\u00bb50%\u00bb background_position=\u00bbcenter_right\u00bb min_height=\u00bb50vh\u00bb min_height_tablet=\u00bb50vh\u00bb min_height_phone=\u00bb20vh\u00bb min_height_last_edited=\u00bbon|phone\u00bb background_last_edited=\u00bbon|tablet\u00bb background_image_width_tablet=\u00bb40%\u00bb background_image_width_phone=\u00bb50%\u00bb background_position_phone=\u00bbtop_right\u00bb background_horizontal_offset_phone=\u00bb0%\u00bb module_alignment_tablet=\u00bb\u00bb module_alignment_phone=\u00bb\u00bb module_alignment_last_edited=\u00bbon|tablet\u00bb custom_css_main_element=\u00bbdisplay:flex;||margin:auto;\u00bb locked=\u00bboff\u00bb global_colors_info=\u00bb{}\u00bb][et_pb_row _builder_version=\u00bb4.18.0&#8243; _module_preset=\u00bbdefault\u00bb width=\u00bb90%\u00bb max_width=\u00bb2560px\u00bb global_colors_info=\u00bb{}\u00bb][et_pb_column type=\u00bb4_4&#8243; _builder_version=\u00bb4.18.0&#8243; _module_preset=\u00bbdefault\u00bb global_colors_info=\u00bb{}\u00bb][et_pb_text content_tablet=\u00bb<\/p>\n<h2><b>  Vapor  <br \/>L\u00edquido desengrasante<\/b><\/h2>\n<p>\u00bb content_phone=\u00bb<\/p>\n<h2><b>  Vapor  <br \/>L\u00edquido desengrasante<\/b><\/h2>\n<p>\u00bb content_last_edited=\u00bbon|phone\u00bb _builder_version=\u00bb4.19.1&#8243; _module_preset=\u00bbdefault\u00bb header_2_font=\u00bbMuller Bold|700|||||||\u00bb header_2_text_color=\u00bb#083DAD\u00bb header_2_font_size=\u00bb52px\u00bb animation_style=\u00bbslide\u00bb animation_direction=\u00bbbottom\u00bb hover_enabled=\u00bb0&#8243; header_2_font_size_tablet=\u00bb52px\u00bb header_2_font_size_phone=\u00bb40px\u00bb header_2_font_size_last_edited=\u00bbon|tablet\u00bb global_colors_info=\u00bb{}\u00bb sticky_enabled=\u00bb0&#8243;]<\/p>\n<h2><b>L\u00edquido desengrasante de vapor<\/b><\/h2>\n<p>[\/et_pb_text][\/et_pb_column][\/et_pb_row][\/et_pb_section][et_pb_section fb_built=\u00bb1&#8243; specialty=\u00bbon\u00bb custom_css_main_1=\u00bbwidth:20%!important\u00bb custom_css_main_2=\u00bbwidth:70%!important\u00bb module_class=\u00bbht\u00bb _builder_version=\u00bb4.19.0&#8243; _module_preset=\u00bbdefault\u00bb custom_margin=\u00bb||50px||false|false\u00bb custom_padding=\u00bb||0px||false|false\u00bb global_colors_info=\u00bb{}\u00bb][et_pb_column type=\u00bb1_4&#8243; _builder_version=\u00bb4.16&#8243; custom_padding=\u00bb|||\u00bb global_colors_info=\u00bb{}\u00bb custom_padding__hover=\u00bb|||\u00bb][et_pb_menu menu_id=\u00bb5&#8243; active_link_color=\u00bb#FFFFFF\u00bb disabled_on=\u00bbon|on|off\u00bb module_class=\u00bbpa-vertical-menu \u00bb _builder_version=\u00bb4.19.0&#8243; _module_preset=\u00bbdefault\u00bb menu_font=\u00bbMuller Bold|700|||||||\u00bb menu_text_color=\u00bb#000000&#8243; menu_font_size=\u00bb12px\u00bb menu_line_height=\u00bb18px\u00bb background_color=\u00bbrgba(255,255,255,0)\u00bb custom_padding=\u00bb||||false|true\u00bb sticky_position=\u00bbtop\u00bb sticky_limit_bottom=\u00bbsection\u00bb global_colors_info=\u00bb{}\u00bb active_link_color__hover_enabled=\u00bbon|hover\u00bb active_link_color__hover=\u00bb#FFFFFF\u00bb menu_text_color__hover_enabled=\u00bbon|hover\u00bb menu_text_color__hover=\u00bb#FFFFFF\u00bb menu_font_size__hover_enabled=\u00bbon|hover\u00bb menu_font_size__hover=\u00bb18px\u00bb][\/et_pb_menu][\/et_pb_column][et_pb_column type=\u00bb3_4&#8243; specialty_columns=\u00bb3&#8243; _builder_version=\u00bb4.16&#8243; custom_padding=\u00bb|||\u00bb global_colors_info=\u00bb{}\u00bb custom_padding__hover=\u00bb|||\u00bb][et_pb_row_inner _builder_version=\u00bb4.18.0&#8243; _module_preset=\u00bbdefault\u00bb custom_padding=\u00bb|10px||10px|false|true\u00bb global_colors_info=\u00bb{}\u00bb][et_pb_column_inner saved_specialty_column_type=\u00bb3_4&#8243; _builder_version=\u00bb4.18.0&#8243; _module_preset=\u00bbdefault\u00bb global_colors_info=\u00bb{}\u00bb][et_pb_text _builder_version=\u00bb4.19.1&#8243; _module_preset=\u00bbdefault\u00bb text_font=\u00bbMuller Regular||||||||\u00bb text_text_color=\u00bb#333333&#8243; text_font_size=\u00bb16px\u00bb global_colors_info=\u00bb{}\u00bb]Aunque las tres l\u00edneas de fluidos de transferencia de calor de Tyrell Chemical est\u00e1n formuladas para su uso como fluidos desengrasantes de vapor, tambi\u00e9n tenemos una formulaci\u00f3n alternativa a los fluidos de hidroclorofluorocarbono (HCFC) y perfluorocarbono (PFC). El TM-3075DA es un fluido patentado que permite un amplio perfil de seguridad y sirve como una opci\u00f3n m\u00e1s rentable y ecol\u00f3gica para las aplicaciones de desengrase.[\/et_pb_text][\/et_pb_column_inner][\/et_pb_row_inner][et_pb_row_inner module_id=\u00bbaplication-areas\u00bb module_class=\u00bbps2id\u00bb _builder_version=\u00bb4.18.0&#8243; _module_preset=\u00bbdefault\u00bb background_enable_color=\u00bboff\u00bb custom_padding=\u00bb||||false|true\u00bb global_colors_info=\u00bb{}\u00bb][et_pb_column_inner saved_specialty_column_type=\u00bb3_4&#8243; _builder_version=\u00bb4.18.0&#8243; _module_preset=\u00bbdefault\u00bb global_colors_info=\u00bb{}\u00bb][et_pb_text _builder_version=\u00bb4.18.0&#8243; _module_preset=\u00bbdefault\u00bb header_2_text_color=\u00bb#083DAD\u00bb background_color=\u00bb#f7f7f7&#8243; custom_margin=\u00bb||10px||false|false\u00bb custom_padding=\u00bb25px|10px|20px|10px|false|true\u00bb global_colors_info=\u00bb{}\u00bb]<\/p>\n<h2><b>\u00c1reas de aplicaci\u00f3n<\/b><\/h2>\n<p>[\/et_pb_text][et_pb_text _builder_version=\u00bb4.19.1&#8243; _module_preset=\u00bbdefault\u00bb text_font=\u00bbMuller Regular||||||||\u00bb text_text_color=\u00bb#333333&#8243; text_font_size=\u00bb16px\u00bb custom_padding=\u00bb|10px||10px|false|true\u00bb global_colors_info=\u00bb{}\u00bb]<\/p>\n<ul>\n<li style=\"font-weight: 400;\" aria-level=\"1\"><span style=\"font-weight: 400;\">Agente de limpieza, aclarado y secado<\/span><\/li>\n<li style=\"font-weight: 400;\" aria-level=\"1\"><span style=\"font-weight: 400;\">Lubricante  <\/span><\/li>\n<li style=\"font-weight: 400;\" aria-level=\"1\"><span style=\"font-weight: 400;\">Limpieza de precisi\u00f3n<\/span><\/li>\n<li style=\"font-weight: 400;\" aria-level=\"1\"><span style=\"font-weight: 400;\">Eliminaci\u00f3n de part\u00edculas<\/span><\/li>\n<li style=\"font-weight: 400;\" aria-level=\"1\"><span style=\"font-weight: 400;\">Eliminaci\u00f3n i\u00f3nica<\/span><\/li>\n<li style=\"font-weight: 400;\" aria-level=\"1\"><span style=\"font-weight: 400;\">Limpiador de reflujo de colofonia, aceites, grasas y ceras<\/span><\/li>\n<li style=\"font-weight: 400;\" aria-level=\"1\"><span style=\"font-weight: 400;\">Aplicaciones de deflujo<\/span><span style=\"font-weight: 400;\"><\/span><\/li>\n<\/ul>\n<p>[\/et_pb_text][\/et_pb_column_inner][\/et_pb_row_inner][et_pb_row_inner module_id=\u00bbproperties\u00bb module_class=\u00bbps2id\u00bb _builder_version=\u00bb4.18.0&#8243; _module_preset=\u00bbdefault\u00bb background_enable_color=\u00bboff\u00bb custom_padding=\u00bb||||false|true\u00bb global_colors_info=\u00bb{}\u00bb][et_pb_column_inner saved_specialty_column_type=\u00bb3_4&#8243; _builder_version=\u00bb4.18.0&#8243; _module_preset=\u00bbdefault\u00bb global_colors_info=\u00bb{}\u00bb][et_pb_text _builder_version=\u00bb4.18.0&#8243; _module_preset=\u00bbdefault\u00bb header_2_text_color=\u00bb#083DAD\u00bb background_color=\u00bb#f7f7f7&#8243; custom_margin=\u00bb||10px||false|false\u00bb custom_padding=\u00bb25px|10px|20px|10px|false|true\u00bb global_colors_info=\u00bb{}\u00bb]<\/p>\n<h2><b>Propiedades y ventajas de uso<br \/><\/b><\/h2>\n<p>[\/et_pb_text][et_pb_text _builder_version=\u00bb4.19.1&#8243; _module_preset=\u00bbdefault\u00bb text_font=\u00bbMuller Regular||||||||\u00bb text_text_color=\u00bb#333333&#8243; text_font_size=\u00bb16px\u00bb custom_padding=\u00bb|10px||10px|false|true\u00bb global_colors_info=\u00bb{}\u00bb]<\/p>\n<ul>\n<li style=\"font-weight: 400;\" aria-level=\"1\"><span style=\"font-weight: 400;\">Potencial de agotamiento de la capa de ozono cero  <\/span><\/li>\n<li style=\"font-weight: 400;\" aria-level=\"1\"><span style=\"font-weight: 400;\">Alta solubilidad y baja tensi\u00f3n superficial<\/span><\/li>\n<li style=\"font-weight: 400;\" aria-level=\"1\"><span style=\"font-weight: 400;\">Formulaci\u00f3n estable ideal para el desengrase por inmersi\u00f3n y por vapor  <\/span><\/li>\n<li style=\"font-weight: 400;\" aria-level=\"1\">Eliminaci\u00f3n i\u00f3nica mejorada<\/li>\n<li style=\"font-weight: 400;\" aria-level=\"1\"><span style=\"font-weight: 400;\">No inflamable  <\/span><\/li>\n<li>Baja toxicidad para la seguridad de los trabajadores<\/li>\n<\/ul>\n<p>[\/et_pb_text][\/et_pb_column_inner][\/et_pb_row_inner][et_pb_row_inner module_id=\u00bbproduct\u00bb module_class=\u00bbps2id\u00bb _builder_version=\u00bb4.18.0&#8243; _module_preset=\u00bbdefault\u00bb background_enable_color=\u00bboff\u00bb custom_padding=\u00bb||||false|true\u00bb global_colors_info=\u00bb{}\u00bb][et_pb_column_inner saved_specialty_column_type=\u00bb3_4&#8243; _builder_version=\u00bb4.18.0&#8243; _module_preset=\u00bbdefault\u00bb global_colors_info=\u00bb{}\u00bb][et_pb_text _builder_version=\u00bb4.18.0&#8243; _module_preset=\u00bbdefault\u00bb header_2_text_color=\u00bb#083DAD\u00bb background_color=\u00bb#f7f7f7&#8243; custom_margin=\u00bb||10px||false|false\u00bb custom_padding=\u00bb25px|10px|20px|10px|false|true\u00bb global_colors_info=\u00bb{}\u00bb]<\/p>\n<h2><b>Detalles del producto<br \/><\/b><\/h2>\n<p>[\/et_pb_text][et_pb_image src=\u00bbhttp:\/\/www.tyrellchemical.com\/wp-content\/uploads\/2022\/11\/cuadro-vapor3.jpg\u00bb title_text=\u00bbcuadro-vapor3&#8243; show_in_lightbox=\u00bbon\u00bb align=\u00bbcenter\u00bb _builder_version=\u00bb4.19.1&#8243; _module_preset=\u00bbdefault\u00bb background_color=\u00bb#FFFFFF\u00bb custom_margin=\u00bb||||false|false\u00bb custom_padding=\u00bb||||false|false\u00bb global_colors_info=\u00bb{}\u00bb][\/et_pb_image][\/et_pb_column_inner][\/et_pb_row_inner][et_pb_row_inner module_id=\u00bbmaterial\u00bb module_class=\u00bbps2id\u00bb _builder_version=\u00bb4.18.0&#8243; _module_preset=\u00bbdefault\u00bb background_enable_color=\u00bboff\u00bb custom_padding=\u00bb0px||||false|true\u00bb global_colors_info=\u00bb{}\u00bb][et_pb_column_inner saved_specialty_column_type=\u00bb3_4&#8243; _builder_version=\u00bb4.18.0&#8243; _module_preset=\u00bbdefault\u00bb global_colors_info=\u00bb{}\u00bb][et_pb_text _builder_version=\u00bb4.18.0&#8243; _module_preset=\u00bbdefault\u00bb header_2_text_color=\u00bb#083DAD\u00bb background_color=\u00bb#f7f7f7&#8243; custom_margin=\u00bb||10px||false|false\u00bb custom_padding=\u00bb25px|10px|20px|10px|false|true\u00bb global_colors_info=\u00bb{}\u00bb]<\/p>\n<h2><b>Compatibilidad de materiales<\/b><\/h2>\n<p>[\/et_pb_text][et_pb_text _builder_version=\u00bb4.19.1&#8243; _module_preset=\u00bbdefault\u00bb text_font=\u00bbMuller Regular||||||||\u00bb text_text_color=\u00bb#333333&#8243; text_font_size=\u00bb16px\u00bb custom_padding=\u00bb|10px||10px|false|true\u00bb global_colors_info=\u00bb{}\u00bb]<\/p>\n<p>Este producto no es compatible con metales alcalinos, metales alcalinot\u00e9rreos, material en polvo, polvo<br \/>sal met\u00e1lica, \u00e1lcalis\/bases fuertes y agentes oxidantes fuertes.<\/p>\n<p>[\/et_pb_text][\/et_pb_column_inner][\/et_pb_row_inner][et_pb_row_inner module_id=\u00bbsafety\u00bb module_class=\u00bbps2id\u00bb _builder_version=\u00bb4.18.0&#8243; _module_preset=\u00bbdefault\u00bb background_enable_color=\u00bboff\u00bb custom_padding=\u00bb0px||||false|true\u00bb global_colors_info=\u00bb{}\u00bb][et_pb_column_inner saved_specialty_column_type=\u00bb3_4&#8243; _builder_version=\u00bb4.18.0&#8243; _module_preset=\u00bbdefault\u00bb global_colors_info=\u00bb{}\u00bb][et_pb_text _builder_version=\u00bb4.18.0&#8243; _module_preset=\u00bbdefault\u00bb header_2_text_color=\u00bb#083DAD\u00bb background_color=\u00bb#f7f7f7&#8243; custom_margin=\u00bb||10px||false|false\u00bb custom_padding=\u00bb25px|10px|20px|10px|false|true\u00bb global_colors_info=\u00bb{}\u00bb]<\/p>\n<h2><b>Perfil de seguridad<\/b><\/h2>\n<p>[\/et_pb_text][et_pb_text _builder_version=\u00bb4.19.1&#8243; _module_preset=\u00bbdefault\u00bb text_font=\u00bbMuller Regular||||||||\u00bb text_text_color=\u00bb#333333&#8243; text_font_size=\u00bb16px\u00bb custom_padding=\u00bb|10px||10px|false|true\u00bb hover_enabled=\u00bb0&#8243; global_colors_info=\u00bb{}\u00bb sticky_enabled=\u00bb0&#8243;]<\/p>\n<p><span style=\"font-weight: 400;\">Puede producirse una ligera irritaci\u00f3n de la piel y de los ojos. La toxicidad aguda por inhalaci\u00f3n es baja.<\/span><\/p>\n<p><span style=\"font-weight: 400;\"><\/span><\/p>\n<p><span style=\"font-weight: 400;\">Enlaces a las fichas t\u00e9cnicas:<\/span><\/p>\n<p>[\/et_pb_text][\/et_pb_column_inner][\/et_pb_row_inner][et_pb_row_inner module_id=\u00bbsafety\u00bb module_class=\u00bbps2id\u00bb _builder_version=\u00bb4.19.0&#8243; _module_preset=\u00bbdefault\u00bb background_enable_color=\u00bboff\u00bb custom_padding=\u00bb0px||||false|true\u00bb global_colors_info=\u00bb{}\u00bb locked=\u00bboff\u00bb][et_pb_column_inner saved_specialty_column_type=\u00bb3_4&#8243; _builder_version=\u00bb4.19.0&#8243; _module_preset=\u00bbdefault\u00bb custom_css_main_element=\u00bbdisplay:flex!important;||width:100%!important;||flex-wrap:wrap\u00bb global_colors_info=\u00bb{}\u00bb][et_pb_button button_url=\u00bbhttp:\/\/www.tyrellchemical.com\/wp-content\/uploads\/2022\/11\/TM-3075DA.pdf\u00bb url_new_window=\u00bbon\u00bb button_text=\u00bbTM-3075DA\u00bb _builder_version=\u00bb4.19.1&#8243; _module_preset=\u00bbdefault\u00bb custom_button=\u00bbon\u00bb button_text_size=\u00bb16px\u00bb button_text_color=\u00bb#FFFFFF\u00bb button_bg_color=\u00bb#083DAD\u00bb button_border_radius=\u00bb5px\u00bb button_font=\u00bbMuller Bold|700|||||||\u00bb button_icon=\u00bb&#x24;||divi||400&#8243; custom_margin=\u00bb||15px||false|false\u00bb custom_padding=\u00bb10px||||false|false\u00bb hover_enabled=\u00bb0&#8243; global_colors_info=\u00bb{}\u00bb sticky_enabled=\u00bb0&#8243;][\/et_pb_button][\/et_pb_column_inner][\/et_pb_row_inner][\/et_pb_column][\/et_pb_section]<\/p>\n","protected":false},"excerpt":{"rendered":"<p>L\u00edquido desengrasante de vaporAunque las tres l\u00edneas de fluidos de transferencia de calor de Tyrell Chemical est\u00e1n formuladas para su uso como fluidos desengrasantes de vapor, tambi\u00e9n tenemos una formulaci\u00f3n alternativa a los fluidos de hidroclorofluorocarbono (HCFC) y perfluorocarbono (PFC). El TM-3075DA es un fluido patentado que permite un amplio perfil de seguridad y sirve [&hellip;]<\/p>\n","protected":false},"author":1,"featured_media":0,"parent":0,"menu_order":0,"comment_status":"closed","ping_status":"closed","template":"","meta":{"_et_pb_use_builder":"on","_et_pb_old_content":"","_et_gb_content_width":"","footnotes":""},"class_list":["post-834","page","type-page","status-publish","hentry"],"_links":{"self":[{"href":"https:\/\/www.tyrellchemical.com\/es\/wp-json\/wp\/v2\/pages\/834"}],"collection":[{"href":"https:\/\/www.tyrellchemical.com\/es\/wp-json\/wp\/v2\/pages"}],"about":[{"href":"https:\/\/www.tyrellchemical.com\/es\/wp-json\/wp\/v2\/types\/page"}],"author":[{"embeddable":true,"href":"https:\/\/www.tyrellchemical.com\/es\/wp-json\/wp\/v2\/users\/1"}],"replies":[{"embeddable":true,"href":"https:\/\/www.tyrellchemical.com\/es\/wp-json\/wp\/v2\/comments?post=834"}],"version-history":[{"count":15,"href":"https:\/\/www.tyrellchemical.com\/es\/wp-json\/wp\/v2\/pages\/834\/revisions"}],"predecessor-version":[{"id":880,"href":"https:\/\/www.tyrellchemical.com\/es\/wp-json\/wp\/v2\/pages\/834\/revisions\/880"}],"wp:attachment":[{"href":"https:\/\/www.tyrellchemical.com\/es\/wp-json\/wp\/v2\/media?parent=834"}],"curies":[{"name":"wp","href":"https:\/\/api.w.org\/{rel}","templated":true}]}}