{"id":2040,"date":"2022-11-20T11:48:11","date_gmt":"2022-11-20T11:48:11","guid":{"rendered":"http:\/\/www.tyrellchemical.com\/fluido-desengordurante-a-vapor\/"},"modified":"2022-11-24T21:29:21","modified_gmt":"2022-11-24T21:29:21","slug":"fluido-desengordurante-a-vapor","status":"publish","type":"page","link":"https:\/\/www.tyrellchemical.com\/pt-br\/fluido-desengordurante-a-vapor\/","title":{"rendered":"Fluido Desengordurante a Vapor"},"content":{"rendered":"<p>[et_pb_section fb_built=&#8221;1&#8243; _builder_version=&#8221;4.19.1&#8243; _module_preset=&#8221;default&#8221; global_colors_info=&#8221;{}&#8221;][\/et_pb_section][et_pb_section fb_built=&#8221;1&#8243; _builder_version=&#8221;4.18.0&#8243; _module_preset=&#8221;default&#8221; background_color=&#8221;#FFFFFF&#8221; background_image=&#8221;http:\/\/www.tyrellchemical.com\/wp-content\/uploads\/2022\/10\/img-e1664700739234.jpg&#8221; background_size=&#8221;custom&#8221; background_image_width=&#8221;50%&#8221; background_position=&#8221;center_right&#8221; min_height=&#8221;50vh&#8221; min_height_tablet=&#8221;50vh&#8221; min_height_phone=&#8221;20vh&#8221; min_height_last_edited=&#8221;on|phone&#8221; background_last_edited=&#8221;on|tablet&#8221; background_image_width_tablet=&#8221;40%&#8221; background_image_width_phone=&#8221;50%&#8221; background_position_phone=&#8221;top_right&#8221; background_horizontal_offset_phone=&#8221;0%&#8221; module_alignment_tablet=&#8221;&#8221; module_alignment_phone=&#8221;&#8221; module_alignment_last_edited=&#8221;on|tablet&#8221; custom_css_main_element=&#8221;display:flex;||margin:auto;&#8221; locked=&#8221;off&#8221; global_colors_info=&#8221;{}&#8221;][et_pb_row _builder_version=&#8221;4.18.0&#8243; _module_preset=&#8221;default&#8221; width=&#8221;90%&#8221; max_width=&#8221;2560px&#8221; global_colors_info=&#8221;{}&#8221;][et_pb_column type=&#8221;4_4&#8243; _builder_version=&#8221;4.18.0&#8243; _module_preset=&#8221;default&#8221; global_colors_info=&#8221;{}&#8221;][et_pb_text content_tablet=&#8221;<\/p>\n<h2><b>  Vapor  <br \/>Fluido desengordurante<\/b><\/h2>\n<p>&#8221; content_phone=&#8221;<\/p>\n<h2><b>  Vapor  <br \/>Fluido desengordurante<\/b><\/h2>\n<p>&#8221; content_last_edited=&#8221;on|phone&#8221; _builder_version=&#8221;4.19.1&#8243; _module_preset=&#8221;default&#8221; header_2_font=&#8221;Muller Bold|700|||||||&#8221; header_2_text_color=&#8221;#083DAD&#8221; header_2_font_size=&#8221;52px&#8221; animation_style=&#8221;slide&#8221; animation_direction=&#8221;bottom&#8221; hover_enabled=&#8221;0&#8243; header_2_font_size_tablet=&#8221;52px&#8221; header_2_font_size_phone=&#8221;40px&#8221; header_2_font_size_last_edited=&#8221;on|tablet&#8221; global_colors_info=&#8221;{}&#8221; sticky_enabled=&#8221;0&#8243;]<\/p>\n<h2><b>Fluido Desengordurante a Vapor<\/b><\/h2>\n<p>[\/et_pb_text][\/et_pb_column][\/et_pb_row][\/et_pb_section][et_pb_section fb_built=&#8221;1&#8243; specialty=&#8221;on&#8221; custom_css_main_1=&#8221;width:20%!important&#8221; custom_css_main_2=&#8221;width:70%!important&#8221; module_class=&#8221;ht&#8221; _builder_version=&#8221;4.19.0&#8243; _module_preset=&#8221;default&#8221; custom_margin=&#8221;||50px||false|false&#8221; custom_padding=&#8221;||0px||false|false&#8221; global_colors_info=&#8221;{}&#8221;][et_pb_column type=&#8221;1_4&#8243; _builder_version=&#8221;4.16&#8243; custom_padding=&#8221;|||&#8221; global_colors_info=&#8221;{}&#8221; custom_padding__hover=&#8221;|||&#8221;][et_pb_menu menu_id=&#8221;5&#8243; active_link_color=&#8221;#FFFFFF&#8221; disabled_on=&#8221;on|on|off&#8221; module_class=&#8221;pa-vertical-menu &#8221; _builder_version=&#8221;4.19.0&#8243; _module_preset=&#8221;default&#8221; menu_font=&#8221;Muller Bold|700|||||||&#8221; menu_text_color=&#8221;#000000&#8243; menu_font_size=&#8221;12px&#8221; menu_line_height=&#8221;18px&#8221; background_color=&#8221;rgba(255,255,255,0)&#8221; custom_padding=&#8221;||||false|true&#8221; sticky_position=&#8221;top&#8221; sticky_limit_bottom=&#8221;section&#8221; global_colors_info=&#8221;{}&#8221; active_link_color__hover_enabled=&#8221;on|hover&#8221; active_link_color__hover=&#8221;#FFFFFF&#8221; menu_text_color__hover_enabled=&#8221;on|hover&#8221; menu_text_color__hover=&#8221;#FFFFFF&#8221; menu_font_size__hover_enabled=&#8221;on|hover&#8221; menu_font_size__hover=&#8221;18px&#8221;][\/et_pb_menu][\/et_pb_column][et_pb_column type=&#8221;3_4&#8243; specialty_columns=&#8221;3&#8243; _builder_version=&#8221;4.16&#8243; custom_padding=&#8221;|||&#8221; global_colors_info=&#8221;{}&#8221; custom_padding__hover=&#8221;|||&#8221;][et_pb_row_inner _builder_version=&#8221;4.18.0&#8243; _module_preset=&#8221;default&#8221; custom_padding=&#8221;|10px||10px|false|true&#8221; global_colors_info=&#8221;{}&#8221;][et_pb_column_inner saved_specialty_column_type=&#8221;3_4&#8243; _builder_version=&#8221;4.18.0&#8243; _module_preset=&#8221;default&#8221; global_colors_info=&#8221;{}&#8221;][et_pb_text _builder_version=&#8221;4.19.1&#8243; _module_preset=&#8221;default&#8221; text_font=&#8221;Muller Regular||||||||&#8221; text_text_color=&#8221;#333333&#8243; text_font_size=&#8221;16px&#8221; global_colors_info=&#8221;{}&#8221;]Enquanto as tr\u00eas linhas de Fluidos de Transfer\u00eancia de Calor da Tyrell Chemical s\u00e3o formuladas para utiliza\u00e7\u00e3o como fluidos desengordurantes a vapor, temos tamb\u00e9m uma formula\u00e7\u00e3o alternativa aos fluidos hidroclorofluorocarbono (HCFC) e perfluorocarbono (PFC). TM-3075DA \u00e9 um fluido propriet\u00e1rio que permite um amplo perfil de seguran\u00e7a e serve como uma op\u00e7\u00e3o mais rent\u00e1vel e amiga do ambiente para aplica\u00e7\u00f5es de desengorduramento.[\/et_pb_text][\/et_pb_column_inner][\/et_pb_row_inner][et_pb_row_inner module_id=&#8221;aplication-areas&#8221; module_class=&#8221;ps2id&#8221; _builder_version=&#8221;4.18.0&#8243; _module_preset=&#8221;default&#8221; background_enable_color=&#8221;off&#8221; custom_padding=&#8221;||||false|true&#8221; global_colors_info=&#8221;{}&#8221;][et_pb_column_inner saved_specialty_column_type=&#8221;3_4&#8243; _builder_version=&#8221;4.18.0&#8243; _module_preset=&#8221;default&#8221; global_colors_info=&#8221;{}&#8221;][et_pb_text _builder_version=&#8221;4.18.0&#8243; _module_preset=&#8221;default&#8221; header_2_text_color=&#8221;#083DAD&#8221; background_color=&#8221;#f7f7f7&#8243; custom_margin=&#8221;||10px||false|false&#8221; custom_padding=&#8221;25px|10px|20px|10px|false|true&#8221; global_colors_info=&#8221;{}&#8221;]<\/p>\n<h2><b>\u00c1reas de aplica\u00e7\u00e3o<\/b><\/h2>\n<p>[\/et_pb_text][et_pb_text _builder_version=&#8221;4.19.1&#8243; _module_preset=&#8221;default&#8221; text_font=&#8221;Muller Regular||||||||&#8221; text_text_color=&#8221;#333333&#8243; text_font_size=&#8221;16px&#8221; custom_padding=&#8221;|10px||10px|false|true&#8221; global_colors_info=&#8221;{}&#8221;]<\/p>\n<ul>\n<li style=\"font-weight: 400;\" aria-level=\"1\"><span style=\"font-weight: 400;\">Agente de limpeza, enxaguamento e secagem<\/span><\/li>\n<li style=\"font-weight: 400;\" aria-level=\"1\"><span style=\"font-weight: 400;\">Lubrificante  <\/span><\/li>\n<li style=\"font-weight: 400;\" aria-level=\"1\"><span style=\"font-weight: 400;\">Limpeza de precis\u00e3o<\/span><\/li>\n<li style=\"font-weight: 400;\" aria-level=\"1\"><span style=\"font-weight: 400;\">Remo\u00e7\u00e3o de part\u00edculas<\/span><\/li>\n<li style=\"font-weight: 400;\" aria-level=\"1\"><span style=\"font-weight: 400;\">Remo\u00e7\u00e3o i\u00f3nica<\/span><\/li>\n<li style=\"font-weight: 400;\" aria-level=\"1\"><span style=\"font-weight: 400;\">Res\u00edduo de refluxo de solda de colof\u00f3nia, \u00f3leos, graxas e limpador de cera<\/span><\/li>\n<li style=\"font-weight: 400;\" aria-level=\"1\"><span style=\"font-weight: 400;\">Aplica\u00e7\u00f5es de defluxo<\/span><span style=\"font-weight: 400;\"><\/span><\/li>\n<\/ul>\n<p>[\/et_pb_text][\/et_pb_column_inner][\/et_pb_row_inner][et_pb_row_inner module_id=&#8221;properties&#8221; module_class=&#8221;ps2id&#8221; _builder_version=&#8221;4.18.0&#8243; _module_preset=&#8221;default&#8221; background_enable_color=&#8221;off&#8221; custom_padding=&#8221;||||false|true&#8221; global_colors_info=&#8221;{}&#8221;][et_pb_column_inner saved_specialty_column_type=&#8221;3_4&#8243; _builder_version=&#8221;4.18.0&#8243; _module_preset=&#8221;default&#8221; global_colors_info=&#8221;{}&#8221;][et_pb_text _builder_version=&#8221;4.18.0&#8243; _module_preset=&#8221;default&#8221; header_2_text_color=&#8221;#083DAD&#8221; background_color=&#8221;#f7f7f7&#8243; custom_margin=&#8221;||10px||false|false&#8221; custom_padding=&#8221;25px|10px|20px|10px|false|true&#8221; global_colors_info=&#8221;{}&#8221;]<\/p>\n<h2><b>Propriedades e benef\u00edcios de utiliza\u00e7\u00e3o<br \/><\/b><\/h2>\n<p>[\/et_pb_text][et_pb_text _builder_version=&#8221;4.19.1&#8243; _module_preset=&#8221;default&#8221; text_font=&#8221;Muller Regular||||||||&#8221; text_text_color=&#8221;#333333&#8243; text_font_size=&#8221;16px&#8221; custom_padding=&#8221;|10px||10px|false|true&#8221; global_colors_info=&#8221;{}&#8221;]<\/p>\n<ul>\n<li style=\"font-weight: 400;\" aria-level=\"1\"><span style=\"font-weight: 400;\">Potencial de empobrecimento da camada de ozono zero  <\/span><\/li>\n<li style=\"font-weight: 400;\" aria-level=\"1\"><span style=\"font-weight: 400;\">Alta solubilidade e baixa tens\u00e3o superficial<\/span><\/li>\n<li style=\"font-weight: 400;\" aria-level=\"1\"><span style=\"font-weight: 400;\">Formula\u00e7\u00e3o est\u00e1vel ideal para imers\u00e3o e desengorduramento a vapor  <\/span><\/li>\n<li style=\"font-weight: 400;\" aria-level=\"1\">Remo\u00e7\u00e3o i\u00f3nica melhorada<\/li>\n<li style=\"font-weight: 400;\" aria-level=\"1\"><span style=\"font-weight: 400;\">Inflam\u00e1vel  <\/span><\/li>\n<li>Baixa toxicidade para a seguran\u00e7a dos trabalhadores<\/li>\n<\/ul>\n<p>[\/et_pb_text][\/et_pb_column_inner][\/et_pb_row_inner][et_pb_row_inner module_id=&#8221;product&#8221; module_class=&#8221;ps2id&#8221; _builder_version=&#8221;4.18.0&#8243; _module_preset=&#8221;default&#8221; background_enable_color=&#8221;off&#8221; custom_padding=&#8221;||||false|true&#8221; global_colors_info=&#8221;{}&#8221;][et_pb_column_inner saved_specialty_column_type=&#8221;3_4&#8243; _builder_version=&#8221;4.18.0&#8243; _module_preset=&#8221;default&#8221; global_colors_info=&#8221;{}&#8221;][et_pb_text _builder_version=&#8221;4.18.0&#8243; _module_preset=&#8221;default&#8221; header_2_text_color=&#8221;#083DAD&#8221; background_color=&#8221;#f7f7f7&#8243; custom_margin=&#8221;||10px||false|false&#8221; custom_padding=&#8221;25px|10px|20px|10px|false|true&#8221; global_colors_info=&#8221;{}&#8221;]<\/p>\n<h2><b>Detalhes do produto<br \/><\/b><\/h2>\n<p>[\/et_pb_text][et_pb_image src=&#8221;http:\/\/www.tyrellchemical.com\/wp-content\/uploads\/2022\/11\/cuadro-vapor3.jpg&#8221; title_text=&#8221;cuadro-vapor3&#8243; show_in_lightbox=&#8221;on&#8221; align=&#8221;center&#8221; _builder_version=&#8221;4.19.1&#8243; _module_preset=&#8221;default&#8221; background_color=&#8221;#FFFFFF&#8221; custom_margin=&#8221;||||false|false&#8221; custom_padding=&#8221;||||false|false&#8221; global_colors_info=&#8221;{}&#8221;][\/et_pb_image][\/et_pb_column_inner][\/et_pb_row_inner][et_pb_row_inner module_id=&#8221;material&#8221; module_class=&#8221;ps2id&#8221; _builder_version=&#8221;4.18.0&#8243; _module_preset=&#8221;default&#8221; background_enable_color=&#8221;off&#8221; custom_padding=&#8221;0px||||false|true&#8221; global_colors_info=&#8221;{}&#8221;][et_pb_column_inner saved_specialty_column_type=&#8221;3_4&#8243; _builder_version=&#8221;4.18.0&#8243; _module_preset=&#8221;default&#8221; global_colors_info=&#8221;{}&#8221;][et_pb_text _builder_version=&#8221;4.18.0&#8243; _module_preset=&#8221;default&#8221; header_2_text_color=&#8221;#083DAD&#8221; background_color=&#8221;#f7f7f7&#8243; custom_margin=&#8221;||10px||false|false&#8221; custom_padding=&#8221;25px|10px|20px|10px|false|true&#8221; global_colors_info=&#8221;{}&#8221;]<\/p>\n<h2><b>Compatibilidade de materiais<\/b><\/h2>\n<p>[\/et_pb_text][et_pb_text _builder_version=&#8221;4.19.1&#8243; _module_preset=&#8221;default&#8221; text_font=&#8221;Muller Regular||||||||&#8221; text_text_color=&#8221;#333333&#8243; text_font_size=&#8221;16px&#8221; custom_padding=&#8221;|10px||10px|false|true&#8221; global_colors_info=&#8221;{}&#8221;]<\/p>\n<p>Este produto n\u00e3o \u00e9 compat\u00edvel com metais alcalinos, metais alcalinos de terra, material em p\u00f3, em p\u00f3<br \/>sal met\u00e1lico, \u00e1lcalis\/bases fortes, e agentes oxidantes fortes.<\/p>\n<p>[\/et_pb_text][\/et_pb_column_inner][\/et_pb_row_inner][et_pb_row_inner module_id=&#8221;safety&#8221; module_class=&#8221;ps2id&#8221; _builder_version=&#8221;4.18.0&#8243; _module_preset=&#8221;default&#8221; background_enable_color=&#8221;off&#8221; custom_padding=&#8221;0px||||false|true&#8221; global_colors_info=&#8221;{}&#8221;][et_pb_column_inner saved_specialty_column_type=&#8221;3_4&#8243; _builder_version=&#8221;4.18.0&#8243; _module_preset=&#8221;default&#8221; global_colors_info=&#8221;{}&#8221;][et_pb_text _builder_version=&#8221;4.18.0&#8243; _module_preset=&#8221;default&#8221; header_2_text_color=&#8221;#083DAD&#8221; background_color=&#8221;#f7f7f7&#8243; custom_margin=&#8221;||10px||false|false&#8221; custom_padding=&#8221;25px|10px|20px|10px|false|true&#8221; global_colors_info=&#8221;{}&#8221;]<\/p>\n<h2><b>Perfil de seguran\u00e7a<\/b><\/h2>\n<p>[\/et_pb_text][et_pb_text _builder_version=&#8221;4.19.1&#8243; _module_preset=&#8221;default&#8221; text_font=&#8221;Muller Regular||||||||&#8221; text_text_color=&#8221;#333333&#8243; text_font_size=&#8221;16px&#8221; custom_padding=&#8221;|10px||10px|false|true&#8221; hover_enabled=&#8221;0&#8243; global_colors_info=&#8221;{}&#8221; sticky_enabled=&#8221;0&#8243;]<\/p>\n<p><span style=\"font-weight: 400;\">Pode ocorrer uma ligeira irrita\u00e7\u00e3o da pele e dos olhos. A toxicidade aguda da inala\u00e7\u00e3o \u00e9 baixa.<\/span><\/p>\n<p><span style=\"font-weight: 400;\"><\/span><\/p>\n<p><span style=\"font-weight: 400;\">Liga\u00e7\u00f5es para Fichas T\u00e9cnicas:<\/span><\/p>\n<p>[\/et_pb_text][\/et_pb_column_inner][\/et_pb_row_inner][et_pb_row_inner module_id=&#8221;safety&#8221; module_class=&#8221;ps2id&#8221; _builder_version=&#8221;4.19.0&#8243; _module_preset=&#8221;default&#8221; background_enable_color=&#8221;off&#8221; custom_padding=&#8221;0px||||false|true&#8221; global_colors_info=&#8221;{}&#8221; locked=&#8221;off&#8221;][et_pb_column_inner saved_specialty_column_type=&#8221;3_4&#8243; _builder_version=&#8221;4.19.0&#8243; _module_preset=&#8221;default&#8221; custom_css_main_element=&#8221;display:flex!important;||width:100%!important;||flex-wrap:wrap&#8221; global_colors_info=&#8221;{}&#8221;][et_pb_button button_url=&#8221;http:\/\/www.tyrellchemical.com\/wp-content\/uploads\/2022\/11\/TM-3075DA.pdf&#8221; url_new_window=&#8221;on&#8221; button_text=&#8221;TM-3075DA&#8221; _builder_version=&#8221;4.19.1&#8243; _module_preset=&#8221;default&#8221; custom_button=&#8221;on&#8221; button_text_size=&#8221;16px&#8221; button_text_color=&#8221;#FFFFFF&#8221; button_bg_color=&#8221;#083DAD&#8221; button_border_radius=&#8221;5px&#8221; button_font=&#8221;Muller Bold|700|||||||&#8221; button_icon=&#8221;&#x24;||divi||400&#8243; custom_margin=&#8221;||15px||false|false&#8221; custom_padding=&#8221;10px||||false|false&#8221; hover_enabled=&#8221;0&#8243; global_colors_info=&#8221;{}&#8221; sticky_enabled=&#8221;0&#8243;][\/et_pb_button][\/et_pb_column_inner][\/et_pb_row_inner][\/et_pb_column][\/et_pb_section]<\/p>\n","protected":false},"excerpt":{"rendered":"<p>Fluido Desengordurante a VaporEnquanto as tr\u00eas linhas de Fluidos de Transfer\u00eancia de Calor da Tyrell Chemical s\u00e3o formuladas para utiliza\u00e7\u00e3o como fluidos desengordurantes a vapor, temos tamb\u00e9m uma formula\u00e7\u00e3o alternativa aos fluidos hidroclorofluorocarbono (HCFC) e perfluorocarbono (PFC). TM-3075DA \u00e9 um fluido propriet\u00e1rio que permite um amplo perfil de seguran\u00e7a e serve como uma op\u00e7\u00e3o mais [&hellip;]<\/p>\n","protected":false},"author":1,"featured_media":0,"parent":0,"menu_order":0,"comment_status":"closed","ping_status":"closed","template":"","meta":{"_et_pb_use_builder":"on","_et_pb_old_content":"","_et_gb_content_width":"","footnotes":""},"class_list":["post-2040","page","type-page","status-publish","hentry"],"_links":{"self":[{"href":"https:\/\/www.tyrellchemical.com\/pt-br\/wp-json\/wp\/v2\/pages\/2040"}],"collection":[{"href":"https:\/\/www.tyrellchemical.com\/pt-br\/wp-json\/wp\/v2\/pages"}],"about":[{"href":"https:\/\/www.tyrellchemical.com\/pt-br\/wp-json\/wp\/v2\/types\/page"}],"author":[{"embeddable":true,"href":"https:\/\/www.tyrellchemical.com\/pt-br\/wp-json\/wp\/v2\/users\/1"}],"replies":[{"embeddable":true,"href":"https:\/\/www.tyrellchemical.com\/pt-br\/wp-json\/wp\/v2\/comments?post=2040"}],"version-history":[{"count":2,"href":"https:\/\/www.tyrellchemical.com\/pt-br\/wp-json\/wp\/v2\/pages\/2040\/revisions"}],"predecessor-version":[{"id":2046,"href":"https:\/\/www.tyrellchemical.com\/pt-br\/wp-json\/wp\/v2\/pages\/2040\/revisions\/2046"}],"wp:attachment":[{"href":"https:\/\/www.tyrellchemical.com\/pt-br\/wp-json\/wp\/v2\/media?parent=2040"}],"curies":[{"name":"wp","href":"https:\/\/api.w.org\/{rel}","templated":true}]}}