{"id":1770,"date":"2022-11-20T11:48:11","date_gmt":"2022-11-20T11:48:11","guid":{"rendered":"http:\/\/www.tyrellchemical.com\/buharli-yag-alma-sivisi\/"},"modified":"2022-11-24T21:28:28","modified_gmt":"2022-11-24T21:28:28","slug":"buharli-yag-alma-sivisi","status":"publish","type":"page","link":"https:\/\/www.tyrellchemical.com\/tr\/buharli-yag-alma-sivisi\/","title":{"rendered":"Buharl\u0131 Ya\u011f Alma S\u0131v\u0131s\u0131"},"content":{"rendered":"<p>[et_pb_section fb_built=&#8221;1&#8243; _builder_version=&#8221;4.19.1&#8243; _module_preset=&#8221;default&#8221; global_colors_info=&#8221;{}&#8221;][\/et_pb_section][et_pb_section fb_built=&#8221;1&#8243; _builder_version=&#8221;4.18.0&#8243; _module_preset=&#8221;default&#8221; background_color=&#8221;#FFFFFF&#8221; background_image=&#8221;http:\/\/www.tyrellchemical.com\/wp-content\/uploads\/2022\/10\/img-e1664700739234.jpg&#8221; background_size=&#8221;custom&#8221; background_image_width=&#8221;50%&#8221; background_position=&#8221;center_right&#8221; min_height=&#8221;50vh&#8221; min_height_tablet=&#8221;50vh&#8221; min_height_phone=&#8221;20vh&#8221; min_height_last_edited=&#8221;on|phone&#8221; background_last_edited=&#8221;on|tablet&#8221; background_image_width_tablet=&#8221;40%&#8221; background_image_width_phone=&#8221;50%&#8221; background_position_phone=&#8221;top_right&#8221; background_horizontal_offset_phone=&#8221;0%&#8221; module_alignment_tablet=&#8221;&#8221; module_alignment_phone=&#8221;&#8221; module_alignment_last_edited=&#8221;on|tablet&#8221; custom_css_main_element=&#8221;display:flex;||margin:auto;&#8221; locked=&#8221;off&#8221; global_colors_info=&#8221;{}&#8221;][et_pb_row _builder_version=&#8221;4.18.0&#8243; _module_preset=&#8221;default&#8221; width=&#8221;90%&#8221; max_width=&#8221;2560px&#8221; global_colors_info=&#8221;{}&#8221;][et_pb_column type=&#8221;4_4&#8243; _builder_version=&#8221;4.18.0&#8243; _module_preset=&#8221;default&#8221; global_colors_info=&#8221;{}&#8221;][et_pb_text content_tablet=&#8221;<\/p>\n<h2><b>  Buhar  <br \/>Ya\u011f Alma S\u0131v\u0131s\u0131<\/b><\/h2>\n<p>&#8221; content_phone=&#8221;<\/p>\n<h2><b>  Buhar  <br \/>Ya\u011f Alma S\u0131v\u0131s\u0131<\/b><\/h2>\n<p>&#8221; content_last_edited=&#8221;on|phone&#8221; _builder_version=&#8221;4.19.1&#8243; _module_preset=&#8221;default&#8221; header_2_font=&#8221;Muller Bold|700|||||||&#8221; header_2_text_color=&#8221;#083DAD&#8221; header_2_font_size=&#8221;52px&#8221; animation_style=&#8221;slide&#8221; animation_direction=&#8221;bottom&#8221; hover_enabled=&#8221;0&#8243; header_2_font_size_tablet=&#8221;52px&#8221; header_2_font_size_phone=&#8221;40px&#8221; header_2_font_size_last_edited=&#8221;on|tablet&#8221; global_colors_info=&#8221;{}&#8221; sticky_enabled=&#8221;0&#8243;]<\/p>\n<h2><b>Buharl\u0131 Ya\u011f Alma S\u0131v\u0131s\u0131<\/b><\/h2>\n<p>[\/et_pb_text][\/et_pb_column][\/et_pb_row][\/et_pb_section][et_pb_section fb_built=&#8221;1&#8243; specialty=&#8221;on&#8221; custom_css_main_1=&#8221;width:20%!important&#8221; custom_css_main_2=&#8221;width:70%!important&#8221; module_class=&#8221;ht&#8221; _builder_version=&#8221;4.19.0&#8243; _module_preset=&#8221;default&#8221; custom_margin=&#8221;||50px||false|false&#8221; custom_padding=&#8221;||0px||false|false&#8221; global_colors_info=&#8221;{}&#8221;][et_pb_column type=&#8221;1_4&#8243; _builder_version=&#8221;4.16&#8243; custom_padding=&#8221;|||&#8221; global_colors_info=&#8221;{}&#8221; custom_padding__hover=&#8221;|||&#8221;][et_pb_menu menu_id=&#8221;5&#8243; active_link_color=&#8221;#FFFFFF&#8221; disabled_on=&#8221;on|on|off&#8221; module_class=&#8221;pa-vertical-menu &#8221; _builder_version=&#8221;4.19.0&#8243; _module_preset=&#8221;default&#8221; menu_font=&#8221;Muller Bold|700|||||||&#8221; menu_text_color=&#8221;#000000&#8243; menu_font_size=&#8221;12px&#8221; menu_line_height=&#8221;18px&#8221; background_color=&#8221;rgba(255,255,255,0)&#8221; custom_padding=&#8221;||||false|true&#8221; sticky_position=&#8221;top&#8221; sticky_limit_bottom=&#8221;section&#8221; global_colors_info=&#8221;{}&#8221; active_link_color__hover_enabled=&#8221;on|hover&#8221; active_link_color__hover=&#8221;#FFFFFF&#8221; menu_text_color__hover_enabled=&#8221;on|hover&#8221; menu_text_color__hover=&#8221;#FFFFFF&#8221; menu_font_size__hover_enabled=&#8221;on|hover&#8221; menu_font_size__hover=&#8221;18px&#8221;][\/et_pb_menu][\/et_pb_column][et_pb_column type=&#8221;3_4&#8243; specialty_columns=&#8221;3&#8243; _builder_version=&#8221;4.16&#8243; custom_padding=&#8221;|||&#8221; global_colors_info=&#8221;{}&#8221; custom_padding__hover=&#8221;|||&#8221;][et_pb_row_inner _builder_version=&#8221;4.18.0&#8243; _module_preset=&#8221;default&#8221; custom_padding=&#8221;|10px||10px|false|true&#8221; global_colors_info=&#8221;{}&#8221;][et_pb_column_inner saved_specialty_column_type=&#8221;3_4&#8243; _builder_version=&#8221;4.18.0&#8243; _module_preset=&#8221;default&#8221; global_colors_info=&#8221;{}&#8221;][et_pb_text _builder_version=&#8221;4.19.1&#8243; _module_preset=&#8221;default&#8221; text_font=&#8221;Muller Regular||||||||&#8221; text_text_color=&#8221;#333333&#8243; text_font_size=&#8221;16px&#8221; global_colors_info=&#8221;{}&#8221;]Tyrell Chemical&#8217;\u0131n Is\u0131 Transfer S\u0131v\u0131s\u0131 serilerinin \u00fc\u00e7\u00fc de buharl\u0131 ya\u011f giderme s\u0131v\u0131s\u0131 olarak kullan\u0131lmak \u00fczere form\u00fcle edilmi\u015f olsa da, hidrokloroflorokarbon (HCFC) ve perflorokarbon (PFC) s\u0131v\u0131lar\u0131na alternatif bir form\u00fclasyonumuz da bulunmaktad\u0131r. TM-3075DA, geni\u015f bir g\u00fcvenlik profili sa\u011flayan ve ya\u011f giderme uygulamalar\u0131 i\u00e7in daha uygun maliyetli ve \u00e7evre dostu bir se\u00e7enek olarak hizmet veren tescilli bir s\u0131v\u0131d\u0131r.[\/et_pb_text][\/et_pb_column_inner][\/et_pb_row_inner][et_pb_row_inner module_id=&#8221;aplication-areas&#8221; module_class=&#8221;ps2id&#8221; _builder_version=&#8221;4.18.0&#8243; _module_preset=&#8221;default&#8221; background_enable_color=&#8221;off&#8221; custom_padding=&#8221;||||false|true&#8221; global_colors_info=&#8221;{}&#8221;][et_pb_column_inner saved_specialty_column_type=&#8221;3_4&#8243; _builder_version=&#8221;4.18.0&#8243; _module_preset=&#8221;default&#8221; global_colors_info=&#8221;{}&#8221;][et_pb_text _builder_version=&#8221;4.18.0&#8243; _module_preset=&#8221;default&#8221; header_2_text_color=&#8221;#083DAD&#8221; background_color=&#8221;#f7f7f7&#8243; custom_margin=&#8221;||10px||false|false&#8221; custom_padding=&#8221;25px|10px|20px|10px|false|true&#8221; global_colors_info=&#8221;{}&#8221;]<\/p>\n<h2><b>Uygulama Alanlar\u0131<\/b><\/h2>\n<p>[\/et_pb_text][et_pb_text _builder_version=&#8221;4.19.1&#8243; _module_preset=&#8221;default&#8221; text_font=&#8221;Muller Regular||||||||&#8221; text_text_color=&#8221;#333333&#8243; text_font_size=&#8221;16px&#8221; custom_padding=&#8221;|10px||10px|false|true&#8221; global_colors_info=&#8221;{}&#8221;]<\/p>\n<ul>\n<li style=\"font-weight: 400;\" aria-level=\"1\"><span style=\"font-weight: 400;\">Temizleme, durulama ve kurutma maddesi<\/span><\/li>\n<li style=\"font-weight: 400;\" aria-level=\"1\"><span style=\"font-weight: 400;\">Ya\u011flay\u0131c\u0131  <\/span><\/li>\n<li style=\"font-weight: 400;\" aria-level=\"1\"><span style=\"font-weight: 400;\">Hassas temizlik<\/span><\/li>\n<li style=\"font-weight: 400;\" aria-level=\"1\"><span style=\"font-weight: 400;\">Partik\u00fcl giderme<\/span><\/li>\n<li style=\"font-weight: 400;\" aria-level=\"1\"><span style=\"font-weight: 400;\">\u0130yonik giderme<\/span><\/li>\n<li style=\"font-weight: 400;\" aria-level=\"1\"><span style=\"font-weight: 400;\">Rosin lehim refl\u00fc kal\u0131nt\u0131s\u0131, ya\u011flar, gres ve balmumu temizleyici<\/span><\/li>\n<li style=\"font-weight: 400;\" aria-level=\"1\"><span style=\"font-weight: 400;\">Defluxing uygulamalar\u0131<\/span><span style=\"font-weight: 400;\"><\/span><\/li>\n<\/ul>\n<p>[\/et_pb_text][\/et_pb_column_inner][\/et_pb_row_inner][et_pb_row_inner module_id=&#8221;properties&#8221; module_class=&#8221;ps2id&#8221; _builder_version=&#8221;4.18.0&#8243; _module_preset=&#8221;default&#8221; background_enable_color=&#8221;off&#8221; custom_padding=&#8221;||||false|true&#8221; global_colors_info=&#8221;{}&#8221;][et_pb_column_inner saved_specialty_column_type=&#8221;3_4&#8243; _builder_version=&#8221;4.18.0&#8243; _module_preset=&#8221;default&#8221; global_colors_info=&#8221;{}&#8221;][et_pb_text _builder_version=&#8221;4.18.0&#8243; _module_preset=&#8221;default&#8221; header_2_text_color=&#8221;#083DAD&#8221; background_color=&#8221;#f7f7f7&#8243; custom_margin=&#8221;||10px||false|false&#8221; custom_padding=&#8221;25px|10px|20px|10px|false|true&#8221; global_colors_info=&#8221;{}&#8221;]<\/p>\n<h2><b>\u00d6zellikleri ve Kullan\u0131m Faydalar\u0131<br \/><\/b><\/h2>\n<p>[\/et_pb_text][et_pb_text _builder_version=&#8221;4.19.1&#8243; _module_preset=&#8221;default&#8221; text_font=&#8221;Muller Regular||||||||&#8221; text_text_color=&#8221;#333333&#8243; text_font_size=&#8221;16px&#8221; custom_padding=&#8221;|10px||10px|false|true&#8221; global_colors_info=&#8221;{}&#8221;]<\/p>\n<ul>\n<li style=\"font-weight: 400;\" aria-level=\"1\"><span style=\"font-weight: 400;\">S\u0131f\u0131r ozon t\u00fcketme potansiyeli  <\/span><\/li>\n<li style=\"font-weight: 400;\" aria-level=\"1\"><span style=\"font-weight: 400;\">Y\u00fcksek \u00e7\u00f6z\u00fcn\u00fcrl\u00fck ve d\u00fc\u015f\u00fck y\u00fczey gerilimi<\/span><\/li>\n<li style=\"font-weight: 400;\" aria-level=\"1\"><span style=\"font-weight: 400;\">Dald\u0131rma ve buharla ya\u011f giderme i\u00e7in ideal stabil form\u00fclasyon  <\/span><\/li>\n<li style=\"font-weight: 400;\" aria-level=\"1\">Geli\u015ftirilmi\u015f iyonik giderim<\/li>\n<li style=\"font-weight: 400;\" aria-level=\"1\"><span style=\"font-weight: 400;\">Yanmaz  <\/span><\/li>\n<li>\u0130\u015f\u00e7i g\u00fcvenli\u011fi i\u00e7in d\u00fc\u015f\u00fck toksisite<\/li>\n<\/ul>\n<p>[\/et_pb_text][\/et_pb_column_inner][\/et_pb_row_inner][et_pb_row_inner module_id=&#8221;product&#8221; module_class=&#8221;ps2id&#8221; _builder_version=&#8221;4.18.0&#8243; _module_preset=&#8221;default&#8221; background_enable_color=&#8221;off&#8221; custom_padding=&#8221;||||false|true&#8221; global_colors_info=&#8221;{}&#8221;][et_pb_column_inner saved_specialty_column_type=&#8221;3_4&#8243; _builder_version=&#8221;4.18.0&#8243; _module_preset=&#8221;default&#8221; global_colors_info=&#8221;{}&#8221;][et_pb_text _builder_version=&#8221;4.18.0&#8243; _module_preset=&#8221;default&#8221; header_2_text_color=&#8221;#083DAD&#8221; background_color=&#8221;#f7f7f7&#8243; custom_margin=&#8221;||10px||false|false&#8221; custom_padding=&#8221;25px|10px|20px|10px|false|true&#8221; global_colors_info=&#8221;{}&#8221;]<\/p>\n<h2><b>\u00dcr\u00fcn Detaylar\u0131<br \/><\/b><\/h2>\n<p>[\/et_pb_text][et_pb_image src=&#8221;http:\/\/www.tyrellchemical.com\/wp-content\/uploads\/2022\/11\/cuadro-vapor3.jpg&#8221; title_text=&#8221;cuadro-vapor3&#8243; show_in_lightbox=&#8221;on&#8221; align=&#8221;center&#8221; _builder_version=&#8221;4.19.1&#8243; _module_preset=&#8221;default&#8221; background_color=&#8221;#FFFFFF&#8221; custom_margin=&#8221;||||false|false&#8221; custom_padding=&#8221;||||false|false&#8221; global_colors_info=&#8221;{}&#8221;][\/et_pb_image][\/et_pb_column_inner][\/et_pb_row_inner][et_pb_row_inner module_id=&#8221;material&#8221; module_class=&#8221;ps2id&#8221; _builder_version=&#8221;4.18.0&#8243; _module_preset=&#8221;default&#8221; background_enable_color=&#8221;off&#8221; custom_padding=&#8221;0px||||false|true&#8221; global_colors_info=&#8221;{}&#8221;][et_pb_column_inner saved_specialty_column_type=&#8221;3_4&#8243; _builder_version=&#8221;4.18.0&#8243; _module_preset=&#8221;default&#8221; global_colors_info=&#8221;{}&#8221;][et_pb_text _builder_version=&#8221;4.18.0&#8243; _module_preset=&#8221;default&#8221; header_2_text_color=&#8221;#083DAD&#8221; background_color=&#8221;#f7f7f7&#8243; custom_margin=&#8221;||10px||false|false&#8221; custom_padding=&#8221;25px|10px|20px|10px|false|true&#8221; global_colors_info=&#8221;{}&#8221;]<\/p>\n<h2><b>Malzeme Uyumlulu\u011fu<\/b><\/h2>\n<p>[\/et_pb_text][et_pb_text _builder_version=&#8221;4.19.1&#8243; _module_preset=&#8221;default&#8221; text_font=&#8221;Muller Regular||||||||&#8221; text_text_color=&#8221;#333333&#8243; text_font_size=&#8221;16px&#8221; custom_padding=&#8221;|10px||10px|false|true&#8221; global_colors_info=&#8221;{}&#8221;]<\/p>\n<p>Bu \u00fcr\u00fcn alkali metaller, toprak alkali metaller, toz malzeme, toz haline getirilmi\u015f metaller ile uyumlu de\u011fildir.<br \/>metal tuzu, g\u00fc\u00e7l\u00fc alkali\/bazlar ve g\u00fc\u00e7l\u00fc oksitleyici maddeler.<\/p>\n<p>[\/et_pb_text][\/et_pb_column_inner][\/et_pb_row_inner][et_pb_row_inner module_id=&#8221;safety&#8221; module_class=&#8221;ps2id&#8221; _builder_version=&#8221;4.18.0&#8243; _module_preset=&#8221;default&#8221; background_enable_color=&#8221;off&#8221; custom_padding=&#8221;0px||||false|true&#8221; global_colors_info=&#8221;{}&#8221;][et_pb_column_inner saved_specialty_column_type=&#8221;3_4&#8243; _builder_version=&#8221;4.18.0&#8243; _module_preset=&#8221;default&#8221; global_colors_info=&#8221;{}&#8221;][et_pb_text _builder_version=&#8221;4.18.0&#8243; _module_preset=&#8221;default&#8221; header_2_text_color=&#8221;#083DAD&#8221; background_color=&#8221;#f7f7f7&#8243; custom_margin=&#8221;||10px||false|false&#8221; custom_padding=&#8221;25px|10px|20px|10px|false|true&#8221; global_colors_info=&#8221;{}&#8221;]<\/p>\n<h2><b>G\u00fcvenlik Profili<\/b><\/h2>\n<p>[\/et_pb_text][et_pb_text _builder_version=&#8221;4.19.1&#8243; _module_preset=&#8221;default&#8221; text_font=&#8221;Muller Regular||||||||&#8221; text_text_color=&#8221;#333333&#8243; text_font_size=&#8221;16px&#8221; custom_padding=&#8221;|10px||10px|false|true&#8221; hover_enabled=&#8221;0&#8243; global_colors_info=&#8221;{}&#8221; sticky_enabled=&#8221;0&#8243;]<\/p>\n<p><span style=\"font-weight: 400;\">Hafif cilt ve g\u00f6z tahri\u015fi olu\u015fabilir. Akut inhalasyon toksisitesi d\u00fc\u015f\u00fckt\u00fcr.<\/span><\/p>\n<p><span style=\"font-weight: 400;\"><\/span><\/p>\n<p><span style=\"font-weight: 400;\">Teknik Veri Sayfalar\u0131na Ba\u011flant\u0131lar:<\/span><\/p>\n<p>[\/et_pb_text][\/et_pb_column_inner][\/et_pb_row_inner][et_pb_row_inner module_id=&#8221;safety&#8221; module_class=&#8221;ps2id&#8221; _builder_version=&#8221;4.19.0&#8243; _module_preset=&#8221;default&#8221; background_enable_color=&#8221;off&#8221; custom_padding=&#8221;0px||||false|true&#8221; global_colors_info=&#8221;{}&#8221; locked=&#8221;off&#8221;][et_pb_column_inner saved_specialty_column_type=&#8221;3_4&#8243; _builder_version=&#8221;4.19.0&#8243; _module_preset=&#8221;default&#8221; custom_css_main_element=&#8221;display:flex!important;||width:100%!important;||flex-wrap:wrap&#8221; global_colors_info=&#8221;{}&#8221;][et_pb_button button_url=&#8221;http:\/\/www.tyrellchemical.com\/wp-content\/uploads\/2022\/11\/TM-3075DA.pdf&#8221; url_new_window=&#8221;on&#8221; button_text=&#8221;TM-3075DA&#8221; _builder_version=&#8221;4.19.1&#8243; _module_preset=&#8221;default&#8221; custom_button=&#8221;on&#8221; button_text_size=&#8221;16px&#8221; button_text_color=&#8221;#FFFFFF&#8221; button_bg_color=&#8221;#083DAD&#8221; button_border_radius=&#8221;5px&#8221; button_font=&#8221;Muller Bold|700|||||||&#8221; button_icon=&#8221;&#x24;||divi||400&#8243; custom_margin=&#8221;||15px||false|false&#8221; custom_padding=&#8221;10px||||false|false&#8221; hover_enabled=&#8221;0&#8243; global_colors_info=&#8221;{}&#8221; sticky_enabled=&#8221;0&#8243;][\/et_pb_button][\/et_pb_column_inner][\/et_pb_row_inner][\/et_pb_column][\/et_pb_section]<\/p>\n","protected":false},"excerpt":{"rendered":"<p>Buharl\u0131 Ya\u011f Alma S\u0131v\u0131s\u0131Tyrell Chemical&#8217;\u0131n Is\u0131 Transfer S\u0131v\u0131s\u0131 serilerinin \u00fc\u00e7\u00fc de buharl\u0131 ya\u011f giderme s\u0131v\u0131s\u0131 olarak kullan\u0131lmak \u00fczere form\u00fcle edilmi\u015f olsa da, hidrokloroflorokarbon (HCFC) ve perflorokarbon (PFC) s\u0131v\u0131lar\u0131na alternatif bir form\u00fclasyonumuz da bulunmaktad\u0131r. TM-3075DA, geni\u015f bir g\u00fcvenlik profili sa\u011flayan ve ya\u011f giderme uygulamalar\u0131 i\u00e7in daha uygun maliyetli ve \u00e7evre dostu bir se\u00e7enek olarak hizmet veren [&hellip;]<\/p>\n","protected":false},"author":1,"featured_media":0,"parent":0,"menu_order":0,"comment_status":"closed","ping_status":"closed","template":"","meta":{"_et_pb_use_builder":"on","_et_pb_old_content":"","_et_gb_content_width":"","footnotes":""},"class_list":["post-1770","page","type-page","status-publish","hentry"],"_links":{"self":[{"href":"https:\/\/www.tyrellchemical.com\/tr\/wp-json\/wp\/v2\/pages\/1770"}],"collection":[{"href":"https:\/\/www.tyrellchemical.com\/tr\/wp-json\/wp\/v2\/pages"}],"about":[{"href":"https:\/\/www.tyrellchemical.com\/tr\/wp-json\/wp\/v2\/types\/page"}],"author":[{"embeddable":true,"href":"https:\/\/www.tyrellchemical.com\/tr\/wp-json\/wp\/v2\/users\/1"}],"replies":[{"embeddable":true,"href":"https:\/\/www.tyrellchemical.com\/tr\/wp-json\/wp\/v2\/comments?post=1770"}],"version-history":[{"count":3,"href":"https:\/\/www.tyrellchemical.com\/tr\/wp-json\/wp\/v2\/pages\/1770\/revisions"}],"predecessor-version":[{"id":1788,"href":"https:\/\/www.tyrellchemical.com\/tr\/wp-json\/wp\/v2\/pages\/1770\/revisions\/1788"}],"wp:attachment":[{"href":"https:\/\/www.tyrellchemical.com\/tr\/wp-json\/wp\/v2\/media?parent=1770"}],"curies":[{"name":"wp","href":"https:\/\/api.w.org\/{rel}","templated":true}]}}