{"id":1839,"date":"2022-10-07T17:07:17","date_gmt":"2022-10-07T17:07:17","guid":{"rendered":"http:\/\/www.tyrellchemical.com\/ht-isi-transfer-akiskanlari\/"},"modified":"2022-11-24T21:28:41","modified_gmt":"2022-11-24T21:28:41","slug":"ht-isi-transfer-akiskanlari","status":"publish","type":"page","link":"https:\/\/www.tyrellchemical.com\/tr\/ht-isi-transfer-akiskanlari\/","title":{"rendered":"HT Is\u0131 Transfer Ak\u0131\u015fkanlar\u0131"},"content":{"rendered":"<p>[et_pb_section fb_built=&#8221;1&#8243; _builder_version=&#8221;4.18.0&#8243; _module_preset=&#8221;default&#8221; background_color=&#8221;#FFFFFF&#8221; background_image=&#8221;http:\/\/www.tyrellchemical.com\/wp-content\/uploads\/2022\/10\/img-e1664700739234.jpg&#8221; background_size=&#8221;custom&#8221; background_image_width=&#8221;50%&#8221; background_position=&#8221;center_right&#8221; min_height=&#8221;50vh&#8221; min_height_tablet=&#8221;50vh&#8221; min_height_phone=&#8221;20vh&#8221; min_height_last_edited=&#8221;on|phone&#8221; background_last_edited=&#8221;on|tablet&#8221; background_image_width_tablet=&#8221;40%&#8221; background_image_width_phone=&#8221;50%&#8221; background_position_phone=&#8221;top_right&#8221; background_horizontal_offset_phone=&#8221;0%&#8221; module_alignment_tablet=&#8221;&#8221; module_alignment_phone=&#8221;&#8221; module_alignment_last_edited=&#8221;on|tablet&#8221; custom_css_main_element=&#8221;display:flex;||margin:auto;&#8221; locked=&#8221;off&#8221; global_colors_info=&#8221;{}&#8221;][et_pb_row _builder_version=&#8221;4.18.0&#8243; _module_preset=&#8221;default&#8221; width=&#8221;90%&#8221; max_width=&#8221;2560px&#8221; global_colors_info=&#8221;{}&#8221;][et_pb_column type=&#8221;4_4&#8243; _builder_version=&#8221;4.18.0&#8243; _module_preset=&#8221;default&#8221; global_colors_info=&#8221;{}&#8221;][et_pb_text content_tablet=&#8221;<\/p>\n<h2><b><span style=%22color: #25b2ee;%22>HT<\/span> Is\u0131  <br \/>Transfer S\u0131v\u0131lar\u0131<\/b><\/h2>\n<p>&#8221; content_phone=&#8221;<\/p>\n<h2><b><span style=%22color: #25b2ee;%22>HT <\/span>Is\u0131  <br \/>Transfer S\u0131v\u0131lar\u0131<\/b><\/h2>\n<p>&#8221; content_last_edited=&#8221;on|phone&#8221; _builder_version=&#8221;4.18.0&#8243; _module_preset=&#8221;default&#8221; header_2_font=&#8221;Muller Bold|700|||||||&#8221; header_2_text_color=&#8221;#083DAD&#8221; header_2_font_size=&#8221;52px&#8221; animation_style=&#8221;slide&#8221; animation_direction=&#8221;bottom&#8221; header_2_font_size_tablet=&#8221;52px&#8221; header_2_font_size_phone=&#8221;40px&#8221; header_2_font_size_last_edited=&#8221;on|tablet&#8221; global_colors_info=&#8221;{}&#8221;]<\/p>\n<h2><b><span style=\"color: #25b2ee;\">HT<\/span> Is\u0131 Transfer Ak\u0131\u015fkanlar\u0131<\/b><\/h2>\n<p>[\/et_pb_text][\/et_pb_column][\/et_pb_row][\/et_pb_section][et_pb_section fb_built=&#8221;1&#8243; specialty=&#8221;on&#8221; custom_css_main_1=&#8221;width:20%!important&#8221; custom_css_main_2=&#8221;width:70%!important&#8221; module_class=&#8221;ht&#8221; _builder_version=&#8221;4.19.0&#8243; _module_preset=&#8221;default&#8221; custom_margin=&#8221;||50px||false|false&#8221; custom_padding=&#8221;||0px||false|false&#8221; hover_enabled=&#8221;0&#8243; global_colors_info=&#8221;{}&#8221; sticky_enabled=&#8221;0&#8243;][et_pb_column type=&#8221;1_4&#8243; _builder_version=&#8221;4.16&#8243; custom_padding=&#8221;|||&#8221; global_colors_info=&#8221;{}&#8221; custom_padding__hover=&#8221;|||&#8221;][et_pb_menu menu_id=&#8221;5&#8243; active_link_color=&#8221;#FFFFFF&#8221; disabled_on=&#8221;on|on|off&#8221; module_class=&#8221;pa-vertical-menu &#8221; _builder_version=&#8221;4.19.0&#8243; _module_preset=&#8221;default&#8221; menu_font=&#8221;Muller Bold|700|||||||&#8221; menu_text_color=&#8221;#000000&#8243; menu_font_size=&#8221;12px&#8221; menu_line_height=&#8221;18px&#8221; background_color=&#8221;rgba(255,255,255,0)&#8221; sticky_position=&#8221;top&#8221; sticky_limit_bottom=&#8221;section&#8221; hover_enabled=&#8221;0&#8243; global_colors_info=&#8221;{}&#8221; active_link_color__hover_enabled=&#8221;on|hover&#8221; active_link_color__hover=&#8221;#FFFFFF&#8221; menu_text_color__hover_enabled=&#8221;on|hover&#8221; menu_text_color__hover=&#8221;#FFFFFF&#8221; menu_font_size__hover_enabled=&#8221;on|hover&#8221; menu_font_size__hover=&#8221;18px&#8221; sticky_enabled=&#8221;0&#8243; custom_padding=&#8221;||||false|true&#8221;][\/et_pb_menu][\/et_pb_column][et_pb_column type=&#8221;3_4&#8243; specialty_columns=&#8221;3&#8243; _builder_version=&#8221;4.16&#8243; custom_padding=&#8221;|||&#8221; global_colors_info=&#8221;{}&#8221; custom_padding__hover=&#8221;|||&#8221;][et_pb_row_inner _builder_version=&#8221;4.18.0&#8243; _module_preset=&#8221;default&#8221; custom_padding=&#8221;|10px||10px|false|true&#8221; global_colors_info=&#8221;{}&#8221;][et_pb_column_inner saved_specialty_column_type=&#8221;3_4&#8243; _builder_version=&#8221;4.18.0&#8243; _module_preset=&#8221;default&#8221; global_colors_info=&#8221;{}&#8221;][et_pb_text _builder_version=&#8221;4.18.0&#8243; _module_preset=&#8221;default&#8221; text_font=&#8221;Muller Regular||||||||&#8221; text_text_color=&#8221;#333333&#8243; text_font_size=&#8221;16px&#8221; global_colors_info=&#8221;{}&#8221;]<\/p>\n<p><span style=\"font-weight: 400;\">Kimyasal ve termal olarak kararl\u0131 perfloropolieter (PFPE) \u0131s\u0131 transfer ak\u0131\u015fkanlar\u0131, a\u015f\u0131r\u0131 \u00e7al\u0131\u015fma ko\u015fullar\u0131nda performans g\u00f6stermek \u00fczere tasarlanm\u0131\u015ft\u0131r. HT \u00fcr\u00fcnlerimiz, 55 \u030aC ile 270 \u030aC aras\u0131nda de\u011fi\u015fen kaynama noktalar\u0131 ve 290 \u030aC&#8217;ye kadar son kullan\u0131m s\u0131cakl\u0131\u011f\u0131 ile inert ve dielektriktir.<\/span><span style=\"font-weight: 400;\"><br \/><\/span><\/p>\n<p>[\/et_pb_text][\/et_pb_column_inner][\/et_pb_row_inner][et_pb_row_inner module_id=&#8221;aplication-areas&#8221; module_class=&#8221;ps2id&#8221; _builder_version=&#8221;4.18.0&#8243; _module_preset=&#8221;default&#8221; background_enable_color=&#8221;off&#8221; custom_padding=&#8221;||||false|true&#8221; global_colors_info=&#8221;{}&#8221;][et_pb_column_inner saved_specialty_column_type=&#8221;3_4&#8243; _builder_version=&#8221;4.18.0&#8243; _module_preset=&#8221;default&#8221; global_colors_info=&#8221;{}&#8221;][et_pb_text _builder_version=&#8221;4.18.0&#8243; _module_preset=&#8221;default&#8221; header_2_text_color=&#8221;#083DAD&#8221; background_color=&#8221;#f7f7f7&#8243; custom_margin=&#8221;||10px||false|false&#8221; custom_padding=&#8221;25px|10px|20px|10px|false|true&#8221; global_colors_info=&#8221;{}&#8221;]<\/p>\n<h2><b>Uygulama Alanlar\u0131<\/b><\/h2>\n<p>[\/et_pb_text][et_pb_text _builder_version=&#8221;4.18.0&#8243; _module_preset=&#8221;default&#8221; text_font=&#8221;Muller Regular||||||||&#8221; text_text_color=&#8221;#333333&#8243; text_font_size=&#8221;16px&#8221; custom_padding=&#8221;|10px||10px|false|true&#8221; global_colors_info=&#8221;{}&#8221;]<\/p>\n<ul>\n<li style=\"font-weight: 400;\" aria-level=\"1\"><span style=\"font-weight: 400;\">Kimyasal \u00fcretim<\/span><\/li>\n<li style=\"font-weight: 400;\" aria-level=\"1\"><span style=\"font-weight: 400;\">Hesaplama so\u011futmas\u0131  <\/span><\/li>\n<li style=\"font-weight: 400;\" aria-level=\"1\"><span style=\"font-weight: 400;\">\u0130la\u00e7 \u00fcretimi<\/span><\/li>\n<li style=\"font-weight: 400;\" aria-level=\"1\"><span style=\"font-weight: 400;\">Devridaim so\u011futucular\u0131<\/span><\/li>\n<li style=\"font-weight: 400;\" aria-level=\"1\"><span style=\"font-weight: 400;\">Transformat\u00f6r so\u011futma<\/span><\/li>\n<li style=\"font-weight: 400;\" aria-level=\"1\"><span style=\"font-weight: 400;\">Yar\u0131 iletken \u00fcretimi<\/span><\/li>\n<li style=\"font-weight: 400;\" aria-level=\"1\"><span style=\"font-weight: 400;\">Buhar faz\u0131nda \u0131s\u0131tma<\/span><span style=\"font-weight: 400;\"><\/span><\/li>\n<\/ul>\n<p>[\/et_pb_text][\/et_pb_column_inner][\/et_pb_row_inner][et_pb_row_inner module_id=&#8221;properties&#8221; module_class=&#8221;ps2id&#8221; _builder_version=&#8221;4.18.0&#8243; _module_preset=&#8221;default&#8221; background_enable_color=&#8221;off&#8221; custom_padding=&#8221;||||false|true&#8221; global_colors_info=&#8221;{}&#8221;][et_pb_column_inner saved_specialty_column_type=&#8221;3_4&#8243; _builder_version=&#8221;4.18.0&#8243; _module_preset=&#8221;default&#8221; global_colors_info=&#8221;{}&#8221;][et_pb_text _builder_version=&#8221;4.18.0&#8243; _module_preset=&#8221;default&#8221; header_2_text_color=&#8221;#083DAD&#8221; background_color=&#8221;#f7f7f7&#8243; custom_margin=&#8221;||10px||false|false&#8221; custom_padding=&#8221;25px|10px|20px|10px|false|true&#8221; global_colors_info=&#8221;{}&#8221;]<\/p>\n<h2><b>\u00d6zellikleri ve Kullan\u0131m Faydalar\u0131<br \/><\/b><\/h2>\n<p>[\/et_pb_text][et_pb_text _builder_version=&#8221;4.18.0&#8243; _module_preset=&#8221;default&#8221; text_font=&#8221;Muller Regular||||||||&#8221; text_text_color=&#8221;#333333&#8243; text_font_size=&#8221;16px&#8221; custom_padding=&#8221;|10px||10px|false|true&#8221; global_colors_info=&#8221;{}&#8221;]<\/p>\n<ul>\n<li style=\"font-weight: 400;\" aria-level=\"1\"><span style=\"font-weight: 400;\">D\u00fc\u015f\u00fck akma noktalar\u0131 ve viskozite ile birlikte 270 \u030aC&#8217;ye kadar kaynama noktalar\u0131, buharla\u015fma kay\u0131plar\u0131n\u0131n azalt\u0131lmas\u0131n\u0131 sa\u011flar.  <\/span><\/li>\n<li style=\"font-weight: 400;\" aria-level=\"1\"><span style=\"font-weight: 400;\">Toksisite, yan\u0131c\u0131l\u0131k veya patlama tehlikesi yoktur.<\/span><\/li>\n<li style=\"font-weight: 400;\" aria-level=\"1\"><span style=\"font-weight: 400;\">A\u015f\u0131r\u0131 s\u0131cakl\u0131klarda daha fazla g\u00fcvenlik i\u00e7in parlama, yang\u0131n veya otomatik tutu\u015fma noktas\u0131 yoktur.  <\/span><\/li>\n<li style=\"font-weight: 400;\" aria-level=\"1\"><span style=\"font-weight: 400;\">Korozyon, bozulma veya ayr\u0131\u015fma kal\u0131nt\u0131lar\u0131 olmadan geni\u015f malzeme uyumlulu\u011fu.  <\/span><\/li>\n<li style=\"font-weight: 400;\" aria-level=\"1\"><span style=\"font-weight: 400;\">Termal transferi ve performans\u0131 optimize etmek i\u00e7in \u00e7ok \u00e7e\u015fitli s\u0131cakl\u0131k dereceleri.  <\/span><\/li>\n<\/ul>\n<p>[\/et_pb_text][\/et_pb_column_inner][\/et_pb_row_inner][et_pb_row_inner module_id=&#8221;product&#8221; module_class=&#8221;ps2id&#8221; _builder_version=&#8221;4.18.0&#8243; _module_preset=&#8221;default&#8221; background_enable_color=&#8221;off&#8221; custom_padding=&#8221;||||false|true&#8221; global_colors_info=&#8221;{}&#8221;][et_pb_column_inner saved_specialty_column_type=&#8221;3_4&#8243; _builder_version=&#8221;4.18.0&#8243; _module_preset=&#8221;default&#8221; global_colors_info=&#8221;{}&#8221;][et_pb_text _builder_version=&#8221;4.18.0&#8243; _module_preset=&#8221;default&#8221; header_2_text_color=&#8221;#083DAD&#8221; background_color=&#8221;#f7f7f7&#8243; custom_margin=&#8221;||10px||false|false&#8221; custom_padding=&#8221;25px|10px|20px|10px|false|true&#8221; global_colors_info=&#8221;{}&#8221;]<\/p>\n<h2><b>\u00dcr\u00fcn Detaylar\u0131<br \/><\/b><\/h2>\n<p>[\/et_pb_text][et_pb_image src=&#8221;http:\/\/www.tyrellchemical.com\/wp-content\/uploads\/2022\/10\/product-detail-ht-480&#215;338-1.jpg&#8221; title_text=&#8221;product-detail-ht-480&#215;338&#8243; show_in_lightbox=&#8221;on&#8221; align=&#8221;center&#8221; _builder_version=&#8221;4.18.0&#8243; _module_preset=&#8221;default&#8221; background_color=&#8221;#FFFFFF&#8221; custom_margin=&#8221;||||false|false&#8221; custom_padding=&#8221;20px||||false|false&#8221; global_colors_info=&#8221;{}&#8221;][\/et_pb_image][et_pb_image src=&#8221;http:\/\/www.tyrellchemical.com\/wp-content\/uploads\/2022\/10\/cuadro-ht.jpg&#8221; title_text=&#8221;cuadro-ht&#8221; show_in_lightbox=&#8221;on&#8221; align=&#8221;center&#8221; _builder_version=&#8221;4.18.0&#8243; _module_preset=&#8221;default&#8221; background_color=&#8221;#FFFFFF&#8221; custom_margin=&#8221;||||false|false&#8221; custom_padding=&#8221;||||false|false&#8221; global_colors_info=&#8221;{}&#8221;][\/et_pb_image][\/et_pb_column_inner][\/et_pb_row_inner][et_pb_row_inner module_id=&#8221;material&#8221; module_class=&#8221;ps2id&#8221; _builder_version=&#8221;4.18.0&#8243; _module_preset=&#8221;default&#8221; background_enable_color=&#8221;off&#8221; custom_padding=&#8221;0px||||false|true&#8221; global_colors_info=&#8221;{}&#8221;][et_pb_column_inner saved_specialty_column_type=&#8221;3_4&#8243; _builder_version=&#8221;4.18.0&#8243; _module_preset=&#8221;default&#8221; global_colors_info=&#8221;{}&#8221;][et_pb_text _builder_version=&#8221;4.18.0&#8243; _module_preset=&#8221;default&#8221; header_2_text_color=&#8221;#083DAD&#8221; background_color=&#8221;#f7f7f7&#8243; custom_margin=&#8221;||10px||false|false&#8221; custom_padding=&#8221;25px|10px|20px|10px|false|true&#8221; global_colors_info=&#8221;{}&#8221;]<\/p>\n<h2><b>Malzeme Uyumlulu\u011fu<\/b><\/h2>\n<p>[\/et_pb_text][et_pb_text _builder_version=&#8221;4.18.0&#8243; _module_preset=&#8221;default&#8221; text_font=&#8221;Muller Regular||||||||&#8221; text_text_color=&#8221;#333333&#8243; text_font_size=&#8221;16px&#8221; custom_padding=&#8221;|10px||10px|false|true&#8221; global_colors_info=&#8221;{}&#8221;]<\/p>\n<p><b>Metaller:<\/b><span style=\"font-weight: 400;\"> Bak\u0131r, pirin\u00e7, demir, nikel, paslanmaz \u00e7elik, al\u00fcminyum, bronz ve AISI 316.<\/span><span style=\"font-weight: 400;\"><br \/>\n  <br \/>\n<\/span><b>Plastikler:<\/b> <span style=\"font-weight: 400;\">Polikarbonat, polipropilen, ABS kopolimer, polifeniloksit, PE d\u00fc\u015f\u00fck yo\u011funluklu, PET, POM, PTFE, PVC, PMMA.<\/span><\/p>\n<p><b>Elastomerler:<\/b><span style=\"font-weight: 400;\"> Do\u011fal kau\u00e7uk, silikon kau\u00e7uk, b\u00fctil kau\u00e7uk, florisilikon, NRB ve EPDM. <\/span> <\/p>\n<p><i><span style=\"font-weight: 400;\">*Neredeyse t\u00fcm conta ve ke\u00e7elerle uyumlulu\u011fu sa\u011flamak i\u00e7in hidrokarbon bazl\u0131 plastikle\u015ftiricilerle g\u00fcvenlidir  <\/span><\/i><\/p>\n<p>[\/et_pb_text][\/et_pb_column_inner][\/et_pb_row_inner][et_pb_row_inner module_id=&#8221;safety&#8221; module_class=&#8221;ps2id&#8221; _builder_version=&#8221;4.18.0&#8243; _module_preset=&#8221;default&#8221; background_enable_color=&#8221;off&#8221; custom_padding=&#8221;0px||||false|true&#8221; global_colors_info=&#8221;{}&#8221;][et_pb_column_inner saved_specialty_column_type=&#8221;3_4&#8243; _builder_version=&#8221;4.18.0&#8243; _module_preset=&#8221;default&#8221; global_colors_info=&#8221;{}&#8221;][et_pb_text _builder_version=&#8221;4.18.0&#8243; _module_preset=&#8221;default&#8221; header_2_text_color=&#8221;#083DAD&#8221; background_color=&#8221;#f7f7f7&#8243; custom_margin=&#8221;||10px||false|false&#8221; custom_padding=&#8221;25px|10px|20px|10px|false|true&#8221; global_colors_info=&#8221;{}&#8221;]<\/p>\n<h2><b>G\u00fcvenlik Profili<\/b><\/h2>\n<p>[\/et_pb_text][et_pb_text _builder_version=&#8221;4.18.0&#8243; _module_preset=&#8221;default&#8221; text_font=&#8221;Muller Regular||||||||&#8221; text_text_color=&#8221;#333333&#8243; text_font_size=&#8221;16px&#8221; custom_padding=&#8221;|10px||10px|false|true&#8221; global_colors_info=&#8221;{}&#8221;]<\/p>\n<p><span style=\"font-weight: 400;\">\u0130\u015f\u00e7i g\u00fcvenli\u011fi temel kayg\u0131lar\u0131m\u0131zdan biridir. HT s\u0131v\u0131lar\u0131 inert, a\u015f\u0131nd\u0131r\u0131c\u0131 olmayan, yan\u0131c\u0131 ve toksik olmad\u0131klar\u0131 i\u00e7in kullan\u0131m\u0131 g\u00fcvenlidir. HT s\u0131v\u0131lar\u0131n\u0131n parlama, yang\u0131n veya otomatik tutu\u015fma noktalar\u0131 yoktur.<\/span><span style=\"font-weight: 400;\"><br \/><\/span><\/p>\n<p><span style=\"font-weight: 400;\">Teknik Veri Sayfalar\u0131na Ba\u011flant\u0131lar:<\/span><\/p>\n<p>[\/et_pb_text][\/et_pb_column_inner][\/et_pb_row_inner][et_pb_row_inner module_id=&#8221;safety&#8221; module_class=&#8221;ps2id&#8221; _builder_version=&#8221;4.19.0&#8243; _module_preset=&#8221;default&#8221; background_enable_color=&#8221;off&#8221; custom_padding=&#8221;0px||||false|true&#8221; hover_enabled=&#8221;0&#8243; global_colors_info=&#8221;{}&#8221; sticky_enabled=&#8221;0&#8243;][et_pb_column_inner saved_specialty_column_type=&#8221;3_4&#8243; _builder_version=&#8221;4.19.0&#8243; _module_preset=&#8221;default&#8221; hover_enabled=&#8221;0&#8243; global_colors_info=&#8221;{}&#8221; custom_css_main_element=&#8221;display:flex!important;||width:100%!important;||flex-wrap:wrap&#8221; sticky_enabled=&#8221;0&#8243;][et_pb_button button_url=&#8221;http:\/\/www.tyrellchemical.com\/wp-content\/uploads\/2022\/10\/TM-HT-55.pdf&#8221; url_new_window=&#8221;on&#8221; button_text=&#8221;TM-HT-55  &#8221; _builder_version=&#8221;4.19.0&#8243; _module_preset=&#8221;default&#8221; custom_button=&#8221;on&#8221; button_text_size=&#8221;16px&#8221; button_text_color=&#8221;#FFFFFF&#8221; button_bg_color=&#8221;#083DAD&#8221; button_border_radius=&#8221;5px&#8221; button_font=&#8221;Muller Bold|700|||||||&#8221; button_icon=&#8221;&#x24;||divi||400&#8243; custom_margin=&#8221;||15px||false|false&#8221; custom_padding=&#8221;10px|28px|||false|false&#8221; hover_enabled=&#8221;0&#8243; global_colors_info=&#8221;{}&#8221; sticky_enabled=&#8221;0&#8243;][\/et_pb_button][et_pb_button button_url=&#8221;http:\/\/www.tyrellchemical.com\/wp-content\/uploads\/2022\/10\/TM-HT-70.pdf&#8221; url_new_window=&#8221;on&#8221; button_text=&#8221;TM-HT-70&#8243; _builder_version=&#8221;4.18.0&#8243; _module_preset=&#8221;default&#8221; custom_button=&#8221;on&#8221; button_text_size=&#8221;16px&#8221; button_text_color=&#8221;#FFFFFF&#8221; button_bg_color=&#8221;#083DAD&#8221; button_border_radius=&#8221;5px&#8221; button_font=&#8221;Muller Bold|700|||||||&#8221; button_icon=&#8221;&#x24;||divi||400&#8243; custom_margin=&#8221;||15px||false|false&#8221; custom_padding=&#8221;10px|27px|||false|false&#8221; hover_enabled=&#8221;0&#8243; global_colors_info=&#8221;{}&#8221; sticky_enabled=&#8221;0&#8243;][\/et_pb_button][et_pb_button button_url=&#8221;http:\/\/www.tyrellchemical.com\/wp-content\/uploads\/2022\/10\/TM-HT-80.pdf&#8221; url_new_window=&#8221;on&#8221; button_text=&#8221;TM-HT-80&#8243; _builder_version=&#8221;4.18.0&#8243; _module_preset=&#8221;default&#8221; custom_button=&#8221;on&#8221; button_text_size=&#8221;16px&#8221; button_text_color=&#8221;#FFFFFF&#8221; button_bg_color=&#8221;#083DAD&#8221; button_border_radius=&#8221;5px&#8221; button_font=&#8221;Muller Bold|700|||||||&#8221; button_icon=&#8221;&#x24;||divi||400&#8243; custom_margin=&#8221;||15px||false|false&#8221; custom_padding=&#8221;10px|25px|||false|false&#8221; global_colors_info=&#8221;{}&#8221;][\/et_pb_button][et_pb_button button_url=&#8221;http:\/\/www.tyrellchemical.com\/wp-content\/uploads\/2022\/10\/TM-HT-110.pdf&#8221; url_new_window=&#8221;on&#8221; button_text=&#8221;TM-HT-110&#8243; _builder_version=&#8221;4.18.0&#8243; _module_preset=&#8221;default&#8221; custom_button=&#8221;on&#8221; button_text_size=&#8221;16px&#8221; button_text_color=&#8221;#FFFFFF&#8221; button_bg_color=&#8221;#083DAD&#8221; button_border_radius=&#8221;5px&#8221; button_font=&#8221;Muller Bold|700|||||||&#8221; button_icon=&#8221;&#x24;||divi||400&#8243; custom_margin=&#8221;||15px||false|false&#8221; custom_padding=&#8221;10px|22px|||false|false&#8221; global_colors_info=&#8221;{}&#8221;][\/et_pb_button][et_pb_button button_url=&#8221;http:\/\/www.tyrellchemical.com\/wp-content\/uploads\/2022\/10\/TM-HT-135.pdf&#8221; url_new_window=&#8221;on&#8221; button_text=&#8221;TM-HT-135&#8243; _builder_version=&#8221;4.19.0&#8243; _module_preset=&#8221;default&#8221; custom_button=&#8221;on&#8221; button_text_size=&#8221;16px&#8221; button_text_color=&#8221;#FFFFFF&#8221; button_bg_color=&#8221;#083DAD&#8221; button_border_radius=&#8221;5px&#8221; button_font=&#8221;Muller Bold|700|||||||&#8221; button_icon=&#8221;&#x24;||divi||400&#8243; custom_margin=&#8221;||15px||false|false&#8221; custom_padding=&#8221;10px|22px|||false|false&#8221; hover_enabled=&#8221;0&#8243; global_colors_info=&#8221;{}&#8221; sticky_enabled=&#8221;0&#8243;][\/et_pb_button][et_pb_button button_url=&#8221;http:\/\/www.tyrellchemical.com\/wp-content\/uploads\/2022\/10\/TM-HT-170.pdf&#8221; url_new_window=&#8221;on&#8221; button_text=&#8221;TM-HT-170&#8243; _builder_version=&#8221;4.19.0&#8243; _module_preset=&#8221;default&#8221; custom_button=&#8221;on&#8221; button_text_size=&#8221;16px&#8221; button_text_color=&#8221;#FFFFFF&#8221; button_bg_color=&#8221;#083DAD&#8221; button_border_radius=&#8221;5px&#8221; button_font=&#8221;Muller Bold|700|||||||&#8221; button_icon=&#8221;&#x24;||divi||400&#8243; custom_margin=&#8221;||15px||false|false&#8221; custom_padding=&#8221;10px|22px|||false|false&#8221; hover_enabled=&#8221;0&#8243; global_colors_info=&#8221;{}&#8221; sticky_enabled=&#8221;0&#8243;][\/et_pb_button][et_pb_button button_url=&#8221;http:\/\/www.tyrellchemical.com\/wp-content\/uploads\/2022\/10\/TM-HT-200.pdf&#8221; url_new_window=&#8221;on&#8221; button_text=&#8221;TM-HT-200&#8243; _builder_version=&#8221;4.19.0&#8243; _module_preset=&#8221;default&#8221; custom_button=&#8221;on&#8221; button_text_size=&#8221;16px&#8221; button_text_color=&#8221;#FFFFFF&#8221; button_bg_color=&#8221;#083DAD&#8221; button_border_radius=&#8221;5px&#8221; button_font=&#8221;Muller Bold|700|||||||&#8221; button_icon=&#8221;&#x24;||divi||400&#8243; custom_margin=&#8221;||15px||false|false&#8221; custom_padding=&#8221;10px||||false|false&#8221; hover_enabled=&#8221;0&#8243; global_colors_info=&#8221;{}&#8221; sticky_enabled=&#8221;0&#8243;][\/et_pb_button][et_pb_button button_url=&#8221;http:\/\/www.tyrellchemical.com\/wp-content\/uploads\/2022\/10\/TM-HT-230.pdf&#8221; url_new_window=&#8221;on&#8221; button_text=&#8221;TM-HT-230&#8243; _builder_version=&#8221;4.19.0&#8243; _module_preset=&#8221;default&#8221; custom_button=&#8221;on&#8221; button_text_size=&#8221;16px&#8221; button_text_color=&#8221;#FFFFFF&#8221; button_bg_color=&#8221;#083DAD&#8221; button_border_radius=&#8221;5px&#8221; button_font=&#8221;Muller Bold|700|||||||&#8221; button_icon=&#8221;&#x24;||divi||400&#8243; custom_margin=&#8221;||15px||false|false&#8221; custom_padding=&#8221;10px||||false|false&#8221; hover_enabled=&#8221;0&#8243; global_colors_info=&#8221;{}&#8221; sticky_enabled=&#8221;0&#8243;][\/et_pb_button][et_pb_button button_url=&#8221;http:\/\/www.tyrellchemical.com\/wp-content\/uploads\/2022\/10\/TM-HT-270.pdf&#8221; url_new_window=&#8221;on&#8221; button_text=&#8221;TM-HT-270&#8243; _builder_version=&#8221;4.19.0&#8243; _module_preset=&#8221;default&#8221; custom_button=&#8221;on&#8221; button_text_size=&#8221;16px&#8221; button_text_color=&#8221;#FFFFFF&#8221; button_bg_color=&#8221;#083DAD&#8221; button_border_radius=&#8221;5px&#8221; button_font=&#8221;Muller Bold|700|||||||&#8221; button_icon=&#8221;&#x24;||divi||400&#8243; custom_margin=&#8221;||15px||false|false&#8221; custom_padding=&#8221;10px||||false|false&#8221; hover_enabled=&#8221;0&#8243; global_colors_info=&#8221;{}&#8221; sticky_enabled=&#8221;0&#8243;][\/et_pb_button][\/et_pb_column_inner][\/et_pb_row_inner][\/et_pb_column][\/et_pb_section]<\/p>\n","protected":false},"excerpt":{"rendered":"<p>HT Is\u0131 Transfer Ak\u0131\u015fkanlar\u0131Kimyasal ve termal olarak kararl\u0131 perfloropolieter (PFPE) \u0131s\u0131 transfer ak\u0131\u015fkanlar\u0131, a\u015f\u0131r\u0131 \u00e7al\u0131\u015fma ko\u015fullar\u0131nda performans g\u00f6stermek \u00fczere tasarlanm\u0131\u015ft\u0131r. HT \u00fcr\u00fcnlerimiz, 55 \u030aC ile 270 \u030aC aras\u0131nda de\u011fi\u015fen kaynama noktalar\u0131 ve 290 \u030aC&#8217;ye kadar son kullan\u0131m s\u0131cakl\u0131\u011f\u0131 ile inert ve dielektriktir.Uygulama Alanlar\u0131 Kimyasal \u00fcretim Hesaplama so\u011futmas\u0131 \u0130la\u00e7 \u00fcretimi Devridaim so\u011futucular\u0131 Transformat\u00f6r so\u011futma Yar\u0131 iletken [&hellip;]<\/p>\n","protected":false},"author":1,"featured_media":0,"parent":0,"menu_order":0,"comment_status":"closed","ping_status":"closed","template":"","meta":{"_et_pb_use_builder":"on","_et_pb_old_content":"","_et_gb_content_width":"","footnotes":""},"class_list":["post-1839","page","type-page","status-publish","hentry"],"_links":{"self":[{"href":"https:\/\/www.tyrellchemical.com\/tr\/wp-json\/wp\/v2\/pages\/1839"}],"collection":[{"href":"https:\/\/www.tyrellchemical.com\/tr\/wp-json\/wp\/v2\/pages"}],"about":[{"href":"https:\/\/www.tyrellchemical.com\/tr\/wp-json\/wp\/v2\/types\/page"}],"author":[{"embeddable":true,"href":"https:\/\/www.tyrellchemical.com\/tr\/wp-json\/wp\/v2\/users\/1"}],"replies":[{"embeddable":true,"href":"https:\/\/www.tyrellchemical.com\/tr\/wp-json\/wp\/v2\/comments?post=1839"}],"version-history":[{"count":9,"href":"https:\/\/www.tyrellchemical.com\/tr\/wp-json\/wp\/v2\/pages\/1839\/revisions"}],"predecessor-version":[{"id":1976,"href":"https:\/\/www.tyrellchemical.com\/tr\/wp-json\/wp\/v2\/pages\/1839\/revisions\/1976"}],"wp:attachment":[{"href":"https:\/\/www.tyrellchemical.com\/tr\/wp-json\/wp\/v2\/media?parent=1839"}],"curies":[{"name":"wp","href":"https:\/\/api.w.org\/{rel}","templated":true}]}}