{"id":1959,"date":"2022-09-30T06:39:08","date_gmt":"2022-09-30T06:39:08","guid":{"rendered":"http:\/\/www.tyrellchemical.com\/htf-isi-transfer-sivilari\/"},"modified":"2022-11-24T21:38:33","modified_gmt":"2022-11-24T21:38:33","slug":"htf-isi-transfer-sivilari","status":"publish","type":"page","link":"https:\/\/www.tyrellchemical.com\/tr\/htf-isi-transfer-sivilari\/","title":{"rendered":"HTF Is\u0131 Transfer S\u0131v\u0131lar\u0131"},"content":{"rendered":"<p>[et_pb_section fb_built=&#8221;1&#8243; _builder_version=&#8221;4.18.0&#8243; _module_preset=&#8221;default&#8221; background_color=&#8221;#FFFFFF&#8221; background_image=&#8221;http:\/\/www.tyrellchemical.com\/wp-content\/uploads\/2022\/10\/img-e1664700739234.jpg&#8221; background_size=&#8221;custom&#8221; background_image_width=&#8221;50%&#8221; background_position=&#8221;center_right&#8221; min_height=&#8221;50vh&#8221; min_height_tablet=&#8221;50vh&#8221; min_height_phone=&#8221;20vh&#8221; min_height_last_edited=&#8221;on|phone&#8221; background_last_edited=&#8221;on|phone&#8221; background_image_width_tablet=&#8221;40%&#8221; background_image_width_phone=&#8221;45%&#8221; background_position_phone=&#8221;top_right&#8221; background_horizontal_offset_phone=&#8221;0%&#8221; module_alignment_tablet=&#8221;&#8221; module_alignment_phone=&#8221;&#8221; module_alignment_last_edited=&#8221;on|tablet&#8221; custom_css_main_element=&#8221;display:flex;||margin:auto;&#8221; locked=&#8221;off&#8221; global_colors_info=&#8221;{}&#8221;][et_pb_row _builder_version=&#8221;4.18.0&#8243; _module_preset=&#8221;default&#8221; width=&#8221;90%&#8221; max_width=&#8221;2560px&#8221; global_colors_info=&#8221;{}&#8221;][et_pb_column type=&#8221;4_4&#8243; _builder_version=&#8221;4.18.0&#8243; _module_preset=&#8221;default&#8221; global_colors_info=&#8221;{}&#8221;][et_pb_text content_tablet=&#8221;<\/p>\n<h2><b><span style=%22color: #25b2ee;%22>HTF<\/span> Is\u0131  <br \/>Transfer S\u0131v\u0131lar\u0131<\/b><\/h2>\n<p>&#8221; content_phone=&#8221;<\/p>\n<h2><b><span style=%22color: #25b2ee;%22>HTF <\/span>Is\u0131  <br \/>Transfer S\u0131v\u0131lar\u0131<\/b><\/h2>\n<p>&#8221; content_last_edited=&#8221;on|phone&#8221; _builder_version=&#8221;4.18.0&#8243; _module_preset=&#8221;default&#8221; header_2_font=&#8221;Muller Bold|700|||||||&#8221; header_2_text_color=&#8221;#083DAD&#8221; header_2_font_size=&#8221;52px&#8221; animation_style=&#8221;slide&#8221; animation_direction=&#8221;bottom&#8221; header_2_font_size_tablet=&#8221;52px&#8221; header_2_font_size_phone=&#8221;40px&#8221; header_2_font_size_last_edited=&#8221;on|tablet&#8221; global_colors_info=&#8221;{}&#8221;]<\/p>\n<h2><b><span style=\"color: #25b2ee;\">HTF<\/span> Is\u0131 Transfer S\u0131v\u0131lar\u0131<\/b><\/h2>\n<p>[\/et_pb_text][\/et_pb_column][\/et_pb_row][\/et_pb_section][et_pb_section fb_built=&#8221;1&#8243; specialty=&#8221;on&#8221; custom_css_main_1=&#8221;width:20%!important&#8221; custom_css_main_2=&#8221;width:70%!important&#8221; module_class=&#8221;ht&#8221; _builder_version=&#8221;4.18.0&#8243; _module_preset=&#8221;default&#8221; custom_margin=&#8221;||50px||false|false&#8221; custom_margin_tablet=&#8221;||50px||false|false&#8221; custom_margin_phone=&#8221;||50px||false|false&#8221; custom_margin_last_edited=&#8221;on|tablet&#8221; custom_padding=&#8221;0px||0px||false|false&#8221; global_colors_info=&#8221;{}&#8221;][et_pb_column type=&#8221;1_4&#8243; _builder_version=&#8221;4.16&#8243; custom_padding=&#8221;|||&#8221; global_colors_info=&#8221;{}&#8221; custom_padding__hover=&#8221;|||&#8221;][et_pb_menu menu_id=&#8221;5&#8243; active_link_color=&#8221;#FFFFFF&#8221; disabled_on=&#8221;on|on|off&#8221; module_class=&#8221;pa-vertical-menu &#8221; _builder_version=&#8221;4.19.0&#8243; _module_preset=&#8221;default&#8221; menu_font=&#8221;Muller Bold|700|||||||&#8221; menu_text_color=&#8221;#000000&#8243; menu_font_size=&#8221;12px&#8221; menu_line_height=&#8221;18px&#8221; background_color=&#8221;rgba(255,255,255,0)&#8221; sticky_position=&#8221;top&#8221; sticky_limit_bottom=&#8221;section&#8221; hover_enabled=&#8221;0&#8243; global_colors_info=&#8221;{}&#8221; active_link_color__hover_enabled=&#8221;on|desktop&#8221; active_link_color__hover=&#8221;#FFFFFF&#8221; menu_text_color__hover_enabled=&#8221;on|hover&#8221; menu_text_color__hover=&#8221;#FFFFFF&#8221; menu_font_size__hover_enabled=&#8221;on|hover&#8221; menu_font_size__hover=&#8221;18px&#8221; sticky_enabled=&#8221;0&#8243;][\/et_pb_menu][\/et_pb_column][et_pb_column type=&#8221;3_4&#8243; specialty_columns=&#8221;3&#8243; _builder_version=&#8221;4.16&#8243; custom_padding=&#8221;|||&#8221; global_colors_info=&#8221;{}&#8221; custom_padding__hover=&#8221;|||&#8221;][et_pb_row_inner _builder_version=&#8221;4.18.0&#8243; _module_preset=&#8221;default&#8221; custom_padding=&#8221;|10px||10px|false|true&#8221; global_colors_info=&#8221;{}&#8221;][et_pb_column_inner saved_specialty_column_type=&#8221;3_4&#8243; _builder_version=&#8221;4.18.0&#8243; _module_preset=&#8221;default&#8221; global_colors_info=&#8221;{}&#8221;][et_pb_text _builder_version=&#8221;4.18.0&#8243; _module_preset=&#8221;default&#8221; text_font=&#8221;Muller Regular||||||||&#8221; text_text_color=&#8221;#333333&#8243; text_font_size=&#8221;16px&#8221; global_colors_info=&#8221;{}&#8221;]<\/p>\n<p><span style=\"font-weight: 400;\">Ola\u011fan\u00fcst\u00fc dielektrik dayan\u0131ma sahip inert, dielektrik perflorokarbon (PFC) \u0131s\u0131 transfer s\u0131v\u0131s\u0131. Geni\u015f kaynama ve akma noktas\u0131 aral\u0131klar\u0131, d\u00fc\u015f\u00fck viskozite ve dar toksisite profili ile birlikte geni\u015f bir kullan\u0131m yelpazesine olanak sa\u011flar. Alev almaz, iletken de\u011fildir ve a\u015f\u0131nd\u0131r\u0131c\u0131 de\u011fildir.  <\/span><\/p>\n<p>[\/et_pb_text][\/et_pb_column_inner][\/et_pb_row_inner][et_pb_row_inner module_id=&#8221;aplication-areas&#8221; module_class=&#8221;ps2id&#8221; _builder_version=&#8221;4.18.0&#8243; _module_preset=&#8221;default&#8221; background_enable_color=&#8221;off&#8221; custom_padding=&#8221;||||false|true&#8221; global_colors_info=&#8221;{}&#8221;][et_pb_column_inner saved_specialty_column_type=&#8221;3_4&#8243; _builder_version=&#8221;4.18.0&#8243; _module_preset=&#8221;default&#8221; global_colors_info=&#8221;{}&#8221;][et_pb_text _builder_version=&#8221;4.18.0&#8243; _module_preset=&#8221;default&#8221; header_2_text_color=&#8221;#083DAD&#8221; background_color=&#8221;#f7f7f7&#8243; custom_margin=&#8221;||10px||false|false&#8221; custom_padding=&#8221;25px|10px|20px|10px|false|true&#8221; global_colors_info=&#8221;{}&#8221;]<\/p>\n<h2><b>Uygulama Alanlar\u0131<\/b><\/h2>\n<p>[\/et_pb_text][et_pb_text _builder_version=&#8221;4.18.0&#8243; _module_preset=&#8221;default&#8221; text_font=&#8221;Muller Regular||||||||&#8221; text_text_color=&#8221;#333333&#8243; text_font_size=&#8221;16px&#8221; custom_padding=&#8221;|10px||10px|false|true&#8221; global_colors_info=&#8221;{}&#8221;]<\/p>\n<ul>\n<li><span style=\"font-weight: 400;\">Havac\u0131l\u0131k ve askeri elektronik<\/span><\/li>\n<li style=\"font-weight: 400;\" aria-level=\"1\"><span style=\"font-weight: 400;\">Kimyasal \u00fcretim<\/span><\/li>\n<li style=\"font-weight: 400;\" aria-level=\"1\"><span style=\"font-weight: 400;\">\u0130la\u00e7 \u00fcretimi<\/span><\/li>\n<li style=\"font-weight: 400;\" aria-level=\"1\"><span style=\"font-weight: 400;\">Yar\u0131 iletken \u00fcretimi<\/span><\/li>\n<li style=\"font-weight: 400;\" aria-level=\"1\"><span style=\"font-weight: 400;\">S\u00fcper Hesaplama<\/span><span style=\"font-weight: 400;\"><\/span><\/li>\n<\/ul>\n<p>[\/et_pb_text][\/et_pb_column_inner][\/et_pb_row_inner][et_pb_row_inner module_id=&#8221;properties&#8221; module_class=&#8221;ps2id&#8221; _builder_version=&#8221;4.18.0&#8243; _module_preset=&#8221;default&#8221; background_enable_color=&#8221;off&#8221; custom_padding=&#8221;||||false|true&#8221; global_colors_info=&#8221;{}&#8221;][et_pb_column_inner saved_specialty_column_type=&#8221;3_4&#8243; _builder_version=&#8221;4.18.0&#8243; _module_preset=&#8221;default&#8221; global_colors_info=&#8221;{}&#8221;][et_pb_text _builder_version=&#8221;4.18.0&#8243; _module_preset=&#8221;default&#8221; header_2_text_color=&#8221;#083DAD&#8221; background_color=&#8221;#f7f7f7&#8243; custom_margin=&#8221;||10px||false|false&#8221; custom_padding=&#8221;25px|10px|20px|10px|false|true&#8221; global_colors_info=&#8221;{}&#8221;]<\/p>\n<h2><b>\u00d6zellikleri ve Kullan\u0131m Faydalar\u0131<br \/><\/b><\/h2>\n<p>[\/et_pb_text][et_pb_text _builder_version=&#8221;4.18.0&#8243; _module_preset=&#8221;default&#8221; text_font=&#8221;Muller Regular||||||||&#8221; text_text_color=&#8221;#333333&#8243; text_font_size=&#8221;16px&#8221; custom_padding=&#8221;|10px||10px|false|true&#8221; global_colors_info=&#8221;{}&#8221;]<\/p>\n<ul>\n<li style=\"font-weight: 400;\" aria-level=\"1\"><span style=\"font-weight: 400;\">Metaller, plastikler ve elastomerler ile uyumludur.<\/span><\/li>\n<li style=\"font-weight: 400;\" aria-level=\"1\"><span style=\"font-weight: 400;\">D\u00fc\u015f\u00fck toksisite profili.<\/span><\/li>\n<li style=\"font-weight: 400;\" aria-level=\"1\"><span style=\"font-weight: 400;\">G\u00fcvenli \u00e7al\u0131\u015fma ko\u015fullar\u0131 i\u00e7in yan\u0131c\u0131 de\u011fildir.<\/span><\/li>\n<li style=\"font-weight: 400;\" aria-level=\"1\"><span style=\"font-weight: 400;\">Kal\u0131nt\u0131 b\u0131rakmaz ve renksizdir.<\/span><\/li>\n<li><span style=\"font-weight: 400;\">Geni\u015f \u00e7al\u0131\u015fma s\u0131cakl\u0131\u011f\u0131 ve akma noktas\u0131 aral\u0131\u011f\u0131.<\/span><span style=\"font-weight: 400;\"><\/span><\/li>\n<\/ul>\n<p>[\/et_pb_text][\/et_pb_column_inner][\/et_pb_row_inner][et_pb_row_inner module_id=&#8221;product&#8221; module_class=&#8221;ps2id&#8221; _builder_version=&#8221;4.18.0&#8243; _module_preset=&#8221;default&#8221; background_enable_color=&#8221;off&#8221; custom_padding=&#8221;||||false|true&#8221; global_colors_info=&#8221;{}&#8221;][et_pb_column_inner saved_specialty_column_type=&#8221;3_4&#8243; _builder_version=&#8221;4.18.0&#8243; _module_preset=&#8221;default&#8221; global_colors_info=&#8221;{}&#8221;][et_pb_text _builder_version=&#8221;4.18.0&#8243; _module_preset=&#8221;default&#8221; header_2_text_color=&#8221;#083DAD&#8221; background_color=&#8221;#f7f7f7&#8243; custom_margin=&#8221;||10px||false|false&#8221; custom_padding=&#8221;25px|10px|20px|10px|false|true&#8221; global_colors_info=&#8221;{}&#8221;]<\/p>\n<h2><b>\u00dcr\u00fcn Detaylar\u0131<br \/><\/b><\/h2>\n<p>[\/et_pb_text][et_pb_image src=&#8221;http:\/\/www.tyrellchemical.com\/wp-content\/uploads\/2022\/10\/product-detail-htf.jpg&#8221; title_text=&#8221;\u00fcr\u00fcn-detay-htf&#8221; show_in_lightbox=&#8221;on&#8221; align=&#8221;center&#8221; _builder_version=&#8221;4.18.0&#8243; _module_preset=&#8221;default&#8221; custom_margin=&#8221;||||false|false&#8221; custom_padding=&#8221;20px||||false|false&#8221; global_colors_info=&#8221;{}&#8221;][\/et_pb_image][et_pb_image src=&#8221;http:\/\/www.tyrellchemical.com\/wp-content\/uploads\/2022\/10\/cuadro-htf-2.jpg&#8221; title_text=&#8221;cuadro-htf-2&#8243; show_in_lightbox=&#8221;on&#8221; align=&#8221;center&#8221; _builder_version=&#8221;4.18.0&#8243; _module_preset=&#8221;default&#8221; custom_margin=&#8221;||||false|false&#8221; custom_padding=&#8221;||||false|false&#8221; global_colors_info=&#8221;{}&#8221;][\/et_pb_image][\/et_pb_column_inner][\/et_pb_row_inner][et_pb_row_inner module_id=&#8221;material&#8221; module_class=&#8221;ps2id&#8221; _builder_version=&#8221;4.18.0&#8243; _module_preset=&#8221;default&#8221; background_enable_color=&#8221;off&#8221; custom_padding=&#8221;0px||||false|true&#8221; global_colors_info=&#8221;{}&#8221;][et_pb_column_inner saved_specialty_column_type=&#8221;3_4&#8243; _builder_version=&#8221;4.18.0&#8243; _module_preset=&#8221;default&#8221; global_colors_info=&#8221;{}&#8221;][et_pb_text _builder_version=&#8221;4.18.0&#8243; _module_preset=&#8221;default&#8221; header_2_text_color=&#8221;#083DAD&#8221; background_color=&#8221;#f7f7f7&#8243; custom_margin=&#8221;||10px||false|false&#8221; custom_padding=&#8221;25px|10px|20px|10px|false|true&#8221; global_colors_info=&#8221;{}&#8221;]<\/p>\n<h2><b>Malzeme Uyumlulu\u011fu<\/b><\/h2>\n<p>[\/et_pb_text][et_pb_text _builder_version=&#8221;4.18.0&#8243; _module_preset=&#8221;default&#8221; text_font=&#8221;Muller Regular||||||||&#8221; text_text_color=&#8221;#333333&#8243; text_font_size=&#8221;16px&#8221; custom_padding=&#8221;|10px||10px|false|true&#8221; global_colors_info=&#8221;{}&#8221;]<\/p>\n<p><span style=\"font-weight: 400;\">\u00c7o\u011fu metal, plastik ve elastomer ile uyumludur.  <\/span><\/p>\n<p>[\/et_pb_text][\/et_pb_column_inner][\/et_pb_row_inner][et_pb_row_inner module_id=&#8221;safety&#8221; module_class=&#8221;ps2id&#8221; _builder_version=&#8221;4.18.0&#8243; _module_preset=&#8221;default&#8221; background_enable_color=&#8221;off&#8221; custom_padding=&#8221;0px||||false|true&#8221; global_colors_info=&#8221;{}&#8221;][et_pb_column_inner saved_specialty_column_type=&#8221;3_4&#8243; _builder_version=&#8221;4.18.0&#8243; _module_preset=&#8221;default&#8221; global_colors_info=&#8221;{}&#8221;][et_pb_text _builder_version=&#8221;4.18.0&#8243; _module_preset=&#8221;default&#8221; header_2_text_color=&#8221;#083DAD&#8221; background_color=&#8221;#f7f7f7&#8243; custom_margin=&#8221;||10px||false|false&#8221; custom_padding=&#8221;25px|10px|20px|10px|false|true&#8221; global_colors_info=&#8221;{}&#8221;]<\/p>\n<h2><b>G\u00fcvenlik Profili<\/b><\/h2>\n<p>[\/et_pb_text][et_pb_text _builder_version=&#8221;4.18.0&#8243; _module_preset=&#8221;default&#8221; text_font=&#8221;Muller Regular||||||||&#8221; text_text_color=&#8221;#333333&#8243; text_font_size=&#8221;16px&#8221; custom_padding=&#8221;|10px||10px|false|true&#8221; global_colors_info=&#8221;{}&#8221;]<\/p>\n<p><span style=\"font-weight: 400;\">HTF s\u0131v\u0131lar\u0131 cilt ve g\u00f6zler i\u00e7in tahri\u015f edici de\u011fildir ve d\u00fc\u015f\u00fck toksisite profiline sahiptir. HTF \u0131s\u0131 transfer s\u0131v\u0131lar\u0131 yan\u0131c\u0131 de\u011fildir veya depolama ve normal kullan\u0131m s\u0131ras\u0131nda termal bozulmaya duyarl\u0131 de\u011fildir.  <\/span><\/p>\n<p><span style=\"font-weight: 400;\">Teknik Veri Sayfalar\u0131na Ba\u011flant\u0131lar:<\/span><\/p>\n<p>[\/et_pb_text][\/et_pb_column_inner][\/et_pb_row_inner][et_pb_row_inner module_id=&#8221;safety&#8221; module_class=&#8221;ps2id&#8221; _builder_version=&#8221;4.19.0&#8243; _module_preset=&#8221;default&#8221; background_enable_color=&#8221;off&#8221; custom_padding=&#8221;0px||||false|true&#8221; hover_enabled=&#8221;0&#8243; global_colors_info=&#8221;{}&#8221; sticky_enabled=&#8221;0&#8243;][et_pb_column_inner saved_specialty_column_type=&#8221;3_4&#8243; _builder_version=&#8221;4.19.0&#8243; _module_preset=&#8221;default&#8221; hover_enabled=&#8221;0&#8243; global_colors_info=&#8221;{}&#8221; custom_css_main_element=&#8221;display:flex!important;||width:100%!important;||flex-wrap:wrap&#8221; sticky_enabled=&#8221;0&#8243;][et_pb_button button_url=&#8221;http:\/\/www.tyrellchemical.com\/wp-content\/uploads\/2022\/10\/TM-HTF-100.pdf&#8221; url_new_window=&#8221;on&#8221; button_text=&#8221;TM-HTF-100  &#8221; _builder_version=&#8221;4.18.0&#8243; _module_preset=&#8221;default&#8221; custom_button=&#8221;on&#8221; button_text_size=&#8221;16px&#8221; button_text_color=&#8221;#FFFFFF&#8221; button_bg_color=&#8221;#083DAD&#8221; button_border_radius=&#8221;5px&#8221; button_font=&#8221;Muller Bold|700|||||||&#8221; button_icon=&#8221;&#x24;||divi||400&#8243; custom_margin=&#8221;||15px||false|false&#8221; custom_padding=&#8221;10px||||false|false&#8221; global_colors_info=&#8221;{}&#8221;][\/et_pb_button][et_pb_button button_url=&#8221;http:\/\/www.tyrellchemical.com\/wp-content\/uploads\/2022\/10\/TM-HTF-120.pdf&#8221; url_new_window=&#8221;on&#8221; button_text=&#8221;TM-HTF-120&#8243; _builder_version=&#8221;4.18.0&#8243; _module_preset=&#8221;default&#8221; custom_button=&#8221;on&#8221; button_text_size=&#8221;16px&#8221; button_text_color=&#8221;#FFFFFF&#8221; button_bg_color=&#8221;#083DAD&#8221; button_border_radius=&#8221;5px&#8221; button_font=&#8221;Muller Bold|700|||||||&#8221; button_icon=&#8221;&#x24;||divi||400&#8243; custom_margin=&#8221;||15px||false|false&#8221; custom_padding=&#8221;10px||||false|false&#8221; global_colors_info=&#8221;{}&#8221;][\/et_pb_button][et_pb_button button_url=&#8221;http:\/\/www.tyrellchemical.com\/wp-content\/uploads\/2022\/10\/TM-HTF-165.pdf&#8221; url_new_window=&#8221;on&#8221; button_text=&#8221;TM-HTF-165&#8243; _builder_version=&#8221;4.18.0&#8243; _module_preset=&#8221;default&#8221; custom_button=&#8221;on&#8221; button_text_size=&#8221;16px&#8221; button_text_color=&#8221;#FFFFFF&#8221; button_bg_color=&#8221;#083DAD&#8221; button_border_radius=&#8221;5px&#8221; button_font=&#8221;Muller Bold|700|||||||&#8221; button_icon=&#8221;&#x24;||divi||400&#8243; custom_margin=&#8221;||15px||false|false&#8221; custom_padding=&#8221;10px||||false|false&#8221; global_colors_info=&#8221;{}&#8221;][\/et_pb_button][et_pb_button button_url=&#8221;http:\/\/www.tyrellchemical.com\/wp-content\/uploads\/2022\/10\/TM-HTF-175.pdf&#8221; url_new_window=&#8221;on&#8221; button_text=&#8221;TM-HTF-175&#8243; _builder_version=&#8221;4.18.0&#8243; _module_preset=&#8221;default&#8221; custom_button=&#8221;on&#8221; button_text_size=&#8221;16px&#8221; button_text_color=&#8221;#FFFFFF&#8221; button_bg_color=&#8221;#083DAD&#8221; button_border_radius=&#8221;5px&#8221; button_font=&#8221;Muller Bold|700|||||||&#8221; button_icon=&#8221;&#x24;||divi||400&#8243; custom_margin=&#8221;||15px||false|false&#8221; custom_padding=&#8221;10px||||false|false&#8221; global_colors_info=&#8221;{}&#8221;][\/et_pb_button][et_pb_button button_url=&#8221;http:\/\/www.tyrellchemical.com\/wp-content\/uploads\/2022\/10\/TM-HTF-215.pdf&#8221; url_new_window=&#8221;on&#8221; button_text=&#8221;TM-HTF-215&#8243; _builder_version=&#8221;4.18.0&#8243; _module_preset=&#8221;default&#8221; custom_button=&#8221;on&#8221; button_text_size=&#8221;16px&#8221; button_text_color=&#8221;#FFFFFF&#8221; button_bg_color=&#8221;#083DAD&#8221; button_border_radius=&#8221;5px&#8221; button_font=&#8221;Muller Bold|700|||||||&#8221; button_icon=&#8221;&#x24;||divi||400&#8243; custom_margin=&#8221;||15px||false|false&#8221; custom_padding=&#8221;10px||||false|false&#8221; global_colors_info=&#8221;{}&#8221;][\/et_pb_button][\/et_pb_column_inner][\/et_pb_row_inner][\/et_pb_column][\/et_pb_section]<\/p>\n","protected":false},"excerpt":{"rendered":"<p>HTF Is\u0131 Transfer S\u0131v\u0131lar\u0131Ola\u011fan\u00fcst\u00fc dielektrik dayan\u0131ma sahip inert, dielektrik perflorokarbon (PFC) \u0131s\u0131 transfer s\u0131v\u0131s\u0131. Geni\u015f kaynama ve akma noktas\u0131 aral\u0131klar\u0131, d\u00fc\u015f\u00fck viskozite ve dar toksisite profili ile birlikte geni\u015f bir kullan\u0131m yelpazesine olanak sa\u011flar. Alev almaz, iletken de\u011fildir ve a\u015f\u0131nd\u0131r\u0131c\u0131 de\u011fildir. Uygulama Alanlar\u0131 Havac\u0131l\u0131k ve askeri elektronik Kimyasal \u00fcretim \u0130la\u00e7 \u00fcretimi Yar\u0131 iletken \u00fcretimi S\u00fcper [&hellip;]<\/p>\n","protected":false},"author":1,"featured_media":0,"parent":0,"menu_order":0,"comment_status":"closed","ping_status":"closed","template":"","meta":{"_et_pb_use_builder":"on","_et_pb_old_content":"","_et_gb_content_width":"","footnotes":""},"class_list":["post-1959","page","type-page","status-publish","hentry"],"_links":{"self":[{"href":"https:\/\/www.tyrellchemical.com\/tr\/wp-json\/wp\/v2\/pages\/1959"}],"collection":[{"href":"https:\/\/www.tyrellchemical.com\/tr\/wp-json\/wp\/v2\/pages"}],"about":[{"href":"https:\/\/www.tyrellchemical.com\/tr\/wp-json\/wp\/v2\/types\/page"}],"author":[{"embeddable":true,"href":"https:\/\/www.tyrellchemical.com\/tr\/wp-json\/wp\/v2\/users\/1"}],"replies":[{"embeddable":true,"href":"https:\/\/www.tyrellchemical.com\/tr\/wp-json\/wp\/v2\/comments?post=1959"}],"version-history":[{"count":13,"href":"https:\/\/www.tyrellchemical.com\/tr\/wp-json\/wp\/v2\/pages\/1959\/revisions"}],"predecessor-version":[{"id":2618,"href":"https:\/\/www.tyrellchemical.com\/tr\/wp-json\/wp\/v2\/pages\/1959\/revisions\/2618"}],"wp:attachment":[{"href":"https:\/\/www.tyrellchemical.com\/tr\/wp-json\/wp\/v2\/media?parent=1959"}],"curies":[{"name":"wp","href":"https:\/\/api.w.org\/{rel}","templated":true}]}}