{"id":2079,"date":"2022-09-29T19:13:54","date_gmt":"2022-09-30T00:13:54","guid":{"rendered":"http:\/\/www.tyrellchemical.com\/distributorler\/"},"modified":"2025-08-22T09:25:03","modified_gmt":"2025-08-22T14:25:03","slug":"distributorler","status":"publish","type":"page","link":"https:\/\/www.tyrellchemical.com\/tr\/distributorler\/","title":{"rendered":"Distrib\u00fct\u00f6rler"},"content":{"rendered":"<p>[et_pb_section fb_built=&#8221;1&#8243; _builder_version=&#8221;4.18.0&#8243; _module_preset=&#8221;default&#8221; background_image=&#8221;https:\/\/www.tyrellchemical.com\/wp-content\/uploads\/2022\/10\/TyrellChemical_baja.jpg&#8221; background_position=&#8221;bottom_center&#8221; min_height=&#8221;80vh&#8221; custom_margin=&#8221;||0px||false|false&#8221; custom_padding=&#8221;||0px||false|false&#8221; custom_css_main_element=&#8221;display:flex;||flex-direction:column;||align-content:flex-end;||align-items:flex-end&#8221; border_color_bottom=&#8221;#FFFFFF&#8221; locked=&#8221;off&#8221; global_colors_info=&#8221;{}&#8221; custom_padding__hover_enabled=&#8221;off|desktop&#8221;][et_pb_row _builder_version=&#8221;4.18.0&#8243; _module_preset=&#8221;default&#8221; width=&#8221;90%&#8221; max_width=&#8221;2560px&#8221; global_colors_info=&#8221;{}&#8221;][et_pb_column type=&#8221;4_4&#8243; _builder_version=&#8221;4.18.0&#8243; _module_preset=&#8221;default&#8221; global_colors_info=&#8221;{}&#8221;][et_pb_text _builder_version=&#8221;4.18.0&#8243; _module_preset=&#8221;default&#8221; header_2_font=&#8221;Muller Bold|700|||||||&#8221; header_2_text_color=&#8221;#FFFFFF&#8221; header_2_font_size=&#8221;52px&#8221; custom_margin=&#8221;||20px||false|false&#8221; custom_padding=&#8221;||0px||false|false&#8221; header_2_font_size_tablet=&#8221;52px&#8221; header_2_font_size_phone=&#8221;40px&#8221; header_2_font_size_last_edited=&#8221;on|phone&#8221; locked=&#8221;off&#8221; global_colors_info=&#8221;{}&#8221;]<\/p>\n<h2><b>Distrib\u00fct\u00f6rler<\/b><\/h2>\n<p>[\/et_pb_text][\/et_pb_column][\/et_pb_row][et_pb_row custom_padding_last_edited=&#8221;on|phone&#8221; _builder_version=&#8221;4.18.0&#8243; _module_preset=&#8221;default&#8221; background_color=&#8221;#FFFFFF&#8221; width=&#8221;40%&#8221; width_tablet=&#8221;60%&#8221; width_phone=&#8221;90%&#8221; width_last_edited=&#8221;on|tablet&#8221; max_width=&#8221;2560px&#8221; module_alignment=&#8221;right&#8221; custom_margin=&#8221;||0px||false|false&#8221; custom_padding=&#8221;50px|50px|50px|50px|true|true&#8221; custom_padding_tablet=&#8221;50px|50px|50px|50px|true|true&#8221; custom_padding_phone=&#8221;30px|20px|30px|20px|true|true&#8221; global_colors_info=&#8221;{}&#8221;][et_pb_column type=&#8221;4_4&#8243; _builder_version=&#8221;4.18.0&#8243; _module_preset=&#8221;default&#8221; global_colors_info=&#8221;{}&#8221;][et_pb_text _builder_version=&#8221;4.18.0&#8243; _module_preset=&#8221;default&#8221; text_font=&#8221;Muller Regular||||||||&#8221; text_text_color=&#8221;#333333&#8243; text_font_size=&#8221;20px&#8221; header_2_font=&#8221;Muller Bold|700|||||||&#8221; header_2_text_color=&#8221;#25B2EE&#8221; header_2_font_size=&#8221;25px&#8221; header_5_font=&#8221;Muller Bold|700|||||||&#8221; header_5_text_color=&#8221;#25B2EE&#8221; header_5_font_size=&#8221;20px&#8221; text_font_size_tablet=&#8221;20px&#8221; text_font_size_phone=&#8221;18px&#8221; text_font_size_last_edited=&#8221;on|phone&#8221; locked=&#8221;off&#8221; global_colors_info=&#8221;{}&#8221;]<\/p>\n<p>Nitelikli distrib\u00fct\u00f6r a\u011f\u0131m\u0131z\u0131 desteklemekten gurur duyuyoruz. Yerle\u015fik tedarik s\u00fcre\u00e7leri olan son kullan\u0131c\u0131lar i\u00e7in \u00fcr\u00fcnlerimizi onayl\u0131 ortaklar\u0131n\u0131z arac\u0131l\u0131\u011f\u0131yla sa\u011flamaktan mutluluk duyar\u0131z. L\u00fctfen yard\u0131m i\u00e7in bize ula\u015fmaktan \u00e7ekinmeyin.<\/p>\n<p>[\/et_pb_text][\/et_pb_column][\/et_pb_row][\/et_pb_section]<\/p>\n","protected":false},"excerpt":{"rendered":"<p>Distrib\u00fct\u00f6rlerNitelikli distrib\u00fct\u00f6r a\u011f\u0131m\u0131z\u0131 desteklemekten gurur duyuyoruz. Yerle\u015fik tedarik s\u00fcre\u00e7leri olan son kullan\u0131c\u0131lar i\u00e7in \u00fcr\u00fcnlerimizi onayl\u0131 ortaklar\u0131n\u0131z arac\u0131l\u0131\u011f\u0131yla sa\u011flamaktan mutluluk duyar\u0131z. L\u00fctfen yard\u0131m i\u00e7in bize ula\u015fmaktan \u00e7ekinmeyin.<\/p>\n","protected":false},"author":1,"featured_media":0,"parent":0,"menu_order":0,"comment_status":"closed","ping_status":"closed","template":"","meta":{"_et_pb_use_builder":"on","_et_pb_old_content":"","_et_gb_content_width":"","footnotes":""},"class_list":["post-2079","page","type-page","status-publish","hentry"],"_links":{"self":[{"href":"https:\/\/www.tyrellchemical.com\/tr\/wp-json\/wp\/v2\/pages\/2079"}],"collection":[{"href":"https:\/\/www.tyrellchemical.com\/tr\/wp-json\/wp\/v2\/pages"}],"about":[{"href":"https:\/\/www.tyrellchemical.com\/tr\/wp-json\/wp\/v2\/types\/page"}],"author":[{"embeddable":true,"href":"https:\/\/www.tyrellchemical.com\/tr\/wp-json\/wp\/v2\/users\/1"}],"replies":[{"embeddable":true,"href":"https:\/\/www.tyrellchemical.com\/tr\/wp-json\/wp\/v2\/comments?post=2079"}],"version-history":[{"count":7,"href":"https:\/\/www.tyrellchemical.com\/tr\/wp-json\/wp\/v2\/pages\/2079\/revisions"}],"predecessor-version":[{"id":3357,"href":"https:\/\/www.tyrellchemical.com\/tr\/wp-json\/wp\/v2\/pages\/2079\/revisions\/3357"}],"wp:attachment":[{"href":"https:\/\/www.tyrellchemical.com\/tr\/wp-json\/wp\/v2\/media?parent=2079"}],"curies":[{"name":"wp","href":"https:\/\/api.w.org\/{rel}","templated":true}]}}